{"id":57,"date":"2016-03-27T12:27:27","date_gmt":"2016-03-27T10:27:27","guid":{"rendered":"https:\/\/selvfiks.net\/butikk\/?page_id=57"},"modified":"2023-04-15T10:34:25","modified_gmt":"2023-04-15T08:34:25","slug":"om-oss","status":"publish","type":"page","link":"https:\/\/selvfiks.net\/butikk\/om-oss\/","title":{"rendered":"Om oss"},"content":{"rendered":"<p>Vi i Selvfiks Store \u00f8nsker \u00e5 tilby v\u00e5re kunder de varene de begj\u00e6rer til de prisene de \u00f8nsker.<\/p>\n<p>Siden du skal slippe \u00e5 tenke p\u00e5 noe ekstrakostnader, s\u00e5 er alle varer inkludert frakt. Si ifra hvis du synes prisen er for h\u00f8y eller hvis varen du ser etter ikke finnes i v\u00e5rt utvalg.<\/p>\n<p>Selvfiks Store er en tjeneste som tilbys gjennom www.Selvfiks.net. Les mer om Selvfiks.net p\u00e5:\u00a0<a href=\"http:\/\/www.selvfiks.net\/om-oss\/\">http:\/\/www.selvfiks.net\/om-oss\/<\/a><\/p>\n<p><img decoding=\"async\" class=\"alignnone size-medium wp-image-738\" src=\"https:\/\/selvfiks.net\/butikk\/wp-content\/uploads\/2018\/01\/GClogo1-300x137.jpg\" alt=\"\" width=\"300\" height=\"137\" srcset=\"https:\/\/selvfiks.net\/butikk\/wp-content\/uploads\/2018\/01\/GClogo1-300x137.jpg 300w, https:\/\/selvfiks.net\/butikk\/wp-content\/uploads\/2018\/01\/GClogo1-555x254.jpg 555w, https:\/\/selvfiks.net\/butikk\/wp-content\/uploads\/2018\/01\/GClogo1-768x351.jpg 768w, https:\/\/selvfiks.net\/butikk\/wp-content\/uploads\/2018\/01\/GClogo1-1024x468.jpg 1024w, https:\/\/selvfiks.net\/butikk\/wp-content\/uploads\/2018\/01\/GClogo1-600x274.jpg 600w, https:\/\/selvfiks.net\/butikk\/wp-content\/uploads\/2018\/01\/GClogo1.jpg 1074w\" sizes=\"(max-width: 300px) 100vw, 300px\" \/><\/p>\n<p>Selvfiks Store ble fra 01.01.18 overf\u00f8rt til Gartit Creative AS.<br \/>\nGartit Creative AS bygger bl.a. nettbutikker og drifter dem.<\/p>\n<p><a href=\"https:\/\/gartitcreative.no\" target=\"_blank\" rel=\"noopener noreferrer\">For mer informasjon om Gartit Creative, trykk her.<\/a><\/p>\n<h4><strong>Betalings l\u00f8sninger:<\/strong><\/h4>\n<p><img fetchpriority=\"high\" decoding=\"async\" class=\"alignnone size-medium wp-image-6970\" src=\"https:\/\/selvfiks.net\/butikk\/wp-content\/uploads\/2020\/02\/vipps-neg-300x180.png\" alt=\"\" width=\"300\" height=\"180\" srcset=\"https:\/\/selvfiks.net\/butikk\/wp-content\/uploads\/2020\/02\/vipps-neg-300x180.png 300w, https:\/\/selvfiks.net\/butikk\/wp-content\/uploads\/2020\/02\/vipps-neg-768x460.png 768w, https:\/\/selvfiks.net\/butikk\/wp-content\/uploads\/2020\/02\/vipps-neg-555x333.png 555w, https:\/\/selvfiks.net\/butikk\/wp-content\/uploads\/2020\/02\/vipps-neg.png 1001w\" sizes=\"(max-width: 300px) 100vw, 300px\" \/><\/p>\n<p><img decoding=\"async\" class=\"alignnone size-full wp-image-6971\" src=\"https:\/\/selvfiks.net\/butikk\/wp-content\/uploads\/2020\/02\/250px-Stripe_Logo_revised_2016.svg_.png\" alt=\"\" width=\"250\" height=\"105\" \/><\/p>\n<table border=\"0\">\n<tbody>\n<tr>\n<td><img decoding=\"async\" src=\"https:\/\/www.paypalobjects.com\/webstatic\/mktg\/logo-center\/banner_pl_just_pp_319x110.jpg\" alt=\"PayPal Acceptance Mark\" border=\"0\" \/><\/td>\n<\/tr>\n<\/tbody>\n<\/table>\n<p>&nbsp;<\/p>\n<p>Du kan handle lett og trygt hos Selvfiks Store. Dette kan du fordi vi bruker en av verdens tryggeste og mest popul\u00e6re betalingsl\u00f8sninger, Vipps, Stripe og Paypal. Du velger selv hvilken du vil bruke. Hos Paypal kan du betale med VISA, Mastercard, gavekort hos Paypal eller gjennom din Paypal konto. Les mer om Paypal p\u00e5: <a href=\"https:\/\/www.paypal.com\/no\/webapps\/mpp\/paypal-popup\" target=\"_blank\" rel=\"noopener noreferrer\">https:\/\/www.paypal.com\/no\/webapps\/mpp\/paypal-popup<\/a><\/p>\n<p>Hos Stripe, s\u00e5 kan du betale med det bankkortet du m\u00e5tte \u00f8nske. VISA og Mastercard er noen av de som er st\u00f8ttet, men ogs\u00e5 Google Pay og Apple Pay.<\/p>\n<p>V\u00e5r kj\u00e6re kjente norske vipps, trenger ikke n\u00f8dvendigvis noe presentasjon. Men som du sikkert vet allerede s\u00e5 betaler du med ditt registrerte telefonnummer og Vipps appen som er tilknyttet enten en betalingskonto eller bankkort.<\/p>\n<h4><strong>Hvorfor handle hos Selvfiks Store?<\/strong><\/h4>\n<ul>\n<li>Stort utvalg!<\/li>\n<li>Vi tilbyr fri frakt p\u00e5 alle varer!<\/li>\n<li>14 dagers returrett!<\/li>\n<li>Lave og konkurransedyktige priser!<\/li>\n<\/ul>\n<h4><strong>Jeg finner ikke produktet jeg leter etter, kan jeg be Selvfiks Store skaffe det?<\/strong><\/h4>\n<p>Ja det kan du. Vi vil streve \u00e5 f\u00e5 tak i de produkter du m\u00e5tte \u00f8nske og til lavest mulig pris. Du kan ogs\u00e5 be om \u00f8nsket pris, s\u00e5 har vi et utgangspunkt vi kan forhandle med leverand\u00f8ren om.<\/p>\n<h4><strong>Hvordan g\u00e5r jeg frem for be Selvfiks Store skaffe et produkt for meg?<\/strong><\/h4>\n<p>Du tar kontakt med Selvfiks Store gjennom kontaktsiden v\u00e5r:\u00a0http:\/\/www.selvfiks.net\/nettbutikk\/kontakt-oss<\/p>\n<p><strong>\u00a0<\/strong><\/p>\n<h4><strong>Hvorfor har Selvfiks Store lave priser og fri frakt p\u00e5 alle varer?<\/strong><\/h4>\n<p><strong><br \/>\n<\/strong>Selvfiks Store har lave priser og fri frakt p\u00e5 alle varer fordi vi har forhandlet dette frem med v\u00e5re leverand\u00f8rer. Vi klarer \u00e5 holde prisene lave ogs\u00e5 fordi vi ikke har spesialisert oss p\u00e5 produkter som ikke krever noe stort fysisk varelager \u00e5 ta h\u00e5nd om.<\/p>\n<p>&nbsp;<\/p>\n<h4><strong>Hvorfor selger ikke leverand\u00f8rene direkte til kundene?<\/strong><\/h4>\n<p><strong><br \/>\n<\/strong>Leverand\u00f8rene har nok med \u00e5 h\u00e5ndtere bestillinger fra nettbutikkene som selger varene deres og det er mer l\u00f8nnsomt for dem p\u00e5 den m\u00e5ten. Hadde de begynt \u00e5 selge direkte til kundene, s\u00e5 hadde de mistet Selvfiks Store som storkunde. Det \u00e5 begynne \u00e5 f\u00f8lge opp hver kunde Selvfiks Store har er kostbart og tidkrevende, for \u00e5 ikke nevne at det vil ogs\u00e5 oppst\u00e5 spr\u00e5kproblemer. Leverand\u00f8rene m\u00e5 ogs\u00e5 markedsf\u00f8re seg selv i det spesifikke markedet de \u00f8nsker, som igjen krever tid, penger og spr\u00e5k. Dette slipper de n\u00e5r Selvfiks Store kj\u00f8per varene fra dem. Og n\u00e5r Selvfiks Store er storkunde, s\u00e5 kan man forhandle prisene ytterligere ned. Det er med andre ord en vinn-vinn situasjon for b\u00e5de deg som kunde og leverand\u00f8ren.<\/p>\n<p>Skulle leverand\u00f8rene solgt varene selv, m\u00e5tte de tatt igjen utgiftene de har hatt med tidsbruk, markedf\u00f8ring og spr\u00e5koppl\u00e6ring. Denne regningen hadde da g\u00e5tt videre til deg som kunde. Noe som betyr at varene kunne ha blitt dyrere enn det Selvfiks Store selger dem for.<\/p>\n<p>&nbsp;<\/p>\n<h4><strong>Hvordan tjener Selvfiks Store penger p\u00e5 dette?<\/strong><\/h4>\n<p>I alle v\u00e5re priser er det innbakt en fortjeneste. Dette er noe som ogs\u00e5 g\u00e5r til vedlikehold og videreutvikling av nettbutikken, opprettholde kontakt med leverand\u00f8rene, oppf\u00f8lgning av v\u00e5re kunder og kundeservice.<\/p>\n<p>&nbsp;<\/p>\n","protected":false},"excerpt":{"rendered":"<p>Vi i Selvfiks Store \u00f8nsker \u00e5 tilby v\u00e5re kunder de varene de begj\u00e6rer til de prisene de \u00f8nsker. Siden du skal slippe \u00e5 tenke p\u00e5 noe ekstrakostnader, s\u00e5 er alle varer inkludert frakt. Si ifra hvis du synes prisen er for h\u00f8y eller hvis varen du ser etter ikke finnes i v\u00e5rt utvalg. Selvfiks Store [&hellip;]<\/p>\n","protected":false},"author":1,"featured_media":0,"parent":0,"menu_order":0,"comment_status":"closed","ping_status":"closed","template":"","meta":{"_monsterinsights_skip_tracking":false,"_monsterinsights_sitenote_active":false,"_monsterinsights_sitenote_note":"","_monsterinsights_sitenote_category":0,"iawp_total_views":1,"footnotes":""},"class_list":["post-57","page","type-page","status-publish","hentry"],"_links":{"self":[{"href":"https:\/\/selvfiks.net\/butikk\/wp-json\/wp\/v2\/pages\/57","targetHints":{"allow":["GET"]}}],"collection":[{"href":"https:\/\/selvfiks.net\/butikk\/wp-json\/wp\/v2\/pages"}],"about":[{"href":"https:\/\/selvfiks.net\/butikk\/wp-json\/wp\/v2\/types\/page"}],"author":[{"embeddable":true,"href":"https:\/\/selvfiks.net\/butikk\/wp-json\/wp\/v2\/users\/1"}],"replies":[{"embeddable":true,"href":"https:\/\/selvfiks.net\/butikk\/wp-json\/wp\/v2\/comments?post=57"}],"version-history":[{"count":5,"href":"https:\/\/selvfiks.net\/butikk\/wp-json\/wp\/v2\/pages\/57\/revisions"}],"predecessor-version":[{"id":8508,"href":"https:\/\/selvfiks.net\/butikk\/wp-json\/wp\/v2\/pages\/57\/revisions\/8508"}],"wp:attachment":[{"href":"https:\/\/selvfiks.net\/butikk\/wp-json\/wp\/v2\/media?parent=57"}],"curies":[{"name":"wp","href":"https:\/\/api.w.org\/{rel}","templated":true}]}}