{"id":68,"date":"2016-03-27T12:33:17","date_gmt":"2016-03-27T10:33:17","guid":{"rendered":"https:\/\/selvfiks.net\/butikk\/?page_id=68"},"modified":"2023-04-15T17:22:18","modified_gmt":"2023-04-15T15:22:18","slug":"leveringstid","status":"publish","type":"page","link":"https:\/\/selvfiks.net\/butikk\/leveringstid\/","title":{"rendered":"Leveringstid"},"content":{"rendered":"<p>Det er gratis frakt p\u00e5 alle varer i Selvfiks Store, for \u00e5 kunne tilby dette er det noe leveringstid. Det skyldes blant annet at produktene sendes direkte fra leverand\u00f8r.<\/p>\n<p>Estimert leveringstid p\u00e5 ordin\u00e6re dager: 20-30 virkedager.<br \/>\nVed ferier og h\u00f8ytider er estimert leveringstid inntil 50 virkedager p\u00e5 grunn av stor p\u00e5gang.<\/p>\n<p>Men vi vil streve for \u00e5 f\u00e5 levert ordren din s\u00e5 raskt som mulig, og i noen tilfeller f\u00e5r man det tidligere enn estimert leveringstid.<\/p>\n<p>I de tilfellene du har bestilt ordre fra ulike leverand\u00f8rer, vil du motta flere forsendelser hvor pakkene kommer p\u00e5 ulike tidspunkt.<\/p>\n","protected":false},"excerpt":{"rendered":"<p>Det er gratis frakt p\u00e5 alle varer i Selvfiks Store, for \u00e5 kunne tilby dette er det noe leveringstid. Det skyldes blant annet at produktene sendes direkte fra leverand\u00f8r. Estimert leveringstid p\u00e5 ordin\u00e6re dager: 20-30 virkedager. Ved ferier og h\u00f8ytider er estimert leveringstid inntil 50 virkedager p\u00e5 grunn av stor p\u00e5gang. Men vi vil streve [&hellip;]<\/p>\n","protected":false},"author":1,"featured_media":0,"parent":0,"menu_order":0,"comment_status":"closed","ping_status":"closed","template":"","meta":{"_monsterinsights_skip_tracking":false,"_monsterinsights_sitenote_active":false,"_monsterinsights_sitenote_note":"","_monsterinsights_sitenote_category":0,"iawp_total_views":1,"footnotes":""},"class_list":["post-68","page","type-page","status-publish","hentry"],"_links":{"self":[{"href":"https:\/\/selvfiks.net\/butikk\/wp-json\/wp\/v2\/pages\/68","targetHints":{"allow":["GET"]}}],"collection":[{"href":"https:\/\/selvfiks.net\/butikk\/wp-json\/wp\/v2\/pages"}],"about":[{"href":"https:\/\/selvfiks.net\/butikk\/wp-json\/wp\/v2\/types\/page"}],"author":[{"embeddable":true,"href":"https:\/\/selvfiks.net\/butikk\/wp-json\/wp\/v2\/users\/1"}],"replies":[{"embeddable":true,"href":"https:\/\/selvfiks.net\/butikk\/wp-json\/wp\/v2\/comments?post=68"}],"version-history":[{"count":5,"href":"https:\/\/selvfiks.net\/butikk\/wp-json\/wp\/v2\/pages\/68\/revisions"}],"predecessor-version":[{"id":8814,"href":"https:\/\/selvfiks.net\/butikk\/wp-json\/wp\/v2\/pages\/68\/revisions\/8814"}],"wp:attachment":[{"href":"https:\/\/selvfiks.net\/butikk\/wp-json\/wp\/v2\/media?parent=68"}],"curies":[{"name":"wp","href":"https:\/\/api.w.org\/{rel}","templated":true}]}}