{"id":71,"date":"2016-03-27T12:35:05","date_gmt":"2016-03-27T10:35:05","guid":{"rendered":"https:\/\/selvfiks.net\/butikk\/?page_id=71"},"modified":"2023-04-15T17:23:29","modified_gmt":"2023-04-15T15:23:29","slug":"salgsbetingelser","status":"publish","type":"page","link":"https:\/\/selvfiks.net\/butikk\/salgsbetingelser\/","title":{"rendered":"Salgsbetingelser"},"content":{"rendered":"<p align=\"center\"><strong>Selvfiks Store sine Salgsbetingelser:<\/strong><\/p>\n<p><strong>Innholdsfortegnelse:<\/strong><\/p>\n<p>Innledning<\/p>\n<p>1. Avtalen<\/p>\n<p>2. Partene<\/p>\n<p>3. Priser<\/p>\n<p>4. Avtaleinng\u00e5elsen<\/p>\n<p>5. Ordrebekreftelse<\/p>\n<p>6. Betaling<\/p>\n<p>7. Levering m.v.<\/p>\n<p>8. Risikoen for varen<\/p>\n<p>9. Angrerett<\/p>\n<p>10. Unders\u00f8kelsesplikt<\/p>\n<p>11. Reklamasjon ved mangel og frist for \u00e5 melde krav ved forsinkelse<\/p>\n<p>12. Kj\u00f8perens rettigheter ved forsinkelse<\/p>\n<p>13. Kj\u00f8perens rettigheter ved mangel<\/p>\n<p>14. Selgerens rettigheter ved kj\u00f8perens mislighold<\/p>\n<p>15. Garanti<\/p>\n<p>16. Personopplysninger<\/p>\n<p>17. Konfliktl\u00f8sning<\/p>\n<p><strong>\u00a0<\/strong><\/p>\n<p><strong>Innledning:<\/strong><\/p>\n<p>Dette kj\u00f8pet er regulert av den nedenst\u00e5ende standard salgsbetingelser for forbrukerkj\u00f8p av varer over Internett. Med forbrukerkj\u00f8p menes her salg av vare til forbruker som ikke hovedsakelig handler som ledd i n\u00e6ringsvirksomhet, og n\u00e5r Selvfiks Store opptrer i n\u00e6ringsvirksomhet med salg av varer over internett. Kontrakten er utarbeidet og anbefalt brukt av Forbrukerombudet.<\/p>\n<p>Forbrukerkj\u00f8p over Internett reguleres hovedsakelig av avtaleloven, forbrukerkj\u00f8psloven, markedsf\u00f8ringsloven, angrerettsloven og ehandelsloven, og disse lovene gir forbruker ufravikelige rettigheter. Vilk\u00e5rene i kontrakten skal ikke forst\u00e5s som noen begrensning i de lovbestemte rettighetene, men oppstiller partenes viktigste rettigheter og plikter for handelen. Selvfiks Store kan velge \u00e5 tilby kj\u00f8peren bedre vilk\u00e5r enn det som fremg\u00e5r av disse salgsbetingelsene. I tilfeller hvor kontrakten ikke direkte gir l\u00f8sningen p\u00e5 en problemstilling, kommer kontrakten til \u00e5 utfylles med relevante lovbestemmelser.<\/p>\n<p><strong>Retur:<\/strong> Evt. retur sendes til Selvfiks Store sin returadresse. Returadresse gis p\u00e5 foresp\u00f8rsel.<\/p>\n<p><strong>Levering:<\/strong> Det er gratis frakt p\u00e5 alle varer i Selvfiks Store, for \u00e5 kunne tilby dette er det noe leveringstid. Det skyldes blant annet at produktene sendes direkte fra leverand\u00f8r.<\/p>\n<p>Estimert leveringstid p\u00e5 ordin\u00e6re dager: 20-30 virkedager.<br \/>\nVed ferier og h\u00f8ytider er estimert leveringstid inntil 50 virkedager p\u00e5 grunn av stor p\u00e5gang.<\/p>\n<p>Men vi vil streve for \u00e5 f\u00e5 levert ordren din s\u00e5 raskt som mulig, og i noen tilfeller f\u00e5r man det tidligere enn estimert leveringstid.<\/p>\n<p>I de tilfellene du har bestilt ordre fra ulike leverand\u00f8rer, vil du motta flere forsendelser hvor pakkene kommer p\u00e5 ulike tidspunkt.<\/p>\n<p><strong>1. Avtalen:<\/strong><\/p>\n<p>Avtalen mellom kj\u00f8per og Selvfiks Store best\u00e5r av opplysningene Selvfiks Store gir om kj\u00f8pet i bestillingsl\u00f8sningen i nettbutikken (herunder blant annet opplysning er om varens art, mengde, kvalitet, andre egenskaper, pris og leveringsbetingelser), eventuell direkte korrespondanse mellom partene (for eksempel e-post) samt disse salgsbetingelsene. Omstendighetene kunne kreve renter ved forsinket betaling, inkassogebyr og gebyr ved ikke-forskuddsbetalte uavhentede varer.<\/p>\n<p>Ved motstrid mellom opplysningene Selvfiks Store har gitt om kj\u00f8pet i bestillingsl\u00f8sningen i nettbutikken, direkte korrespondanse mellom partene og vilk\u00e5rene i salgsbetingelsene, g\u00e5r direkte korrespondanse mellom partene og opplysningene gitt i bestillingsl\u00f8sningen foran salgsbetingelsene, s\u00e5 fremt det ikke strider mot bindende lovgivning.<\/p>\n<p><strong>\u00a0<\/strong><\/p>\n<p><strong>2. Partene:<\/strong><\/p>\n<p><strong>Selger:\u00a0<\/strong>Selvfiks Store<\/p>\n<p><strong>Firmanavn:\u00a0<\/strong>Gartit Creative AS<\/p>\n<p><strong>E-post:\u00a0<\/strong>Kundeservice(at)selvfiks.net<\/p>\n<p><strong>Organisasjonsnummer: 920 243 266 MVA<\/strong><\/p>\n<p>Kj\u00f8per er den person som foretar bestillingen, Selvfiks Store er formidleren.<\/p>\n<p><strong>\u00a0<\/strong><\/p>\n<p><strong>3. Priser:<\/strong><\/p>\n<p>Prisene, som er oppgitt i nettbutikken, inkluderer merverdiavgift.<\/p>\n<p>Opplysninger om de totale kostnadene kj\u00f8peren skal betale, inklusive alle avgifter (merverdiavgift, toll, og lignende) og leveringskostnader (frakt, porto, fakturagebyr, emballasje med videre) samt spesifisering av de enkelte elementene i totalprisen, gis i bestillingsl\u00f8sningen f\u00f8r bestilling er foretatt. (Vareleveranser til Svalbard eller Jan Mayen skal selges uten tillegg av merverdiavgift.)<\/p>\n<p><strong>\u00a0<\/strong><\/p>\n<p><strong>4. Avtaleinng\u00e5else:<\/strong><\/p>\n<p>Avtalen er bindende for begge parter n\u00e5r kj\u00f8perens bestilling er mottatt av Selvfiks Store.<\/p>\n<p>En part er likevel ikke bundet av avtalen hvis det har forekommet skrive- eller tastefeil i tilbudet fra Selvfiks Store i bestillingsl\u00f8sningen i nettbutikken eller i kj\u00f8perens bestilling, og den annen part inns\u00e5 eller burde ha innsett at det forel\u00e5 en slik feil.<\/p>\n<p><strong>\u00a0<\/strong><\/p>\n<p><strong>5. Ordrebekreftelse:<\/strong><\/p>\n<p>N\u00e5r Selvfiks Store har mottatt kj\u00f8perens bestilling, skal Selvfiks Store uten ugrunnet opphold bekrefte ordren ved \u00e5 sende en ordrebekreftelse til kj\u00f8peren.<\/p>\n<p>Det anbefales at kj\u00f8peren kontrollerer at ordrebekreftelsen stemmer overens med bestillingen med hensyn til antall, varetype, pris osv. Er det ikke samsvar mellom bestillingen og ordrebekreftelsen, b\u00f8r kj\u00f8peren ta kontakt med Selvfiks Store s\u00e5 snart som mulig.<\/p>\n<p><strong>\u00a0<\/strong><\/p>\n<p><strong>6. Betaling:<\/strong><\/p>\n<p>Selvfiks Store kan kreve betaling for varen fra det tidspunkt den blir sendt fra Selvfiks Store tilkj\u00f8peren. Dersom kj\u00f8peren bruker kredittkort eller debetkort ved betaling, kan Selvfiks Store reservere kj\u00f8pesummen p\u00e5 kortet ved bestillingen i inntil 4 dager fra bestillingen.<\/p>\n<p>Ved betaling med kredittkort, vil lov om kredittkj\u00f8p m.m. komme til anvendelse.<\/p>\n<p>Tilbyr Selvfiks Store etterfakturering, skal fakturaen til kj\u00f8peren utstedes ved forsendelse av<\/p>\n<p>varen. Forfallsfristen skal settes til minimum 14 dager fra kj\u00f8peren mottar forsendelsen.<\/p>\n<p>Har Selvfiks Store s\u00e6rskilt behov for \u00e5 kreve forskuddsbetaling fra kj\u00f8peren, for eksempel ved tilvirkningskj\u00f8p, kan Selvfiks Store kreve dette.<\/p>\n<p>Kj\u00f8pere under 18 \u00e5r kan kun betale direkte ved Selvfiks Stores levering av varen eller ved utlevering av varen ved postoppkrav.<\/p>\n<p><strong>\u00a0<\/strong><\/p>\n<p><strong>7. Levering m.v.:<\/strong><\/p>\n<p>Levering av varen fra Selvfiks Store til kj\u00f8peren skjer p\u00e5 den m\u00e5te, p\u00e5 det sted og til det tidspunkt som er angitt i bestillingsl\u00f8sningen i nettbutikken.<\/p>\n<p>Hvis ikke leveringstidspunkt fremg\u00e5r av bestillingsl\u00f8sningen, skal Selvfiks Store levere varen til kj\u00f8per innen rimelig tid og senest 12 virkedager etter bestillingen fra kunden.<\/p>\n<p>Ved h\u00f8ytider og ferie tider er det stor p\u00e5gang hos postverket, dette kan medf\u00f8re forsinkelser som er utenfor Selvfiks Store sitt ansvarsomr\u00e5de. Selvfiks Store har heller ikke mulighet til \u00e5 p\u00e5virke postverket til en raskere levering. Varen vil derfor bli levert senest 30 virkedager etter bestilling.<\/p>\n<p>Skal Selvfiks Store s\u00f8rge for at varen blir sendt til kj\u00f8peren, plikter vi \u00e5 f\u00e5 varen fraktet til bestemmelsesstedet p\u00e5 egnet m\u00e5te og p\u00e5 vanlige vilk\u00e5r for slik transport. Bestemmelsesstedet er hos kj\u00f8peren med mindre annet er s\u00e6rskilt avtalt mellom partene.<\/p>\n<p><strong>Viktig info:<\/strong><\/p>\n<p>Det er gratis frakt p\u00e5 alle varer i Selvfiks Store, for \u00e5 kunne tilby dette er det noe leveringstid.<\/p>\n<p>Estimert leveringstid p\u00e5 ordin\u00e6re dager: 20-30 virkedager.<br \/>\nVed ferier og h\u00f8ytider er estimert leveringstid inntil 50 virkedager p\u00e5 grunn av stor p\u00e5gang.<\/p>\n<p>Men vi vil streve for \u00e5 f\u00e5 levert ordren din s\u00e5 raskt som mulig, og i noen tilfeller f\u00e5r man det tidligere enn estimert leveringstid.<\/p>\n<p><strong>8. Risikoen for varen:<\/strong><\/p>\n<p>Risikoen for varen g\u00e5r over p\u00e5 kj\u00f8peren n\u00e5r tingen er overtatt av kj\u00f8peren i henhold til<\/p>\n<p>avtalen. Hvis leveringstiden er kommet og kj\u00f8peren unnlater \u00e5 overta en vare som er stilt til hans eller hennes r\u00e5dighet etter avtalen, har kj\u00f8peren likevel risikoen for tap eller skade som skyldes egenskaper ved varen selv.<\/p>\n<p>&nbsp;<\/p>\n<p><strong>9. Angrerett:<\/strong><\/p>\n<p>Kj\u00f8peren kan <a href=\"https:\/\/advokatmatch.no\/kjopsloven-angrerett\" target=\"_blank\" rel=\"noopener\">angre kj\u00f8pet av varen etter angrerettslovens bestemmelser<\/a>.<\/p>\n<p>Angrerett inneb\u00e6rer at kj\u00f8peren uten grunn kan returnere varen til Selvfiks Store selv om det ikke er noen mangel ved den og selv om den ikke er levert.<\/p>\n<p>Kj\u00f8peren m\u00e5 gi Selvfiks Store melding om bruk av angreretten innen 14 dager etter at varen, de foreskrevne opplysninger om angreretten og angrerettsskjema er mottatt.<\/p>\n<p>Mottar kj\u00f8peren angreskjema og de n\u00f8dvendige opplysningene p\u00e5 et senere tidspunkt enn ved levering av varen, begynner angrefristen \u00e5 l\u00f8pe fra den dagen kj\u00f8peren mottar angrerettsskjema og<\/p>\n<p>opplysningene.<\/p>\n<p>Har kj\u00f8peren ikke mottatt tilstrekkelig informasjon eller angrerettsskjema, vil<\/p>\n<p>angrefristen likevel g\u00e5 ut 3 m\u00e5neder etter at varen er mottatt. Dersom kj\u00f8peren ikke har f\u00e5tt informasjon om angrerett i det hele tatt, vil fristen v\u00e6re 1 \u00e5r.<\/p>\n<p>Meldingen fra kj\u00f8per til Selvfiks Store om bruk av angreretten b\u00f8r av bevishensyn v\u00e6re skriftlig<\/p>\n<p>(angrerettsskjema, e-post, telefaks eller brev), og den m\u00e5 inneholde opplysninger om<\/p>\n<p>hvordan kj\u00f8peren vil returnere varen til Selvfiks Store.<\/p>\n<p>Ved bruk av angreretten m\u00e5 varen leveres tilbake til leverand\u00f8ren i utlandet innen rimelig tid. Selvfiks Store er<\/p>\n<p>forpliktet til \u00e5 tilbakebetale hele kj\u00f8pesummen til kj\u00f8peren innen 14 dager fra den dag Leverand\u00f8ren i utlandet mottar varen eller henteseddel eller varen er stilt til leverand\u00f8ren i utlandet sin r\u00e5dighet.<\/p>\n<p>Selvfiks Store kan ikke fastsette gebyrer for kj\u00f8perens bruk av angreretten, men Selvfiks Store krever at kj\u00f8peren skal betale kostnadene for returforsendelsen.<\/p>\n<p>Kj\u00f8peren kan unders\u00f8ke produktet f\u00f8r han eller hun angrer p\u00e5 kj\u00f8pet. Varen m\u00e5 likevel kunne leveres tilbake til leverand\u00f8ren i utlandet i tiln\u00e6rmet samme stand og mengde som den var i da kj\u00f8peren mottok den.<\/p>\n<p>Kj\u00f8peren b\u00f8r sende varen tilbake til leverand\u00f8ren i utlandet i originalemballasjen.<\/p>\n<p>Kj\u00f8peren kan ikke angre p\u00e5 kj\u00f8p av varer som forringes raskt, varer som etter sin art ikke kan tilbakeleveres, eller p\u00e5 lyd- og bildeopptak (herunder CDer, DVDer) eller datamaskinprogrammer hvor forseglingen er brutt. Det sistnevnte unntaket gjelder kun dersom Selvfiks Store klart og tydelig har opplyst om vilk\u00e5rene for bortfall av angreretten p\u00e5 forseglingen. Noe Selvfiks Store gj\u00f8r i dette tilfelle.<\/p>\n<p>&nbsp;<\/p>\n<p><strong>10. Unders\u00f8kelse av varen:<\/strong><\/p>\n<p>N\u00e5r kj\u00f8peren mottar varen, anbefales det at han eller hun i rimelig utstrekning unders\u00f8ker om den er i samsvar med bestillingen, om den har blitt skadet under transporten eller om den ellers har mangler. Hvis varen ikke samsvarer med bestillingen eller har mangler, m\u00e5 kj\u00f8peren melde fra til<\/p>\n<p>Selvfiks Store ved reklamasjon jf. kontraktens punkt 11.<\/p>\n<p>&nbsp;<\/p>\n<p><strong>11. Reklamasjon ved mangel og frist for \u00e5 melde krav ved forsinkelse:<\/strong><\/p>\n<p>Dersom det foreligger en mangel ved varen, m\u00e5 kj\u00f8peren innen rimelig tid etter at han eller hun oppdaget den, gi Selvfiks Store melding om at han eller hun vil p\u00e5berope seg mangelen.<\/p>\n<p>Fristen for \u00e5 melde ifra er to m\u00e5neder fra det tidspunkt da forbrukeren oppdaget<\/p>\n<p>mangelen.<\/p>\n<p>Ved forsinkelse m\u00e5 krav rettes Selvfiks Store innen rimelig tid etter at leveringstiden er kommet og varen ikke er levert.<\/p>\n<p>Dersom varen er betalt med kredittkort, kan kj\u00f8peren ogs\u00e5 velge \u00e5 reklamere og sende krav direkte til kredittyter (kredittkortselskapet).<\/p>\n<p>Meldingen til Selvfiks Store eller kredittyter b\u00f8r v\u00e6re skriftlig (e-post eller brev).<\/p>\n<p>&nbsp;<\/p>\n<p><strong>12. Kj\u00f8perens rettigheter ved forsinkelse:<\/strong><\/p>\n<p>Dersom Selvfiks Store ikke leverer varen eller leverer den for sent i henhold til avtalen mellom<\/p>\n<p>partene, og dette ikke skyldes kj\u00f8peren eller forhold p\u00e5 kj\u00f8perens side, kan kj\u00f8peren i henhold til reglene i forbrukerkj\u00f8pslovens kapittel 5 etter omstendighetene holde kj\u00f8pesummen tilbake, kreve oppfyllelse, heve avtalen og kreve erstatning fra Selvfiks Store.<\/p>\n<p><strong>Oppfyllelse:<\/strong><\/p>\n<p>Dersom Selvfiks Store ikke leverer varen p\u00e5 leveringstidspunktet, kan kj\u00f8peren fastholde kj\u00f8pet og sette en rimelig tileggsfrist for oppfyllelse fra Selvfiks Store. Kj\u00f8peren kan likevel ikke kreve oppfyllelse dersom det foreligger en hindring som Selvfiks Store ikke kan overvinne eller dersom oppfyllelse vil medf\u00f8re en s\u00e5 stor ulempe eller kostnad for Selvfiks Store at det st\u00e5r i vesentlig misforhold til kj\u00f8perens interesse i at Selvfiks Store oppfyller.<\/p>\n<p>Faller vanskene bort innen rimelig tid, kan forbrukeren kreve oppfyllelse.<\/p>\n<p><strong>Heving:<\/strong><\/p>\n<p>Kj\u00f8peren kan heve avtalen med Selvfiks Store dersom forsinkelsen er vesentlig eller hvis Selvfiks Store ikke leverer varen innen den tilleggsfristen for oppfyllelse som kj\u00f8peren har fastsatt. Kj\u00f8peren kan likevel ikke heve avtalen mens tilleggsfristen l\u00f8per, med mindre Selvfiks Store har sagt at han eller hun ikke vil oppfylle innen fristen.<\/p>\n<p><strong>Erstatning:<\/strong><\/p>\n<p>Kj\u00f8peren kan videre kreve erstatning for tap han eller hun lider som f\u00f8lge av forsinkelsen fra Selvfiks Store sin side jf. forbrukerkj\u00f8pslovens \u00a7 24.<\/p>\n<p>Kj\u00f8peren m\u00e5 melde krav til Selvfiks Store ved reklamasjon jf. denne kontraktens punkt 11<\/p>\n<p>&nbsp;<\/p>\n<p><strong>13. Kj\u00f8perens rettigheter ved mangel:<\/strong><\/p>\n<p>Dersom varen har en mangel og dette ikke skyldes kj\u00f8peren eller forhold p\u00e5 kj\u00f8perens side, kan kj\u00f8peren i henhold til reglene i forbrukerkj\u00f8psloven kapittel 6 etter omstendighetene holde kj\u00f8pesummen tilbake, velge mellom retting og omlevering, kreve prisavslag, kreve avtalen hevet og erstatning fra Selvfiks Store.<\/p>\n<p><strong>Retting eller omlevering:<\/strong><\/p>\n<p>Dersom varen har en mangel, kan kj\u00f8peren kreve at Selvfiks Store retter mangelen eller omleverer tilsvarende vare. Selvfiks Store kan motsette seg kj\u00f8perens krav dersom gjennomf\u00f8ringen av kravet er umulig eller volder Selvfiks Store urimelige kostnader.<\/p>\n<p>Selvfiks Store skal foreta rettingen eller omleveringen innen rimelig tid. Retting eller<\/p>\n<p>omlevering skal foretas uten kostnad for kj\u00f8peren, uten risiko for at kj\u00f8peren ikke f\u00e5r dekket sine utlegg og uten vesentlig ulempe for kj\u00f8peren.<\/p>\n<p>Selvfiks Store kan ikke foreta mer enn to fors\u00f8k p\u00e5 retting eller omlevering for samme mang<\/p>\n<p>el, med mindre det foreligger s\u00e6rlige grunner som gj\u00f8r at ytterligere fors\u00f8k er rimelig.<\/p>\n<p>Selv om kj\u00f8peren verken krever retting eller omlevering, kan Selvfiks Store tilby retting eller omlevering dersom dette skjer uten opphold. Dersom Selvfiks Store s\u00f8rger for slik<\/p>\n<p>retting eller omlevering, kan kj\u00f8peren ikke kreve prisavslag eller heving.<\/p>\n<p><strong>Prisavslag:<\/strong><\/p>\n<p>Dersom mangelen ikke rettes eller omleveres, kan kj\u00f8peren kreve forholdsmessig prisavslag.<\/p>\n<p><strong>Heving:<\/strong><\/p>\n<p>I stedet for prisavslag kan kj\u00f8peren heve avtalen, unntatt n\u00e5r mangelen er uvesentlig.<br \/>\n<strong>Erstatning:<\/strong><\/p>\n<p>Kj\u00f8peren kan ogs\u00e5 kreve erstatning for \u00f8konomisk tap han eller hun lider som f\u00f8lge av at varen har en mangel jf. forbrukerkj\u00f8pslovens \u00a7 33.<br \/>\nKj\u00f8peren m\u00e5 melde krav til Selvfiks Store ved reklamasjon jf denne kontraktens punkt 11.<\/p>\n<p>Reglene om reklamasjon gjelder i tillegg til, og uavhengig av, reglene om angrerett og eventuelle garantier stilt av Selvfiks Store.<\/p>\n<p>&nbsp;<\/p>\n<p><strong>14. Selvfiks Store sine rettigheter ved kj\u00f8perens mislighold:<\/strong><\/p>\n<p>Dersom kj\u00f8peren ikke betaler eller oppfyller de \u00f8vrige pliktene etter avtalen, og dette ikke skyldes Selvfiks Store eller forhold p\u00e5 Selvfiks Store sin side, kan Selvfiks Store i henhold til reglene i forbrukerkj\u00f8psloven kapittel 9 etter omstendighetene holde varen tilbake, kreve oppfyllelse av avtalen, kreve avtalen hevet samt erstatning fra kj\u00f8peren.<\/p>\n<p>Selvfiks Store kan ogs\u00e5 etter omstendighetene kunne kreve renter ved forsinket betaling, inkassogebyr og gebyr ved ikke-forskuddsbetalte uavhentede varer.<\/p>\n<p><strong>Oppfyllelse:<\/strong><\/p>\n<p>Dersom kj\u00f8peren ikke betaler, kan Selvfiks Store fastholde kj\u00f8pet og kreve at kj\u00f8peren betaler kj\u00f8pesummen (oppfyllelse).<\/p>\n<p>Er varen ikke levert, taper Selvfiks Store sin rett dersom vi venter urimelig lenge med \u00e5 fremme kravet.<\/p>\n<p><strong>Heving<\/strong>: Ved vesentlig betalingsmislighold eller annet vesentlig mislighold fra kj\u00f8per,kan Selvfiks Store heve avtalen. Selvfiks Store kan likevel ikke heve etter at kj\u00f8pesummen er betalt.<\/p>\n<p>Selvfiks Store kan ogs\u00e5 heve kj\u00f8pet dersom kj\u00f8peren ikke betaler innen en rimelig tilleggsfrist for oppfyllelse som Selvfiks Store har fastsatt. Selvfiks Store kan likevel ikke heve mens tilleggsfristen l\u00f8per, med mindre kj\u00f8peren har sagt at han eller hun ikke vil betale.<\/p>\n<p><strong>Erstatning:<\/strong><\/p>\n<p>Selvfiks Store kan kreve erstatning fra kj\u00f8peren for \u00f8konomisk tap vi lider som f\u00f8lge av kontraktsbrudd fra kj\u00f8perens side jf. forbrukerkj\u00f8pslovens \u00a7 46.<\/p>\n<p><strong>Renter ved forsinket betaling\/inkassogebyr:<\/strong><\/p>\n<p>Dersom kj\u00f8peren ikke betaler kj\u00f8pesummen i henhold til avtalen, kan Selvfiks Store kreve renter av kj\u00f8pesummen etter lov om renter ved forsinket betaling. Ved manglende betaling kan kravet, etter forutg\u00e5ende varsel, bli sendt til inkasso, og kj\u00f8peren kan da bli holdt ansvarlig for gebyrer etter lov om inkassovirksomhet og annen inndrivning av forfalte pengekrav.<\/p>\n<p><strong>Gebyr ved uavhentede ikke-forskuddsbetalte varer:<\/strong> Dersom kj\u00f8peren unnlater \u00e5 hente ubetalte varer, kan Selvfiks Store belaste kj\u00f8per med et gebyr p\u00e5 65 kr + frakt tur\/retur. Gebyret skal maksimalt dekke Selvfiks Store faktiske utlegg for \u00e5 levere varen til kj\u00f8peren. Et slikt gebyr kan ikke belastes kj\u00f8pere under 18 \u00e5r.<\/p>\n<p>&nbsp;<\/p>\n<p><strong>15. Garanti:<\/strong><\/p>\n<p>Garanti som gis av selgeren eller produsenten, gir kj\u00f8peren rettigheter i tillegg til de rettighetene kj\u00f8peren allerede har etter ufravikelig lovgivning. En garanti inneb\u00e6rer dermed ingen begrensninger i kj\u00f8perens rett til reklamasjon og krav ved forsinkelse eller mangler etter punkt 12 og 13.<\/p>\n<p>&nbsp;<\/p>\n<p><strong>16. Personopplysninger:<\/strong><\/p>\n<p>Med mindre kj\u00f8peren samtykker til noe annet, kan Selvfiks Store kun innhente og lagre de<\/p>\n<p>personopplysninger som er n\u00f8dvendig for at Selvfiks Store skal kunne gjennomf\u00f8re forpliktelsene etter avtalen.<\/p>\n<p>Personopplysningene til kj\u00f8per under 15 \u00e5r kan ikke innhentes med mindre Selvfiks Store har samtykke fra foreldre eller foresatte. Kj\u00f8perens personopplysninger skal kun utleveres til andre hvis det er n\u00f8dvendig for at Selvfiks Store skal f\u00e5 gjennomf\u00f8rt avtalen med kj\u00f8peren, eller i lovbestemte tilfelle.<\/p>\n<p>Selvfiks Store kan kun innhente kj\u00f8perens personnummer dersom det er saklig behov for sikker identifisering og slik innhenting er n\u00f8dvendig.<\/p>\n<p>Hvis Selvfiks Store vil benytte kj\u00f8perens personopplysninger til andre form\u00e5l, for eksempel til \u00e5<\/p>\n<p>sende kj\u00f8peren reklame eller informasjon ut over det som er n\u00f8dvendig for \u00e5 f\u00e5 gjennomf\u00f8rt<\/p>\n<p>avtalen, m\u00e5 Selvfiks Store innhente kj\u00f8perens samtykke ved avtaleinng\u00e5elsen.<\/p>\n<p>Selvfiks Store m\u00e5 gi kj\u00f8peren informasjon om hva personopplysningene skal brukes til og om hvem som skal bruke personopplysningene. Kj\u00f8perens samtykke m\u00e5 v\u00e6re frivillig og avgis ved en aktiv handling, for eksempel ved avkrysning. Kj\u00f8peren skal enkelt kunne kontakte Selvfiks Store, for eksempel<\/p>\n<p>e-post dersom han eller hun har sp\u00f8rsm\u00e5l om Selvfiks Store sin bruk av personopplysninger eller hvis han eller hun \u00f8nsker at Selvfiks Store sletter eller endrer personopplysningene.<\/p>\n<p>&nbsp;<\/p>\n<p><strong>17. Konfliktl\u00f8sning:<\/strong><\/p>\n<p>Partene skal fors\u00f8ke \u00e5 l\u00f8se eventuelle tvister i minnelighet. Kj\u00f8peren kan ta kontakt med Forbrukerr\u00e5det for \u00e5 f\u00e5 bistand i en eventuell tvist med Selvfiks Store. Dersom minnelig l\u00f8sning ikke<\/p>\n<p>oppn\u00e5s etter megling i Forbrukerr\u00e5det, kan partene skriftlig begj\u00e6re at Forbrukerr\u00e5det fremmer tvisten for Forbrukertvistutvalget.<\/p>\n<p>Vedtak av Forbrukertvistutvalget er rettskraftig fire uker etter forkynning. F\u00f8r vedtaket er rettskraftig, kan partene, ved innsendelse av stevning til Forbrukertvistutvalget, bringe vedtaket inn for tingretten<\/p>\n","protected":false},"excerpt":{"rendered":"<p>Selvfiks Store sine Salgsbetingelser: Innholdsfortegnelse: Innledning 1. Avtalen 2. Partene 3. Priser 4. Avtaleinng\u00e5elsen 5. Ordrebekreftelse 6. Betaling 7. Levering m.v. 8. Risikoen for varen 9. Angrerett 10. Unders\u00f8kelsesplikt 11. Reklamasjon ved mangel og frist for \u00e5 melde krav ved forsinkelse 12. Kj\u00f8perens rettigheter ved forsinkelse 13. Kj\u00f8perens rettigheter ved mangel 14. Selgerens rettigheter ved [&hellip;]<\/p>\n","protected":false},"author":1,"featured_media":0,"parent":0,"menu_order":0,"comment_status":"closed","ping_status":"closed","template":"","meta":{"_monsterinsights_skip_tracking":false,"_monsterinsights_sitenote_active":false,"_monsterinsights_sitenote_note":"","_monsterinsights_sitenote_category":0,"iawp_total_views":0,"footnotes":""},"class_list":["post-71","page","type-page","status-publish","hentry"],"_links":{"self":[{"href":"https:\/\/selvfiks.net\/butikk\/wp-json\/wp\/v2\/pages\/71","targetHints":{"allow":["GET"]}}],"collection":[{"href":"https:\/\/selvfiks.net\/butikk\/wp-json\/wp\/v2\/pages"}],"about":[{"href":"https:\/\/selvfiks.net\/butikk\/wp-json\/wp\/v2\/types\/page"}],"author":[{"embeddable":true,"href":"https:\/\/selvfiks.net\/butikk\/wp-json\/wp\/v2\/users\/1"}],"replies":[{"embeddable":true,"href":"https:\/\/selvfiks.net\/butikk\/wp-json\/wp\/v2\/comments?post=71"}],"version-history":[{"count":5,"href":"https:\/\/selvfiks.net\/butikk\/wp-json\/wp\/v2\/pages\/71\/revisions"}],"predecessor-version":[{"id":8815,"href":"https:\/\/selvfiks.net\/butikk\/wp-json\/wp\/v2\/pages\/71\/revisions\/8815"}],"wp:attachment":[{"href":"https:\/\/selvfiks.net\/butikk\/wp-json\/wp\/v2\/media?parent=71"}],"curies":[{"name":"wp","href":"https:\/\/api.w.org\/{rel}","templated":true}]}}