{"id":108,"date":"2016-03-28T22:11:12","date_gmt":"2016-03-28T20:11:12","guid":{"rendered":"https:\/\/selvfiks.net\/butikk\/?post_type=product&#038;p=108"},"modified":"2019-11-03T13:08:37","modified_gmt":"2019-11-03T12:08:37","slug":"sitrus-spray","status":"publish","type":"product","link":"https:\/\/selvfiks.net\/butikk\/produkt\/sitrus-spray\/","title":{"rendered":"Sitrus Spray"},"content":{"rendered":"<p>Sitrus sprayen trykkes inn i en sitron, lime eller appelsin. Spray-dysen vil da ta ut saften fra sitrusfrukten n\u00e5r du trykker p\u00e5 den. En enkel og sunn m\u00e5te \u00e5 tilsette sitronsaft til maten.<\/p>\n","protected":false},"excerpt":{"rendered":"<p>Sitrus sprayen trykkes inn i en sitron, lime eller appelsin. Spray-dysen vil da ta ut saften fra sitrusfrukten n\u00e5r du trykker p\u00e5 den. En enkel og sunn m\u00e5te \u00e5 tilsette sitronsaft til maten.<\/p>\n","protected":false},"featured_media":111,"comment_status":"closed","ping_status":"closed","template":"","meta":{"_monsterinsights_skip_tracking":false,"_monsterinsights_sitenote_active":false,"_monsterinsights_sitenote_note":"","_monsterinsights_sitenote_category":0,"iawp_total_views":1},"product_brand":[],"product_cat":[28],"product_tag":[53,19,103,99,94,100,93,98,79,89,80,101,102,105,92,71,14,88,54,87,85,104,70,106],"class_list":{"0":"post-108","1":"product","2":"type-product","3":"status-publish","4":"has-post-thumbnail","6":"product_cat-hjem-og-interior","7":"product_tag-appelsin","8":"product_tag-billig","9":"product_tag-dyse","10":"product_tag-fersk","11":"product_tag-ferskt","12":"product_tag-frisk","13":"product_tag-friskt","14":"product_tag-hvit","15":"product_tag-kjokken","16":"product_tag-lime","17":"product_tag-mat","18":"product_tag-matlaging","19":"product_tag-morsom","20":"product_tag-saft-frukt","21":"product_tag-salat","22":"product_tag-salg","23":"product_tag-selvfiks-store","24":"product_tag-sitron","25":"product_tag-sitrus","26":"product_tag-sitrusspray","27":"product_tag-spray","28":"product_tag-spraydyse","29":"product_tag-tilbud","30":"product_tag-tilsette","32":"first","33":"outofstock","34":"sale","35":"taxable","36":"shipping-taxable","37":"purchasable","38":"product-type-simple"},"_links":{"self":[{"href":"https:\/\/selvfiks.net\/butikk\/wp-json\/wp\/v2\/product\/108","targetHints":{"allow":["GET"]}}],"collection":[{"href":"https:\/\/selvfiks.net\/butikk\/wp-json\/wp\/v2\/product"}],"about":[{"href":"https:\/\/selvfiks.net\/butikk\/wp-json\/wp\/v2\/types\/product"}],"replies":[{"embeddable":true,"href":"https:\/\/selvfiks.net\/butikk\/wp-json\/wp\/v2\/comments?post=108"}],"wp:featuredmedia":[{"embeddable":true,"href":"https:\/\/selvfiks.net\/butikk\/wp-json\/wp\/v2\/media\/111"}],"wp:attachment":[{"href":"https:\/\/selvfiks.net\/butikk\/wp-json\/wp\/v2\/media?parent=108"}],"wp:term":[{"taxonomy":"product_brand","embeddable":true,"href":"https:\/\/selvfiks.net\/butikk\/wp-json\/wp\/v2\/product_brand?post=108"},{"taxonomy":"product_cat","embeddable":true,"href":"https:\/\/selvfiks.net\/butikk\/wp-json\/wp\/v2\/product_cat?post=108"},{"taxonomy":"product_tag","embeddable":true,"href":"https:\/\/selvfiks.net\/butikk\/wp-json\/wp\/v2\/product_tag?post=108"}],"curies":[{"name":"wp","href":"https:\/\/api.w.org\/{rel}","templated":true}]}}