{"id":1093,"date":"2018-07-15T15:23:58","date_gmt":"2018-07-15T13:23:58","guid":{"rendered":"https:\/\/selvfiks.net\/butikk\/?post_type=product&#038;p=1093"},"modified":"2020-02-23T15:05:18","modified_gmt":"2020-02-23T14:05:18","slug":"justerbar-vinkellinjal","status":"publish","type":"product","link":"https:\/\/selvfiks.net\/butikk\/produkt\/justerbar-vinkellinjal\/","title":{"rendered":"Justerbar Vinkellinjal"},"content":{"rendered":"<h4><strong>Spesifikasjoner for justerbar vinkellinjal:<\/strong><\/h4>\n<p><strong>Lengde:<\/strong> 25 cm eller 10 tommer.<\/p>\n<p><strong>Antall punkter for justering:<\/strong> 4<\/p>\n<p><strong>Materiale:<\/strong> Plast<\/p>\n<p><a href=\"https:\/\/selvfiks.net\/butikk\/produkt\/3d-mursteins-tapet\/\" target=\"_blank\" rel=\"noopener noreferrer\">Har du f\u00e5tt med deg v\u00e5r 3D mursteins tapet?<\/a><\/p>\n","protected":false},"excerpt":{"rendered":"<p>Med en justerbare vinkellinjal blir oppussinga en lek. Alle de vanskelige hj\u00f8rnene du sliter med \u00e5 m\u00e5le med en vanlig linjal, blir til en lek i forhold med en justerbar vinkellinjal.<\/p>\n<p>Det beste med denne linjalen er at du kan skru fast linjalen i forhold til den vinkelen du \u00f8nsker \u00e5 kutte. Dermed f\u00e5r du en fast mal til du kan bruke om igjen og om igjen.<\/p>\n","protected":false},"featured_media":1096,"comment_status":"closed","ping_status":"closed","template":"","meta":{"_monsterinsights_skip_tracking":false,"_monsterinsights_sitenote_active":false,"_monsterinsights_sitenote_note":"","_monsterinsights_sitenote_category":0,"iawp_total_views":2},"product_brand":[],"product_cat":[28],"product_tag":[672,667,429,330,666,331,671,675,674,665,658,676,149,678,442,64,673,668,677,670,669],"class_list":{"0":"post-1093","1":"product","2":"type-product","3":"status-publish","4":"has-post-thumbnail","6":"product_cat-hjem-og-interior","7":"product_tag-beskjaere","8":"product_tag-flis","9":"product_tag-fliser","10":"product_tag-hjem","11":"product_tag-hobby","12":"product_tag-hus","13":"product_tag-justerbar","14":"product_tag-justere","15":"product_tag-kutte","16":"product_tag-linjal","17":"product_tag-male","18":"product_tag-markere","19":"product_tag-multi","20":"product_tag-multivinkel","21":"product_tag-oppussing","22":"product_tag-selvfiks","23":"product_tag-skjaere","24":"product_tag-vinkel","25":"product_tag-vinkelinjal","26":"product_tag-vinkellinjal","27":"product_tag-vinkler","28":"pa_farge-gul","29":"pa_farge-svart","31":"first","32":"outofstock","33":"taxable","34":"shipping-taxable","35":"purchasable","36":"product-type-variable","37":"has-default-attributes"},"_links":{"self":[{"href":"https:\/\/selvfiks.net\/butikk\/wp-json\/wp\/v2\/product\/1093","targetHints":{"allow":["GET"]}}],"collection":[{"href":"https:\/\/selvfiks.net\/butikk\/wp-json\/wp\/v2\/product"}],"about":[{"href":"https:\/\/selvfiks.net\/butikk\/wp-json\/wp\/v2\/types\/product"}],"replies":[{"embeddable":true,"href":"https:\/\/selvfiks.net\/butikk\/wp-json\/wp\/v2\/comments?post=1093"}],"wp:featuredmedia":[{"embeddable":true,"href":"https:\/\/selvfiks.net\/butikk\/wp-json\/wp\/v2\/media\/1096"}],"wp:attachment":[{"href":"https:\/\/selvfiks.net\/butikk\/wp-json\/wp\/v2\/media?parent=1093"}],"wp:term":[{"taxonomy":"product_brand","embeddable":true,"href":"https:\/\/selvfiks.net\/butikk\/wp-json\/wp\/v2\/product_brand?post=1093"},{"taxonomy":"product_cat","embeddable":true,"href":"https:\/\/selvfiks.net\/butikk\/wp-json\/wp\/v2\/product_cat?post=1093"},{"taxonomy":"product_tag","embeddable":true,"href":"https:\/\/selvfiks.net\/butikk\/wp-json\/wp\/v2\/product_tag?post=1093"}],"curies":[{"name":"wp","href":"https:\/\/api.w.org\/{rel}","templated":true}]}}