{"id":1135,"date":"2018-08-28T19:20:07","date_gmt":"2018-08-28T17:20:07","guid":{"rendered":"https:\/\/selvfiks.net\/butikk\/?post_type=product&#038;p=1135"},"modified":"2019-11-03T11:51:12","modified_gmt":"2019-11-03T10:51:12","slug":"sape-svampborste","status":"publish","type":"product","link":"https:\/\/selvfiks.net\/butikk\/produkt\/sape-svampborste\/","title":{"rendered":"S\u00e5pe svampb\u00f8rste"},"content":{"rendered":"<p><strong>Lengde p\u00e5 b\u00f8rste:<\/strong> 25 CM<\/p>\n<p>B\u00f8rsten best\u00e5r av en s\u00e5pebeholder og en svamp. Svampen kan byttes.<\/p>\n","protected":false},"excerpt":{"rendered":"<p>Med denne S\u00e5pe Svampb\u00f8rsten blir det \u00e5 ta oppvasken mye enklere.<\/p>\n<p>Veldig enkelt \u00e5 bruke. Bare bland s\u00e5pe og vann i h\u00e5ndtaket og du er klar til \u00e5 vaske.<\/p>\n<p>N\u00e5r du begynner \u00e5 g\u00e5 tom for s\u00e5pevann i svampen, presser du p\u00e5 h\u00e5ndtaket, s\u00e5 kommer det mer.<\/p>\n<p>&nbsp;<\/p>\n","protected":false},"featured_media":1138,"comment_status":"closed","ping_status":"closed","template":"","meta":{"_monsterinsights_skip_tracking":false,"_monsterinsights_sitenote_active":false,"_monsterinsights_sitenote_note":"","_monsterinsights_sitenote_category":0,"iawp_total_views":2},"product_brand":[],"product_cat":[28],"product_tag":[19,289,684,20,66,682,680,64,65,679,683,685,681],"class_list":{"0":"post-1135","1":"product","2":"type-product","3":"status-publish","4":"has-post-thumbnail","6":"product_cat-hjem-og-interior","7":"product_tag-billig","8":"product_tag-borste","9":"product_tag-borstesvamp","10":"product_tag-fri-frakt","11":"product_tag-gratis","12":"product_tag-oppvask","13":"product_tag-sape","14":"product_tag-selvfiks","15":"product_tag-store","16":"product_tag-svamp","17":"product_tag-svampborste","18":"product_tag-svampeborste","19":"product_tag-vask","21":"first","22":"outofstock","23":"taxable","24":"shipping-taxable","25":"purchasable","26":"product-type-variable"},"_links":{"self":[{"href":"https:\/\/selvfiks.net\/butikk\/wp-json\/wp\/v2\/product\/1135","targetHints":{"allow":["GET"]}}],"collection":[{"href":"https:\/\/selvfiks.net\/butikk\/wp-json\/wp\/v2\/product"}],"about":[{"href":"https:\/\/selvfiks.net\/butikk\/wp-json\/wp\/v2\/types\/product"}],"replies":[{"embeddable":true,"href":"https:\/\/selvfiks.net\/butikk\/wp-json\/wp\/v2\/comments?post=1135"}],"wp:featuredmedia":[{"embeddable":true,"href":"https:\/\/selvfiks.net\/butikk\/wp-json\/wp\/v2\/media\/1138"}],"wp:attachment":[{"href":"https:\/\/selvfiks.net\/butikk\/wp-json\/wp\/v2\/media?parent=1135"}],"wp:term":[{"taxonomy":"product_brand","embeddable":true,"href":"https:\/\/selvfiks.net\/butikk\/wp-json\/wp\/v2\/product_brand?post=1135"},{"taxonomy":"product_cat","embeddable":true,"href":"https:\/\/selvfiks.net\/butikk\/wp-json\/wp\/v2\/product_cat?post=1135"},{"taxonomy":"product_tag","embeddable":true,"href":"https:\/\/selvfiks.net\/butikk\/wp-json\/wp\/v2\/product_tag?post=1135"}],"curies":[{"name":"wp","href":"https:\/\/api.w.org\/{rel}","templated":true}]}}