{"id":114,"date":"2016-03-28T22:20:25","date_gmt":"2016-03-28T20:20:25","guid":{"rendered":"https:\/\/selvfiks.net\/butikk\/?post_type=product&#038;p=114"},"modified":"2019-11-03T13:08:35","modified_gmt":"2019-11-03T12:08:35","slug":"brettbar-trakt","status":"publish","type":"product","link":"https:\/\/selvfiks.net\/butikk\/produkt\/brettbar-trakt\/","title":{"rendered":"Brettbar trakt"},"content":{"rendered":"<p>En trakt er viktig \u00e5 ha p\u00e5 kj\u00f8kkenet og kan brukes til s\u00e5 mangt, men noen ganger tar den un\u00f8dvendig mye plass. Med denne brettbare \u00a0trakten slipper du at den tar mer plass enn n\u00f8dvendig. Det at den er brettbar gj\u00f8r den ogs\u00e5 at den er lettere \u00e5 vaske. Kommer i tilfeldig farge.<\/p>\n","protected":false},"excerpt":{"rendered":"<p>En trakt er viktig \u00e5 ha p\u00e5 kj\u00f8kkenet og kan brukes til s\u00e5 mangt, men noen ganger tar den un\u00f8dvendig mye plass. Med denne brettbare \u00a0trakten slipper du at den tar mer plass enn n\u00f8dvendig. Det at den er brettbar gj\u00f8r den ogs\u00e5 at den er lettere \u00e5 vaske. Kommer i tilfeldig farge.<\/p>\n","protected":false},"featured_media":118,"comment_status":"closed","ping_status":"closed","template":"","meta":{"_monsterinsights_skip_tracking":false,"_monsterinsights_sitenote_active":false,"_monsterinsights_sitenote_note":"","_monsterinsights_sitenote_category":0,"iawp_total_views":0},"product_brand":[],"product_cat":[28],"product_tag":[19,126,129,130,127,67,20,135,66,22,79,132,128,134,138,137,139,136,71,64,14,140,65,133,70,125,142,141,131],"class_list":{"0":"post-114","1":"product","2":"type-product","3":"status-publish","4":"has-post-thumbnail","6":"product_cat-hjem-og-interior","7":"product_tag-billig","8":"product_tag-brettbar","9":"product_tag-brettbare","10":"product_tag-brettbart","11":"product_tag-brukes","12":"product_tag-frakt","13":"product_tag-fri-frakt","14":"product_tag-god","15":"product_tag-gratis","16":"product_tag-hjelp","17":"product_tag-kjokken","18":"product_tag-lett","19":"product_tag-mangt","20":"product_tag-myk","21":"product_tag-nodvendig","22":"product_tag-plass","23":"product_tag-plassbesparende","24":"product_tag-praktisk","25":"product_tag-salg","26":"product_tag-selvfiks","27":"product_tag-selvfiks-store","28":"product_tag-spare","29":"product_tag-store","30":"product_tag-teleskop","31":"product_tag-tilbud","32":"product_tag-trakt","33":"product_tag-unodvendig","34":"product_tag-vaskbar","35":"product_tag-vaske","37":"first","38":"outofstock","39":"taxable","40":"shipping-taxable","41":"purchasable","42":"product-type-simple"},"_links":{"self":[{"href":"https:\/\/selvfiks.net\/butikk\/wp-json\/wp\/v2\/product\/114","targetHints":{"allow":["GET"]}}],"collection":[{"href":"https:\/\/selvfiks.net\/butikk\/wp-json\/wp\/v2\/product"}],"about":[{"href":"https:\/\/selvfiks.net\/butikk\/wp-json\/wp\/v2\/types\/product"}],"replies":[{"embeddable":true,"href":"https:\/\/selvfiks.net\/butikk\/wp-json\/wp\/v2\/comments?post=114"}],"wp:featuredmedia":[{"embeddable":true,"href":"https:\/\/selvfiks.net\/butikk\/wp-json\/wp\/v2\/media\/118"}],"wp:attachment":[{"href":"https:\/\/selvfiks.net\/butikk\/wp-json\/wp\/v2\/media?parent=114"}],"wp:term":[{"taxonomy":"product_brand","embeddable":true,"href":"https:\/\/selvfiks.net\/butikk\/wp-json\/wp\/v2\/product_brand?post=114"},{"taxonomy":"product_cat","embeddable":true,"href":"https:\/\/selvfiks.net\/butikk\/wp-json\/wp\/v2\/product_cat?post=114"},{"taxonomy":"product_tag","embeddable":true,"href":"https:\/\/selvfiks.net\/butikk\/wp-json\/wp\/v2\/product_tag?post=114"}],"curies":[{"name":"wp","href":"https:\/\/api.w.org\/{rel}","templated":true}]}}