{"id":123,"date":"2016-03-31T21:21:03","date_gmt":"2016-03-31T19:21:03","guid":{"rendered":"https:\/\/selvfiks.net\/butikk\/?post_type=product&#038;p=123"},"modified":"2019-11-03T13:08:34","modified_gmt":"2019-11-03T12:08:34","slug":"universal-360-grader-mobilholder","status":"publish","type":"product","link":"https:\/\/selvfiks.net\/butikk\/produkt\/universal-360-grader-mobilholder\/","title":{"rendered":"Universal 360 grader mobilholder"},"content":{"rendered":"<p><iframe width=\"980\" height=\"551\" src=\"https:\/\/www.youtube.com\/embed\/GZxt5fadeS4?feature=oembed\" frameborder=\"0\" allow=\"accelerometer; autoplay; encrypted-media; gyroscope; picture-in-picture\" allowfullscreen><\/iframe><\/p>\n<p>Denne 360 graders universale mobilholderen kan s\u00e5 og si brukes til \u00e5 holde nesten alt som du tar med deg inn i bilen eller b\u00e5ten.<\/p>\n<p>Kan strekke seg ca. 10 cm og har et solid grep. Passer derfor ogs\u00e5 til Samsung Galaxy Note modellene.<\/p>\n<p>Sugekoppen p\u00e5 holderen fester seg godt p\u00e5 frontruter og andre glassflater, samt p\u00e5 alle glatte flate overflater. Holderen kan ogs\u00e5 tilpasses flere vinkler og er av god kvalitet.<\/p>\n<p>Silikonmatter festet i holderen gir et bedre grep og samtidig beskytter enheten mot slitasje.<\/p>\n<p>Holderen kan brukes til andre form\u00e5l ogs\u00e5 utenfor bilen og b\u00e5ten. Se illustrasjonsbildene ovenfor.<\/p>\n","protected":false},"excerpt":{"rendered":"<p>En fantastisk 360 garders universal mobilholder som kan brukes til \u00e5 holde GPS, alle smarttelefoner, parkeringslapper, kaffekrus, m.m.<br \/>\nKan strekke seg ca. 10 cm og har et solid grep.<\/p>\n","protected":false},"featured_media":135,"comment_status":"closed","ping_status":"closed","template":"","meta":{"_monsterinsights_skip_tracking":false,"_monsterinsights_sitenote_active":false,"_monsterinsights_sitenote_note":"","_monsterinsights_sitenote_category":0,"iawp_total_views":1},"product_brand":[],"product_cat":[39],"product_tag":[146,147,152,154,19,144,161,160,159,148,155,153,157,150,145,143,149,158,151,64,14,156,70,111],"class_list":{"0":"post-123","1":"product","2":"type-product","3":"status-publish","4":"has-post-thumbnail","6":"product_cat-mobil-og-nettbrett","7":"product_tag-146","8":"product_tag-360-grader","9":"product_tag-apple","10":"product_tag-bil","11":"product_tag-billig","12":"product_tag-bra","13":"product_tag-finn","14":"product_tag-finn-no","15":"product_tag-gps","16":"product_tag-grader","17":"product_tag-handsfree","18":"product_tag-ipad","19":"product_tag-iphone","20":"product_tag-koppholder","21":"product_tag-kvalitet","22":"product_tag-mobilholder","23":"product_tag-multi","24":"product_tag-parkeringslapp","25":"product_tag-samsung-galaxy","26":"product_tag-selvfiks","27":"product_tag-selvfiks-store","28":"product_tag-smarttelefon","29":"product_tag-tilbud","30":"product_tag-universal","31":"pa_farge-bla","32":"pa_farge-gul","33":"pa_farge-hvit","34":"pa_farge-rod","35":"pa_farge-svart","37":"first","38":"outofstock","39":"sale","40":"taxable","41":"shipping-taxable","42":"purchasable","43":"product-type-variable","44":"has-default-attributes"},"_links":{"self":[{"href":"https:\/\/selvfiks.net\/butikk\/wp-json\/wp\/v2\/product\/123","targetHints":{"allow":["GET"]}}],"collection":[{"href":"https:\/\/selvfiks.net\/butikk\/wp-json\/wp\/v2\/product"}],"about":[{"href":"https:\/\/selvfiks.net\/butikk\/wp-json\/wp\/v2\/types\/product"}],"replies":[{"embeddable":true,"href":"https:\/\/selvfiks.net\/butikk\/wp-json\/wp\/v2\/comments?post=123"}],"wp:featuredmedia":[{"embeddable":true,"href":"https:\/\/selvfiks.net\/butikk\/wp-json\/wp\/v2\/media\/135"}],"wp:attachment":[{"href":"https:\/\/selvfiks.net\/butikk\/wp-json\/wp\/v2\/media?parent=123"}],"wp:term":[{"taxonomy":"product_brand","embeddable":true,"href":"https:\/\/selvfiks.net\/butikk\/wp-json\/wp\/v2\/product_brand?post=123"},{"taxonomy":"product_cat","embeddable":true,"href":"https:\/\/selvfiks.net\/butikk\/wp-json\/wp\/v2\/product_cat?post=123"},{"taxonomy":"product_tag","embeddable":true,"href":"https:\/\/selvfiks.net\/butikk\/wp-json\/wp\/v2\/product_tag?post=123"}],"curies":[{"name":"wp","href":"https:\/\/api.w.org\/{rel}","templated":true}]}}