{"id":1283,"date":"2018-12-04T23:14:04","date_gmt":"2018-12-04T22:14:04","guid":{"rendered":"https:\/\/selvfiks.net\/butikk\/?post_type=product&#038;p=1283"},"modified":"2019-11-03T11:51:11","modified_gmt":"2019-11-03T10:51:11","slug":"tradlose-oreplugger-med-batteripakke","status":"publish","type":"product","link":"https:\/\/selvfiks.net\/butikk\/produkt\/tradlose-oreplugger-med-batteripakke\/","title":{"rendered":"Tr\u00e5dl\u00f8se \u00f8replugger med batteripakke"},"content":{"rendered":"<h4><strong>Spesifikasjoner for tr\u00e5dl\u00f8se \u00f8replugger med batteripakke:<\/strong><\/h4>\n<p><strong>St\u00f8ttede protokoll:<\/strong> A2PD 1.3 \/ HFP 1.6 \/ HSP 1.2 \/ AVRCP 1.6 \/ Dl1.3<br \/>\n<strong>St\u00f8yreduksjon:<\/strong> CVC 6.0<br \/>\n<strong>Bluetooth versjon:<\/strong> 4.2<br \/>\n<strong>Frekvens:<\/strong> 2,4 GHz<br \/>\n<strong>Tr\u00e5dl\u00f8s avstand:<\/strong> ca. 10 meter<br \/>\n<strong>Mottaker f\u00f8lsomhet:<\/strong> -90dBm<br \/>\n<strong>Batterikapasitet:<\/strong><br \/>\n\u00d8replugger: 85mAh<br \/>\nBatteripakke: 1500mAh<br \/>\n<strong>Musikklytting og ringetid:<\/strong><br \/>\n\u00d8replugg separat: 6-7 timer<br \/>\nN\u00e5r \u00f8replugger parret: 4-5 timer<br \/>\n<strong>Standby tid:<\/strong><br \/>\n\u00d8replugg separat: 240 timer<br \/>\nN\u00e5r \u00f8replugger parrett: 120 timer<br \/>\n<strong>Ladetid:<\/strong> 2 timer<br \/>\n<strong>Lydvarsling:<\/strong> JA<br \/>\n<strong>H\u00e5ndfri samtale:<\/strong> JA<br \/>\n<strong>Kan kobles til:<\/strong> De fleste enheter som st\u00f8tter bluetooth (Datamaskiner, Iphone telefoner, Android telefoner, TV, m.m.)<\/p>\n<h4><strong>Innhold i pakke tilknyttet\u00a0<\/strong><strong>tr\u00e5dl\u00f8se \u00f8replugger med batteripakke<\/strong><strong>:<\/strong><\/h4>\n<p>1 stk par tr\u00e5dl\u00f8se \u00f8replugger<br \/>\n1 stk\u00a0 batteripakke<br \/>\n1 stk Micro USB-kabel til lading.<br \/>\n1 stk Brukerh\u00e5ndbok<br \/>\n3 stk par plugger av forskjellige st\u00f8rrelser<br \/>\n1 stk T\u00f8yveske til alt innhold<\/p>\n","protected":false},"excerpt":{"rendered":"<p>St\u00f8yreduserende tr\u00e5dl\u00f8se \u00f8replugger du kan b\u00e5de lytte til musikk uten ytre forstyrrelser og med en\u00a0innebygd mikrofon benytte dem til \u00e5 snakke i telefon.<\/p>\n<p>N\u00e5r du er ferdig med \u00e5 bruke dem setter du dem\u00a0 bare i medf\u00f8lgende batteripakke og lar dem lade. P\u00e5 den m\u00e5ten er de alltids klare til bruk.<\/p>\n<p>Batteripakken viser hvor mye str\u00f8m som er igjen med antall ledlys.<\/p>\n<p>\u00d8repluggene kobles enkelt til den aktuelle enheten med bluetooh (bl\u00e5tann). De passer derfor fint til all slags bruk.<\/p>\n<p>Kommer i seks forskjellige farger.<\/p>\n","protected":false},"featured_media":1299,"comment_status":"closed","ping_status":"closed","template":"","meta":{"_monsterinsights_skip_tracking":false,"_monsterinsights_sitenote_active":false,"_monsterinsights_sitenote_note":"","_monsterinsights_sitenote_category":0,"iawp_total_views":0},"product_brand":[],"product_cat":[39],"product_tag":[152,212,711,468,704,467,155,708,706,484,709,705,644,710,165,707,703,174],"class_list":{"0":"post-1283","1":"product","2":"type-product","3":"status-publish","4":"has-post-thumbnail","6":"product_cat-mobil-og-nettbrett","7":"product_tag-apple","8":"product_tag-batteri","9":"product_tag-batteripakke","10":"product_tag-blatannhandfri","11":"product_tag-datamaskin","12":"product_tag-handfriblatann","13":"product_tag-handsfree","14":"product_tag-htc","15":"product_tag-huawei","16":"product_tag-lg","17":"product_tag-loping","18":"product_tag-mac","19":"product_tag-musikk","20":"product_tag-oppladbar","21":"product_tag-samsung","22":"product_tag-sony","23":"product_tag-telefon","24":"product_tag-trening","25":"pa_farge-bla","26":"pa_farge-knallrosa","27":"pa_farge-morkebla","28":"pa_farge-rod","29":"pa_farge-solv","30":"pa_farge-svart","32":"first","33":"outofstock","34":"taxable","35":"shipping-taxable","36":"purchasable","37":"product-type-variable"},"_links":{"self":[{"href":"https:\/\/selvfiks.net\/butikk\/wp-json\/wp\/v2\/product\/1283","targetHints":{"allow":["GET"]}}],"collection":[{"href":"https:\/\/selvfiks.net\/butikk\/wp-json\/wp\/v2\/product"}],"about":[{"href":"https:\/\/selvfiks.net\/butikk\/wp-json\/wp\/v2\/types\/product"}],"replies":[{"embeddable":true,"href":"https:\/\/selvfiks.net\/butikk\/wp-json\/wp\/v2\/comments?post=1283"}],"wp:featuredmedia":[{"embeddable":true,"href":"https:\/\/selvfiks.net\/butikk\/wp-json\/wp\/v2\/media\/1299"}],"wp:attachment":[{"href":"https:\/\/selvfiks.net\/butikk\/wp-json\/wp\/v2\/media?parent=1283"}],"wp:term":[{"taxonomy":"product_brand","embeddable":true,"href":"https:\/\/selvfiks.net\/butikk\/wp-json\/wp\/v2\/product_brand?post=1283"},{"taxonomy":"product_cat","embeddable":true,"href":"https:\/\/selvfiks.net\/butikk\/wp-json\/wp\/v2\/product_cat?post=1283"},{"taxonomy":"product_tag","embeddable":true,"href":"https:\/\/selvfiks.net\/butikk\/wp-json\/wp\/v2\/product_tag?post=1283"}],"curies":[{"name":"wp","href":"https:\/\/api.w.org\/{rel}","templated":true}]}}