{"id":168,"date":"2016-06-05T00:13:26","date_gmt":"2016-06-04T22:13:26","guid":{"rendered":"https:\/\/selvfiks.net\/butikk\/?post_type=product&#038;p=168"},"modified":"2019-11-03T13:08:32","modified_gmt":"2019-11-03T12:08:32","slug":"bilbelte-for-hund","status":"publish","type":"product","link":"https:\/\/selvfiks.net\/butikk\/produkt\/bilbelte-for-hund\/","title":{"rendered":"Bilbelte for hund"},"content":{"rendered":"","protected":false},"excerpt":{"rendered":"<p>Bilbelte for hund som festes til hundens halsb\u00e5nd eller annen feste p\u00e5 hunden og bilens bilbelte l\u00e5s.<\/p>\n","protected":false},"featured_media":169,"comment_status":"closed","ping_status":"closed","template":"","meta":{"_monsterinsights_skip_tracking":false,"_monsterinsights_sitenote_active":false,"_monsterinsights_sitenote_note":"","_monsterinsights_sitenote_category":0,"iawp_total_views":0},"product_brand":[],"product_cat":[30],"product_tag":[189,154,188,193,180,20,21,192,190,191,14,194],"class_list":{"0":"post-168","1":"product","2":"type-product","3":"status-publish","4":"has-post-thumbnail","6":"product_cat-kjaeledyr","7":"product_tag-belte","8":"product_tag-bil","9":"product_tag-bilbelte","10":"product_tag-bilbelte-feste","11":"product_tag-feste","12":"product_tag-fri-frakt","13":"product_tag-gratis-frakt","14":"product_tag-halsband","15":"product_tag-hund","16":"product_tag-katt","17":"product_tag-selvfiks-store","18":"product_tag-sikkerhet","19":"pa_farge-bla","20":"pa_farge-lilla","21":"pa_farge-rosa","22":"pa_farge-rod","23":"pa_farge-svart","25":"first","26":"outofstock","27":"sale","28":"taxable","29":"shipping-taxable","30":"purchasable","31":"product-type-variable","32":"has-default-attributes"},"_links":{"self":[{"href":"https:\/\/selvfiks.net\/butikk\/wp-json\/wp\/v2\/product\/168","targetHints":{"allow":["GET"]}}],"collection":[{"href":"https:\/\/selvfiks.net\/butikk\/wp-json\/wp\/v2\/product"}],"about":[{"href":"https:\/\/selvfiks.net\/butikk\/wp-json\/wp\/v2\/types\/product"}],"replies":[{"embeddable":true,"href":"https:\/\/selvfiks.net\/butikk\/wp-json\/wp\/v2\/comments?post=168"}],"wp:featuredmedia":[{"embeddable":true,"href":"https:\/\/selvfiks.net\/butikk\/wp-json\/wp\/v2\/media\/169"}],"wp:attachment":[{"href":"https:\/\/selvfiks.net\/butikk\/wp-json\/wp\/v2\/media?parent=168"}],"wp:term":[{"taxonomy":"product_brand","embeddable":true,"href":"https:\/\/selvfiks.net\/butikk\/wp-json\/wp\/v2\/product_brand?post=168"},{"taxonomy":"product_cat","embeddable":true,"href":"https:\/\/selvfiks.net\/butikk\/wp-json\/wp\/v2\/product_cat?post=168"},{"taxonomy":"product_tag","embeddable":true,"href":"https:\/\/selvfiks.net\/butikk\/wp-json\/wp\/v2\/product_tag?post=168"}],"curies":[{"name":"wp","href":"https:\/\/api.w.org\/{rel}","templated":true}]}}