{"id":195,"date":"2016-06-05T00:46:24","date_gmt":"2016-06-04T22:46:24","guid":{"rendered":"https:\/\/selvfiks.net\/butikk\/?post_type=product&#038;p=195"},"modified":"2019-11-03T13:08:30","modified_gmt":"2019-11-03T12:08:30","slug":"selfie-stang-kameramobil","status":"publish","type":"product","link":"https:\/\/selvfiks.net\/butikk\/produkt\/selfie-stang-kameramobil\/","title":{"rendered":"Selfie stang kamera\/mobil"},"content":{"rendered":"<h4>Selfiestangen som har knapp:<\/h4>\n<p>Det forutsettes at telefonen din st\u00f8tter minijack. For \u00e5 f\u00e5 knappen til \u00e5 fungere, m\u00e5 du ogs\u00e5 innstille telefonen din til \u00e5 st\u00f8tte det.<\/p>\n<h4>Selfie stangen er ogs\u00e5 kombitabel med alle mobiltelefoner som er p\u00e5 st\u00f8rrelse med:<\/h4>\n<p>Iphone 3GS, 3G, 4, 4S, 5, 5C, 5S, S6, S7 og S8. F\u00e5s i flere farger.<\/p>\n<h4>Selfiestang med knapp er noe kortere:<\/h4>\n<p>61,5 cm i utstrakt lengde og 15 cm n\u00e5r teleskopet er sl\u00e5tt sammen.<\/p>\n","protected":false},"excerpt":{"rendered":"<p>Denne selfie stangen gir deg muligheten til \u00e5 bruke b\u00e5de ditt vanlige kamera og din mobiltelefon.<\/p>\n<p>Videre er denne stangen en teleskop stang som gir deg to fordeler. Den er lett \u00e5 pakke og du kan justere lengden p\u00e5 den.<\/p>\n<p>Den er kompitabel med alle kameraer som st\u00f8tter stativ funksjon.<\/p>\n<p>Vi selger to versjoner av selfie stangen.<\/p>\n<p>Man har med funksjon for \u00e5 kunne ta bilder med en knapp og uten.<\/p>\n<p>&nbsp;<\/p>\n","protected":false},"featured_media":556,"comment_status":"open","ping_status":"closed","template":"","meta":{"_monsterinsights_skip_tracking":false,"_monsterinsights_sitenote_active":false,"_monsterinsights_sitenote_note":"","_monsterinsights_sitenote_category":0,"iawp_total_views":1},"product_brand":[],"product_cat":[39],"product_tag":[152,19,241,234,233,67,236,237,232,66,238,22,157,230,229,231,228,227,242,102,244,243,240,165,221,225,223,64,14,235,222,226,224,65,239,133],"class_list":{"0":"post-195","1":"product","2":"type-product","3":"status-publish","4":"has-post-thumbnail","6":"product_cat-mobil-og-nettbrett","7":"product_tag-apple","8":"product_tag-billig","9":"product_tag-bla","10":"product_tag-enkel","11":"product_tag-foto","12":"product_tag-frakt","13":"product_tag-fri","14":"product_tag-frifrakt","15":"product_tag-galaxy","16":"product_tag-gratis","17":"product_tag-gratisfrakt","18":"product_tag-hjelp","19":"product_tag-iphone","20":"product_tag-iphone-3","21":"product_tag-iphone-4","22":"product_tag-iphone3g","23":"product_tag-iphone5","24":"product_tag-kamera","25":"product_tag-kul","26":"product_tag-morsom","27":"product_tag-orsa","28":"product_tag-rosa","29":"product_tag-rod","30":"product_tag-samsung","31":"product_tag-selfie","32":"product_tag-selfie-stang","33":"product_tag-selfiestang","34":"product_tag-selvfiks","35":"product_tag-selvfiks-store","36":"product_tag-selvfiksstore","37":"product_tag-stang","38":"product_tag-stang-selfie","39":"product_tag-stangselfie","40":"product_tag-store","41":"product_tag-svar","42":"product_tag-teleskop","43":"pa_farge-bla","44":"pa_farge-bla-med-selfieknapp","45":"pa_farge-gronn-med-selfieknapp","46":"pa_farge-hvit-med-selfieknapp","47":"pa_farge-rosa","48":"pa_farge-rosa-med-selfieknapp","49":"pa_farge-svart","50":"pa_farge-svart-med-selfieknapp","52":"first","53":"outofstock","54":"taxable","55":"shipping-taxable","56":"purchasable","57":"product-type-variable"},"_links":{"self":[{"href":"https:\/\/selvfiks.net\/butikk\/wp-json\/wp\/v2\/product\/195","targetHints":{"allow":["GET"]}}],"collection":[{"href":"https:\/\/selvfiks.net\/butikk\/wp-json\/wp\/v2\/product"}],"about":[{"href":"https:\/\/selvfiks.net\/butikk\/wp-json\/wp\/v2\/types\/product"}],"replies":[{"embeddable":true,"href":"https:\/\/selvfiks.net\/butikk\/wp-json\/wp\/v2\/comments?post=195"}],"wp:featuredmedia":[{"embeddable":true,"href":"https:\/\/selvfiks.net\/butikk\/wp-json\/wp\/v2\/media\/556"}],"wp:attachment":[{"href":"https:\/\/selvfiks.net\/butikk\/wp-json\/wp\/v2\/media?parent=195"}],"wp:term":[{"taxonomy":"product_brand","embeddable":true,"href":"https:\/\/selvfiks.net\/butikk\/wp-json\/wp\/v2\/product_brand?post=195"},{"taxonomy":"product_cat","embeddable":true,"href":"https:\/\/selvfiks.net\/butikk\/wp-json\/wp\/v2\/product_cat?post=195"},{"taxonomy":"product_tag","embeddable":true,"href":"https:\/\/selvfiks.net\/butikk\/wp-json\/wp\/v2\/product_tag?post=195"}],"curies":[{"name":"wp","href":"https:\/\/api.w.org\/{rel}","templated":true}]}}