{"id":284,"date":"2016-11-11T00:54:21","date_gmt":"2016-11-10T23:54:21","guid":{"rendered":"https:\/\/selvfiks.net\/butikk\/?post_type=product&#038;p=284"},"modified":"2019-11-03T13:05:01","modified_gmt":"2019-11-03T12:05:01","slug":"10-stk-sminkeborster","status":"publish","type":"product","link":"https:\/\/selvfiks.net\/butikk\/produkt\/10-stk-sminkeborster\/","title":{"rendered":"10 stk Sminkeb\u00f8rster"},"content":{"rendered":"","protected":false},"excerpt":{"rendered":"<p>F\u00e5 ditt eget komplette sett med sminkeb\u00f8rster til en billig penge. I denne pakken med 10 b\u00f8rster har du alt du trenger for \u00e5 sminke deg til alle anledninger. B\u00f8rstepakkene kommer i ulike farger, velg det som passer deg.<\/p>\n<p><strong>I pakken f\u00f8lger det f\u00f8lgende b\u00f8rster:<\/strong><\/p>\n<p>Fundament b\u00f8rste, r\u00f8dme b\u00f8rste, pulver b\u00f8rste, concealer b\u00f8rste, kontur b\u00f8rste, \u00f8yeskygge b\u00f8rste type 1, \u00f8yebryn b\u00f8rste, \u00f8yelinje b\u00f8rste, ansikts blender b\u00f8rste og \u00f8yeskygge b\u00f8rste type 2.<\/p>\n","protected":false},"featured_media":290,"comment_status":"open","ping_status":"closed","template":"","meta":{"_monsterinsights_skip_tracking":false,"_monsterinsights_sitenote_active":false,"_monsterinsights_sitenote_note":"","_monsterinsights_sitenote_category":0,"iawp_total_views":1},"product_brand":[],"product_cat":[532],"product_tag":[310,19,317,305,316,67,236,311,66,306,309,312,321,320,315,314,64,14,308,292,318,319,313,307,84],"class_list":{"0":"post-284","1":"product","2":"type-product","3":"status-publish","4":"has-post-thumbnail","6":"product_cat-helse-og-velvaere","7":"product_tag-artist","8":"product_tag-billig","9":"product_tag-borster","10":"product_tag-dame","11":"product_tag-farge","12":"product_tag-frakt","13":"product_tag-fri","14":"product_tag-frisor","15":"product_tag-gratis","16":"product_tag-kvinne","17":"product_tag-makeup","18":"product_tag-makeupartist","19":"product_tag-makeupborste","20":"product_tag-makeupborster","21":"product_tag-mote","22":"product_tag-pen","23":"product_tag-selvfiks","24":"product_tag-selvfiks-store","25":"product_tag-skjonnhet","26":"product_tag-sminke","27":"product_tag-sminkeborste","28":"product_tag-sminkeborster","29":"product_tag-sminkeutstyr","30":"product_tag-stil","31":"product_tag-utstyr","32":"pa_farge-rose-gull","33":"pa_farge-rose-rod","34":"pa_farge-svart","35":"pa_farge-svartgull","36":"pa_farge-svartsolv","38":"first","39":"outofstock","40":"featured","41":"taxable","42":"shipping-taxable","43":"purchasable","44":"product-type-variable"},"_links":{"self":[{"href":"https:\/\/selvfiks.net\/butikk\/wp-json\/wp\/v2\/product\/284","targetHints":{"allow":["GET"]}}],"collection":[{"href":"https:\/\/selvfiks.net\/butikk\/wp-json\/wp\/v2\/product"}],"about":[{"href":"https:\/\/selvfiks.net\/butikk\/wp-json\/wp\/v2\/types\/product"}],"replies":[{"embeddable":true,"href":"https:\/\/selvfiks.net\/butikk\/wp-json\/wp\/v2\/comments?post=284"}],"wp:featuredmedia":[{"embeddable":true,"href":"https:\/\/selvfiks.net\/butikk\/wp-json\/wp\/v2\/media\/290"}],"wp:attachment":[{"href":"https:\/\/selvfiks.net\/butikk\/wp-json\/wp\/v2\/media?parent=284"}],"wp:term":[{"taxonomy":"product_brand","embeddable":true,"href":"https:\/\/selvfiks.net\/butikk\/wp-json\/wp\/v2\/product_brand?post=284"},{"taxonomy":"product_cat","embeddable":true,"href":"https:\/\/selvfiks.net\/butikk\/wp-json\/wp\/v2\/product_cat?post=284"},{"taxonomy":"product_tag","embeddable":true,"href":"https:\/\/selvfiks.net\/butikk\/wp-json\/wp\/v2\/product_tag?post=284"}],"curies":[{"name":"wp","href":"https:\/\/api.w.org\/{rel}","templated":true}]}}