{"id":375,"date":"2017-06-07T23:31:23","date_gmt":"2017-06-07T21:31:23","guid":{"rendered":"https:\/\/selvfiks.net\/butikk\/?post_type=product&#038;p=375"},"modified":"2019-11-03T13:04:57","modified_gmt":"2019-11-03T12:04:57","slug":"spinner","status":"publish","type":"product","link":"https:\/\/selvfiks.net\/butikk\/produkt\/spinner\/","title":{"rendered":"Spinner"},"content":{"rendered":"<h4><strong>Bruksanvisning for spinner:<\/strong><\/h4>\n<p>Man bruker en spinner ved \u00e5 plasser tommelen og pekefingeren i midten av spinner ogs\u00e5 lar man den snurre etter at man har gitt den et vennlig dytt.<\/p>\n","protected":false},"excerpt":{"rendered":"<p>Denne popul\u00e6re leken er b\u00e5de morsom \u00e5 bruke og kan redusere stress ved bruk. Den kan ogs\u00e5 hjelpe p\u00e5 med konsentrasjonen og \u00a0gi et utl\u00f8p for energi som er overfl\u00f8dig.<\/p>\n<p>Spinneren kommer i flere farger, s\u00e5 her er det bare velge det man foretrekker mest.<\/p>\n","protected":false},"featured_media":383,"comment_status":"open","ping_status":"closed","template":"","meta":{"_monsterinsights_skip_tracking":false,"_monsterinsights_sitenote_active":false,"_monsterinsights_sitenote_note":"","_monsterinsights_sitenote_category":0,"iawp_total_views":1},"product_brand":[],"product_cat":[29],"product_tag":[385,19,241,384,387,400,237,66,97,392,98,386,397,394,389,401,390,243,71,64,235,402,403,383,388,398,395,396,391,70,399,393],"class_list":{"0":"post-375","1":"product","2":"type-product","3":"status-publish","4":"has-post-thumbnail","6":"product_cat-ting-og-tang","7":"product_tag-adhd","8":"product_tag-billig","9":"product_tag-bla","10":"product_tag-fidget","11":"product_tag-fidgetspinner","12":"product_tag-finger","13":"product_tag-frifrakt","14":"product_tag-gratis","15":"product_tag-gronn","16":"product_tag-gul","17":"product_tag-hvit","18":"product_tag-konsentrasjon","19":"product_tag-konsentrere","20":"product_tag-kulelager","21":"product_tag-leke","22":"product_tag-pekefinger","23":"product_tag-populaer","24":"product_tag-rosa","25":"product_tag-salg","26":"product_tag-selvfiks","27":"product_tag-selvfiksstore","28":"product_tag-spinne","29":"product_tag-spinnedings","30":"product_tag-spinner","31":"product_tag-spinnerfidget","32":"product_tag-stille","33":"product_tag-stress","34":"product_tag-stressmestring","35":"product_tag-svart","36":"product_tag-tilbud","37":"product_tag-tommel","38":"product_tag-ungdom","39":"pa_farge-bla","40":"pa_farge-gronn","41":"pa_farge-gul","42":"pa_farge-hvit","43":"pa_farge-rosa","44":"pa_farge-rod","45":"pa_farge-svart","47":"first","48":"outofstock","49":"taxable","50":"shipping-taxable","51":"purchasable","52":"product-type-variable","53":"has-default-attributes"},"_links":{"self":[{"href":"https:\/\/selvfiks.net\/butikk\/wp-json\/wp\/v2\/product\/375","targetHints":{"allow":["GET"]}}],"collection":[{"href":"https:\/\/selvfiks.net\/butikk\/wp-json\/wp\/v2\/product"}],"about":[{"href":"https:\/\/selvfiks.net\/butikk\/wp-json\/wp\/v2\/types\/product"}],"replies":[{"embeddable":true,"href":"https:\/\/selvfiks.net\/butikk\/wp-json\/wp\/v2\/comments?post=375"}],"wp:featuredmedia":[{"embeddable":true,"href":"https:\/\/selvfiks.net\/butikk\/wp-json\/wp\/v2\/media\/383"}],"wp:attachment":[{"href":"https:\/\/selvfiks.net\/butikk\/wp-json\/wp\/v2\/media?parent=375"}],"wp:term":[{"taxonomy":"product_brand","embeddable":true,"href":"https:\/\/selvfiks.net\/butikk\/wp-json\/wp\/v2\/product_brand?post=375"},{"taxonomy":"product_cat","embeddable":true,"href":"https:\/\/selvfiks.net\/butikk\/wp-json\/wp\/v2\/product_cat?post=375"},{"taxonomy":"product_tag","embeddable":true,"href":"https:\/\/selvfiks.net\/butikk\/wp-json\/wp\/v2\/product_tag?post=375"}],"curies":[{"name":"wp","href":"https:\/\/api.w.org\/{rel}","templated":true}]}}