{"id":431,"date":"2017-11-12T14:03:48","date_gmt":"2017-11-12T13:03:48","guid":{"rendered":"https:\/\/selvfiks.net\/butikk\/?post_type=product&#038;p=431"},"modified":"2019-11-03T13:04:55","modified_gmt":"2019-11-03T12:04:55","slug":"veggbeskytter-i-mosaikk","status":"publish","type":"product","link":"https:\/\/selvfiks.net\/butikk\/produkt\/veggbeskytter-i-mosaikk\/","title":{"rendered":"Veggbeskytter i mosaikk"},"content":{"rendered":"<p><strong>Bruksanvisning:<\/strong><\/p>\n<ol>\n<li>Rengj\u00f8r overflaten du skal klistre veggbeskytteren p\u00e5.<\/li>\n<li>M\u00e5l overflaten du skal klistre veggbeskytteren p\u00e5 og tilpass veggbeskytteren til overflaten ved \u00e5 klippe etter m\u00e5lte verdier.<\/li>\n<li>Ta av folien p\u00e5 baksiden av veggbeskytteren og klistre p\u00e5 den rengjorte overflaten.<\/li>\n<li>Pass p\u00e5 at det ikke blir noen luftbobler igjen bak veggbeskytteren for best resultat.<\/li>\n<\/ol>\n","protected":false},"excerpt":{"rendered":"<p>Med denne veggbeskytteren i mosaikk beskytter du veggen din mot oljesprut og andre mat flekker n\u00e5r du lager mat. Veggbeskytteren er laget for \u00e5 plasseres ved ovnen og t\u00e5ler derfor ogs\u00e5 varme. Den er lett \u00e5 vaske, men er ogs\u00e5 lett \u00e5 fjerne hvis man \u00f8nsker \u00e5 bytte den ut.<\/p>\n<p>Den kommer med klister p\u00e5 baksiden, noe som gj\u00f8r den lett \u00e5 feste til de fleste overflater. Inkludert fliser.<\/p>\n<p>Veggbeskytteren kommer i flere farger, slik at du kan velge den som passer ditt kj\u00f8kken best.<\/p>\n<p>Veggbeskytteren kommer i en rull p\u00e5 200 cm x 45 cm.<\/p>\n","protected":false},"featured_media":439,"comment_status":"open","ping_status":"closed","template":"","meta":{"_monsterinsights_skip_tracking":false,"_monsterinsights_sitenote_active":false,"_monsterinsights_sitenote_note":"","_monsterinsights_sitenote_category":0,"iawp_total_views":0},"product_brand":[],"product_cat":[28],"product_tag":[418,417,19,241,422,426,429,21,97,392,420,98,79,80,427,430,424,425,419,64,14,421,423,428,416],"class_list":{"0":"post-431","1":"product","2":"type-product","3":"status-publish","4":"has-post-thumbnail","6":"product_cat-hjem-og-interior","7":"product_tag-aliminum","8":"product_tag-beskytter","9":"product_tag-billig","10":"product_tag-bla","11":"product_tag-brun","12":"product_tag-flekker","13":"product_tag-fliser","14":"product_tag-gratis-frakt","15":"product_tag-gronn","16":"product_tag-gul","17":"product_tag-gull","18":"product_tag-hvit","19":"product_tag-kjokken","20":"product_tag-mat","21":"product_tag-matflekker","22":"product_tag-mosaikk","23":"product_tag-olje","24":"product_tag-oljeflekker","25":"product_tag-ovn","26":"product_tag-selvfiks","27":"product_tag-selvfiks-store","28":"product_tag-solv","29":"product_tag-varme","30":"product_tag-vegg","31":"product_tag-veggbeskytter","32":"pa_farge-bla","33":"pa_farge-brun","34":"pa_farge-gronn","35":"pa_farge-gul","36":"pa_farge-gull","37":"pa_farge-hvit","38":"pa_farge-solv","40":"first","41":"outofstock","42":"taxable","43":"shipping-taxable","44":"purchasable","45":"product-type-variable","46":"has-default-attributes"},"_links":{"self":[{"href":"https:\/\/selvfiks.net\/butikk\/wp-json\/wp\/v2\/product\/431","targetHints":{"allow":["GET"]}}],"collection":[{"href":"https:\/\/selvfiks.net\/butikk\/wp-json\/wp\/v2\/product"}],"about":[{"href":"https:\/\/selvfiks.net\/butikk\/wp-json\/wp\/v2\/types\/product"}],"replies":[{"embeddable":true,"href":"https:\/\/selvfiks.net\/butikk\/wp-json\/wp\/v2\/comments?post=431"}],"wp:featuredmedia":[{"embeddable":true,"href":"https:\/\/selvfiks.net\/butikk\/wp-json\/wp\/v2\/media\/439"}],"wp:attachment":[{"href":"https:\/\/selvfiks.net\/butikk\/wp-json\/wp\/v2\/media?parent=431"}],"wp:term":[{"taxonomy":"product_brand","embeddable":true,"href":"https:\/\/selvfiks.net\/butikk\/wp-json\/wp\/v2\/product_brand?post=431"},{"taxonomy":"product_cat","embeddable":true,"href":"https:\/\/selvfiks.net\/butikk\/wp-json\/wp\/v2\/product_cat?post=431"},{"taxonomy":"product_tag","embeddable":true,"href":"https:\/\/selvfiks.net\/butikk\/wp-json\/wp\/v2\/product_tag?post=431"}],"curies":[{"name":"wp","href":"https:\/\/api.w.org\/{rel}","templated":true}]}}