{"id":475,"date":"2018-01-03T21:05:05","date_gmt":"2018-01-03T20:05:05","guid":{"rendered":"https:\/\/selvfiks.net\/butikk\/?post_type=product&#038;p=475"},"modified":"2019-11-03T13:04:53","modified_gmt":"2019-11-03T12:04:53","slug":"handfri-telefon-for-bil","status":"publish","type":"product","link":"https:\/\/selvfiks.net\/butikk\/produkt\/handfri-telefon-for-bil\/","title":{"rendered":"H\u00e5ndfri telefon for bil"},"content":{"rendered":"","protected":false},"excerpt":{"rendered":"<p>Har du ikke innebygd h\u00e5ndfri\/handsfree telefon i bilen, kan du f\u00e5 bruk for denne. Denne fungerer med bl\u00e5tann ogs\u00e5 kjent som bluetooth med alle telefoner som st\u00f8tter denne funksjonen. Er oppladbar og lett \u00e5 ta med seg.<\/p>\n<p>Sammen med den h\u00e5ndfrie telefonen f\u00f8lger det med en bil lader, en Micro USB kabel og et feste til solskjermen i din bil.<\/p>\n<p>H\u00e5ndfri telefon fungerer kun ved bruk av vanlig telefon gjennom bl\u00e5tann\/bluetooth.<\/p>\n","protected":false},"featured_media":476,"comment_status":"open","ping_status":"closed","template":"","meta":{"_monsterinsights_skip_tracking":false,"_monsterinsights_sitenote_active":false,"_monsterinsights_sitenote_note":"","_monsterinsights_sitenote_category":0,"iawp_total_views":0},"product_brand":[],"product_cat":[39],"product_tag":[154,460,454,468,455,463,457,459,462,456,467,466,461,458,465,464,64],"class_list":{"0":"post-475","1":"product","2":"type-product","3":"status-publish","4":"has-post-thumbnail","6":"product_cat-mobil-og-nettbrett","7":"product_tag-bil","8":"product_tag-blatan","9":"product_tag-blatann","10":"product_tag-blatannhandfri","11":"product_tag-bluetooth","12":"product_tag-bluetoothhandsfree","13":"product_tag-handfree","14":"product_tag-handfreeblatann","15":"product_tag-handfreebluetooth","16":"product_tag-handfri","17":"product_tag-handfriblatann","18":"product_tag-handfritelefon","19":"product_tag-handsfreeblatann","20":"product_tag-handsfreebluetooth","21":"product_tag-handsfreebluettoth","22":"product_tag-hndfribluetooth","23":"product_tag-selvfiks","25":"first","26":"outofstock","27":"taxable","28":"shipping-taxable","29":"purchasable","30":"product-type-simple"},"_links":{"self":[{"href":"https:\/\/selvfiks.net\/butikk\/wp-json\/wp\/v2\/product\/475","targetHints":{"allow":["GET"]}}],"collection":[{"href":"https:\/\/selvfiks.net\/butikk\/wp-json\/wp\/v2\/product"}],"about":[{"href":"https:\/\/selvfiks.net\/butikk\/wp-json\/wp\/v2\/types\/product"}],"replies":[{"embeddable":true,"href":"https:\/\/selvfiks.net\/butikk\/wp-json\/wp\/v2\/comments?post=475"}],"wp:featuredmedia":[{"embeddable":true,"href":"https:\/\/selvfiks.net\/butikk\/wp-json\/wp\/v2\/media\/476"}],"wp:attachment":[{"href":"https:\/\/selvfiks.net\/butikk\/wp-json\/wp\/v2\/media?parent=475"}],"wp:term":[{"taxonomy":"product_brand","embeddable":true,"href":"https:\/\/selvfiks.net\/butikk\/wp-json\/wp\/v2\/product_brand?post=475"},{"taxonomy":"product_cat","embeddable":true,"href":"https:\/\/selvfiks.net\/butikk\/wp-json\/wp\/v2\/product_cat?post=475"},{"taxonomy":"product_tag","embeddable":true,"href":"https:\/\/selvfiks.net\/butikk\/wp-json\/wp\/v2\/product_tag?post=475"}],"curies":[{"name":"wp","href":"https:\/\/api.w.org\/{rel}","templated":true}]}}