{"id":678,"date":"2018-01-10T20:21:15","date_gmt":"2018-01-10T19:21:15","guid":{"rendered":"https:\/\/selvfiks.net\/butikk\/?post_type=product&#038;p=678"},"modified":"2019-11-03T13:04:51","modified_gmt":"2019-11-03T12:04:51","slug":"blomster-smykke","status":"publish","type":"product","link":"https:\/\/selvfiks.net\/butikk\/produkt\/blomster-smykke\/","title":{"rendered":"Blomster Smykke"},"content":{"rendered":"","protected":false},"excerpt":{"rendered":"<p>Er du glad i smykker og blomster, er dette smykket perfekt for deg. Her f\u00e5r du muligheten til \u00e5 kombinere de to tingene du liker og utsmykke deg med dem.<\/p>\n<p>Smykket kommer i ulike farger, s\u00e5 her er det bare \u00e5 velge den fargen som passer til det du skal g\u00e5 med.<\/p>\n<p>&nbsp;<\/p>\n","protected":false},"featured_media":680,"comment_status":"open","ping_status":"closed","template":"","meta":{"_monsterinsights_skip_tracking":false,"_monsterinsights_sitenote_active":false,"_monsterinsights_sitenote_note":"","_monsterinsights_sitenote_category":0,"iawp_total_views":3},"product_brand":[],"product_cat":[8],"product_tag":[541,537,305,539,540,98,315,542,240,64,536,538],"class_list":{"0":"post-678","1":"product","2":"type-product","3":"status-publish","4":"has-post-thumbnail","6":"product_cat-design-og-mote","7":"product_tag-beige","8":"product_tag-blomster","9":"product_tag-dame","10":"product_tag-design","11":"product_tag-farger","12":"product_tag-hvit","13":"product_tag-mote","14":"product_tag-pent","15":"product_tag-rod","16":"product_tag-selvfiks","17":"product_tag-smykke","18":"product_tag-smykker","19":"pa_farge-beige","20":"pa_farge-gronn","21":"pa_farge-knallrosa","22":"pa_farge-regnbue","23":"pa_farge-rosa","24":"pa_farge-rod","25":"pa_farge-svart","27":"first","28":"outofstock","29":"taxable","30":"shipping-taxable","31":"purchasable","32":"product-type-variable"},"_links":{"self":[{"href":"https:\/\/selvfiks.net\/butikk\/wp-json\/wp\/v2\/product\/678","targetHints":{"allow":["GET"]}}],"collection":[{"href":"https:\/\/selvfiks.net\/butikk\/wp-json\/wp\/v2\/product"}],"about":[{"href":"https:\/\/selvfiks.net\/butikk\/wp-json\/wp\/v2\/types\/product"}],"replies":[{"embeddable":true,"href":"https:\/\/selvfiks.net\/butikk\/wp-json\/wp\/v2\/comments?post=678"}],"wp:featuredmedia":[{"embeddable":true,"href":"https:\/\/selvfiks.net\/butikk\/wp-json\/wp\/v2\/media\/680"}],"wp:attachment":[{"href":"https:\/\/selvfiks.net\/butikk\/wp-json\/wp\/v2\/media?parent=678"}],"wp:term":[{"taxonomy":"product_brand","embeddable":true,"href":"https:\/\/selvfiks.net\/butikk\/wp-json\/wp\/v2\/product_brand?post=678"},{"taxonomy":"product_cat","embeddable":true,"href":"https:\/\/selvfiks.net\/butikk\/wp-json\/wp\/v2\/product_cat?post=678"},{"taxonomy":"product_tag","embeddable":true,"href":"https:\/\/selvfiks.net\/butikk\/wp-json\/wp\/v2\/product_tag?post=678"}],"curies":[{"name":"wp","href":"https:\/\/api.w.org\/{rel}","templated":true}]}}