{"id":693,"date":"2018-01-10T20:33:54","date_gmt":"2018-01-10T19:33:54","guid":{"rendered":"https:\/\/selvfiks.net\/butikk\/?post_type=product&#038;p=693"},"modified":"2019-11-03T13:04:50","modified_gmt":"2019-11-03T12:04:50","slug":"12-stk-serviett-ring-solv-diamant","status":"publish","type":"product","link":"https:\/\/selvfiks.net\/butikk\/produkt\/12-stk-serviett-ring-solv-diamant\/","title":{"rendered":"12 stk Serviett ring &#8211; S\u00f8lv Diamant"},"content":{"rendered":"<h4>Produkt informasjon:<\/h4>\n<h4>St\u00f8rrelse:<\/h4>\n<p>4,5 cm i diameter.<\/p>\n<h4>Antall i pakke:<\/h4>\n<p>12 stk<\/p>\n<h4>Farge:<\/h4>\n<p>S\u00f8lv<\/p>\n","protected":false},"excerpt":{"rendered":"<p>Gi din middag et preg av luksus ved \u00e5 sette serviettene inn i en serviett ring. Det f\u00f8lger med 12 stk i hver pakke. Hver av ringene er p\u00e5 4,5 cm.<\/p>\n<p>Med disse ringene slipper man \u00e5 bruke tid p\u00e5 \u00e5 brette serviettene f\u00f8r en middag.<\/p>\n","protected":false},"featured_media":695,"comment_status":"open","ping_status":"closed","template":"","meta":{"_monsterinsights_skip_tracking":false,"_monsterinsights_sitenote_active":false,"_monsterinsights_sitenote_note":"","_monsterinsights_sitenote_category":0,"iawp_total_views":1},"product_brand":[],"product_cat":[28],"product_tag":[558,549,559,551,79,207,80,554,552,556,553,555,421,557],"class_list":{"0":"post-693","1":"product","2":"type-product","3":"status-publish","4":"has-post-thumbnail","6":"product_cat-hjem-og-interior","7":"product_tag-558","8":"product_tag-diamant","9":"product_tag-gjester","10":"product_tag-interior","11":"product_tag-kjokken","12":"product_tag-luksus","13":"product_tag-mat","14":"product_tag-middag","15":"product_tag-ring","16":"product_tag-ringserviett","17":"product_tag-serviett","18":"product_tag-serviettring","19":"product_tag-solv","20":"product_tag-torke","22":"first","23":"outofstock","24":"taxable","25":"shipping-taxable","26":"purchasable","27":"product-type-simple"},"_links":{"self":[{"href":"https:\/\/selvfiks.net\/butikk\/wp-json\/wp\/v2\/product\/693","targetHints":{"allow":["GET"]}}],"collection":[{"href":"https:\/\/selvfiks.net\/butikk\/wp-json\/wp\/v2\/product"}],"about":[{"href":"https:\/\/selvfiks.net\/butikk\/wp-json\/wp\/v2\/types\/product"}],"replies":[{"embeddable":true,"href":"https:\/\/selvfiks.net\/butikk\/wp-json\/wp\/v2\/comments?post=693"}],"wp:featuredmedia":[{"embeddable":true,"href":"https:\/\/selvfiks.net\/butikk\/wp-json\/wp\/v2\/media\/695"}],"wp:attachment":[{"href":"https:\/\/selvfiks.net\/butikk\/wp-json\/wp\/v2\/media?parent=693"}],"wp:term":[{"taxonomy":"product_brand","embeddable":true,"href":"https:\/\/selvfiks.net\/butikk\/wp-json\/wp\/v2\/product_brand?post=693"},{"taxonomy":"product_cat","embeddable":true,"href":"https:\/\/selvfiks.net\/butikk\/wp-json\/wp\/v2\/product_cat?post=693"},{"taxonomy":"product_tag","embeddable":true,"href":"https:\/\/selvfiks.net\/butikk\/wp-json\/wp\/v2\/product_tag?post=693"}],"curies":[{"name":"wp","href":"https:\/\/api.w.org\/{rel}","templated":true}]}}