{"id":699,"date":"2018-01-10T21:05:29","date_gmt":"2018-01-10T20:05:29","guid":{"rendered":"https:\/\/selvfiks.net\/butikk\/?post_type=product&#038;p=699"},"modified":"2019-11-03T13:04:50","modified_gmt":"2019-11-03T12:04:50","slug":"ansiktsborste-i-silikon","status":"publish","type":"product","link":"https:\/\/selvfiks.net\/butikk\/produkt\/ansiktsborste-i-silikon\/","title":{"rendered":"Ansiktsb\u00f8rste i silikon"},"content":{"rendered":"<h4>Materiale:<\/h4>\n<p>Silikon<\/p>\n<h4>St\u00f8rrelse:<\/h4>\n<p>6,5 cm x 5cm<\/p>\n<h4>Annet:<\/h4>\n<p>Ansiktb\u00f8rste i silikon kommer i tilfeldige farger.<\/p>\n","protected":false},"excerpt":{"rendered":"<p>Vask huden din ren med ansiktsb\u00f8rste i silikon. Med ansiktsb\u00f8rste i silikon kommer du ned i huden, uten \u00e5 skade den. Ansiktsb\u00f8rsten er vannavst\u00f8tende og kan derfor brukes i dusjen ogs\u00e5 uten at den tar noe skade.<\/p>\n<p>Med sugekoppen bak p\u00e5 ansiktsb\u00f8rsten, kan du henge den opp p\u00e5 badet til neste gang du skal bruke den.<\/p>\n<p>Blir levert i tilfeldig farge.<\/p>\n","protected":false},"featured_media":702,"comment_status":"open","ping_status":"closed","template":"","meta":{"_monsterinsights_skip_tracking":false,"_monsterinsights_sitenote_active":false,"_monsterinsights_sitenote_note":"","_monsterinsights_sitenote_category":0,"iawp_total_views":4},"product_brand":[],"product_cat":[532],"product_tag":[286,290,291,561,562,288,564,566,560,110,565,258,563],"class_list":{"0":"post-699","1":"product","2":"type-product","3":"status-publish","4":"has-post-thumbnail","6":"product_cat-helse-og-velvaere","7":"product_tag-ansikt","8":"product_tag-ansiktborste","9":"product_tag-ansiktsborste","10":"product_tag-bad","11":"product_tag-dusj","12":"product_tag-helse","13":"product_tag-hud","14":"product_tag-hygiene","15":"product_tag-pad","16":"product_tag-silikon","17":"product_tag-spa","18":"product_tag-vann","19":"product_tag-velvaere","21":"first","22":"outofstock","23":"taxable","24":"shipping-taxable","25":"purchasable","26":"product-type-simple"},"_links":{"self":[{"href":"https:\/\/selvfiks.net\/butikk\/wp-json\/wp\/v2\/product\/699","targetHints":{"allow":["GET"]}}],"collection":[{"href":"https:\/\/selvfiks.net\/butikk\/wp-json\/wp\/v2\/product"}],"about":[{"href":"https:\/\/selvfiks.net\/butikk\/wp-json\/wp\/v2\/types\/product"}],"replies":[{"embeddable":true,"href":"https:\/\/selvfiks.net\/butikk\/wp-json\/wp\/v2\/comments?post=699"}],"wp:featuredmedia":[{"embeddable":true,"href":"https:\/\/selvfiks.net\/butikk\/wp-json\/wp\/v2\/media\/702"}],"wp:attachment":[{"href":"https:\/\/selvfiks.net\/butikk\/wp-json\/wp\/v2\/media?parent=699"}],"wp:term":[{"taxonomy":"product_brand","embeddable":true,"href":"https:\/\/selvfiks.net\/butikk\/wp-json\/wp\/v2\/product_brand?post=699"},{"taxonomy":"product_cat","embeddable":true,"href":"https:\/\/selvfiks.net\/butikk\/wp-json\/wp\/v2\/product_cat?post=699"},{"taxonomy":"product_tag","embeddable":true,"href":"https:\/\/selvfiks.net\/butikk\/wp-json\/wp\/v2\/product_tag?post=699"}],"curies":[{"name":"wp","href":"https:\/\/api.w.org\/{rel}","templated":true}]}}