{"id":708,"date":"2018-01-10T21:17:53","date_gmt":"2018-01-10T20:17:53","guid":{"rendered":"https:\/\/selvfiks.net\/butikk\/?post_type=product&#038;p=708"},"modified":"2021-05-03T20:24:42","modified_gmt":"2021-05-03T18:24:42","slug":"flagg-merke-norge","status":"publish","type":"product","link":"https:\/\/selvfiks.net\/butikk\/produkt\/flagg-merke-norge\/","title":{"rendered":"Flagg Merke &#8211; NORGE"},"content":{"rendered":"","protected":false},"excerpt":{"rendered":"<p>Gi dine kl\u00e6r et Norsk preg ved \u00e5 sy p\u00e5 dette merket av Norges flagg. Flaggmerket kommer i st\u00f8rrelsen 5cm x 8cm.<\/p>\n<p>Flagget er brodert.<\/p>\n","protected":false},"featured_media":709,"comment_status":"open","ping_status":"closed","template":"","meta":{"_monsterinsights_skip_tracking":false,"_monsterinsights_sitenote_active":false,"_monsterinsights_sitenote_note":"","_monsterinsights_sitenote_category":0,"iawp_total_views":0},"product_brand":[],"product_cat":[29],"product_tag":[580,578,581,584,582,579,577,583],"class_list":{"0":"post-708","1":"product","2":"type-product","3":"status-publish","4":"has-post-thumbnail","6":"product_cat-ting-og-tang","7":"product_tag-emblem","8":"product_tag-flagg","9":"product_tag-flaggmerke","10":"product_tag-hvitt-og-blatt","11":"product_tag-kongeriket-norge","12":"product_tag-merke","13":"product_tag-norge","14":"product_tag-rodt","16":"first","17":"outofstock","18":"taxable","19":"shipping-taxable","20":"purchasable","21":"product-type-simple"},"_links":{"self":[{"href":"https:\/\/selvfiks.net\/butikk\/wp-json\/wp\/v2\/product\/708","targetHints":{"allow":["GET"]}}],"collection":[{"href":"https:\/\/selvfiks.net\/butikk\/wp-json\/wp\/v2\/product"}],"about":[{"href":"https:\/\/selvfiks.net\/butikk\/wp-json\/wp\/v2\/types\/product"}],"replies":[{"embeddable":true,"href":"https:\/\/selvfiks.net\/butikk\/wp-json\/wp\/v2\/comments?post=708"}],"wp:featuredmedia":[{"embeddable":true,"href":"https:\/\/selvfiks.net\/butikk\/wp-json\/wp\/v2\/media\/709"}],"wp:attachment":[{"href":"https:\/\/selvfiks.net\/butikk\/wp-json\/wp\/v2\/media?parent=708"}],"wp:term":[{"taxonomy":"product_brand","embeddable":true,"href":"https:\/\/selvfiks.net\/butikk\/wp-json\/wp\/v2\/product_brand?post=708"},{"taxonomy":"product_cat","embeddable":true,"href":"https:\/\/selvfiks.net\/butikk\/wp-json\/wp\/v2\/product_cat?post=708"},{"taxonomy":"product_tag","embeddable":true,"href":"https:\/\/selvfiks.net\/butikk\/wp-json\/wp\/v2\/product_tag?post=708"}],"curies":[{"name":"wp","href":"https:\/\/api.w.org\/{rel}","templated":true}]}}