{"id":710,"date":"2018-01-10T21:45:29","date_gmt":"2018-01-10T20:45:29","guid":{"rendered":"https:\/\/selvfiks.net\/butikk\/?post_type=product&#038;p=710"},"modified":"2019-11-03T13:04:49","modified_gmt":"2019-11-03T12:04:49","slug":"hang-ups-stang","status":"publish","type":"product","link":"https:\/\/selvfiks.net\/butikk\/produkt\/hang-ups-stang\/","title":{"rendered":"Hang ups stang"},"content":{"rendered":"<h4>Muskler du kan trene med dette apparatet ved \u00e5 utf\u00f8re ulike \u00f8velser:<\/h4>\n<p>Bryst, armer, mage, skulder og rygg.<\/p>\n","protected":false},"excerpt":{"rendered":"<p>Med en hang ups stang, f\u00e5r du ditt eget gym hjemme. Det er lett \u00e5 bruke og du har heller ingen unnskyldninger til \u00e5 ikke trene lenger.<\/p>\n<p>Det f\u00f8lger med skruer som gj\u00f8r det mulig \u00e5 skru stangen fast p\u00e5 \u00f8nsket plass, ellers kan den flyttes p\u00e5 og settes opp i d\u00f8rkarmen som m\u00e5tte passe.<\/p>\n<p>Du kan bruke stangen ogs\u00e5 til \u00e5 utf\u00f8re Dips, Sit Ups og selvf\u00f8lgelig Chin Ups.<\/p>\n<p>Stangen er 62 cm lang, men kan bli 102 cm.<\/p>\n","protected":false},"featured_media":715,"comment_status":"open","ping_status":"closed","template":"","meta":{"_monsterinsights_skip_tracking":false,"_monsterinsights_sitenote_active":false,"_monsterinsights_sitenote_note":"","_monsterinsights_sitenote_category":0,"iawp_total_views":0},"product_brand":[],"product_cat":[532],"product_tag":[590,592,595,585,543,596,591,586,288,589,593,588,594,222,174,587],"class_list":{"0":"post-710","1":"product","2":"type-product","3":"status-publish","4":"has-post-thumbnail","6":"product_cat-helse-og-velvaere","7":"product_tag-abs","8":"product_tag-aktiv","9":"product_tag-bryst","10":"product_tag-chin","11":"product_tag-dor","12":"product_tag-dorkarm","13":"product_tag-gym","14":"product_tag-hang","15":"product_tag-helse","16":"product_tag-mage","17":"product_tag-muskler","18":"product_tag-pull","19":"product_tag-rygg","20":"product_tag-stang","21":"product_tag-trening","22":"product_tag-ups","24":"first","25":"outofstock","26":"taxable","27":"shipping-taxable","28":"purchasable","29":"product-type-simple"},"_links":{"self":[{"href":"https:\/\/selvfiks.net\/butikk\/wp-json\/wp\/v2\/product\/710","targetHints":{"allow":["GET"]}}],"collection":[{"href":"https:\/\/selvfiks.net\/butikk\/wp-json\/wp\/v2\/product"}],"about":[{"href":"https:\/\/selvfiks.net\/butikk\/wp-json\/wp\/v2\/types\/product"}],"replies":[{"embeddable":true,"href":"https:\/\/selvfiks.net\/butikk\/wp-json\/wp\/v2\/comments?post=710"}],"wp:featuredmedia":[{"embeddable":true,"href":"https:\/\/selvfiks.net\/butikk\/wp-json\/wp\/v2\/media\/715"}],"wp:attachment":[{"href":"https:\/\/selvfiks.net\/butikk\/wp-json\/wp\/v2\/media?parent=710"}],"wp:term":[{"taxonomy":"product_brand","embeddable":true,"href":"https:\/\/selvfiks.net\/butikk\/wp-json\/wp\/v2\/product_brand?post=710"},{"taxonomy":"product_cat","embeddable":true,"href":"https:\/\/selvfiks.net\/butikk\/wp-json\/wp\/v2\/product_cat?post=710"},{"taxonomy":"product_tag","embeddable":true,"href":"https:\/\/selvfiks.net\/butikk\/wp-json\/wp\/v2\/product_tag?post=710"}],"curies":[{"name":"wp","href":"https:\/\/api.w.org\/{rel}","templated":true}]}}