{"id":716,"date":"2018-01-10T22:09:54","date_gmt":"2018-01-10T21:09:54","guid":{"rendered":"https:\/\/selvfiks.net\/butikk\/?post_type=product&#038;p=716"},"modified":"2019-11-03T11:51:18","modified_gmt":"2019-11-03T10:51:18","slug":"hundeseng","status":"publish","type":"product","link":"https:\/\/selvfiks.net\/butikk\/produkt\/hundeseng\/","title":{"rendered":"Hundeseng"},"content":{"rendered":"<h4>Materiale:<\/h4>\n<p>Fleece<\/p>\n<h4>St\u00f8rrelse:<\/h4>\n<p>50 cm x 40 cm<\/p>\n","protected":false},"excerpt":{"rendered":"<p>Hundeseng til sm\u00e5 hunder, men\u00a0 kan ogs\u00e5 brukes til andre dyr som f. eks katter. Sengen er myk og deilig og\u00a0laget av god og myk fleece som holder ditt kj\u00e6ledyr godt og varmt.<\/p>\n<p>Sengen kommer i flere farger, s\u00e5 kj\u00e6ledyret ditt kan f\u00e5 sin favorittfarge.<\/p>\n","protected":false},"featured_media":720,"comment_status":"open","ping_status":"closed","template":"","meta":{"_monsterinsights_skip_tracking":false,"_monsterinsights_sitenote_active":false,"_monsterinsights_sitenote_note":"","_monsterinsights_sitenote_category":0,"iawp_total_views":2},"product_brand":[],"product_cat":[30],"product_tag":[19,422,352,576,190,570,574,191,571,572,575,134,243,64,569,573,391],"class_list":{"0":"post-716","1":"product","2":"type-product","3":"status-publish","4":"has-post-thumbnail","6":"product_cat-kjaeledyr","7":"product_tag-billig","8":"product_tag-brun","9":"product_tag-dyr","10":"product_tag-gra","11":"product_tag-hund","12":"product_tag-hundeseng","13":"product_tag-hundseng","14":"product_tag-katt","15":"product_tag-katteseng","16":"product_tag-kattxeng","17":"product_tag-kjaeledyr","18":"product_tag-myk","19":"product_tag-rosa","20":"product_tag-selvfiks","21":"product_tag-seng","22":"product_tag-sengkatt","23":"product_tag-svart","24":"pa_farge-bla","25":"pa_farge-brun","26":"pa_farge-gra","27":"pa_farge-gronn","28":"pa_farge-oransje","29":"pa_farge-rosa","31":"first","32":"outofstock","33":"taxable","34":"shipping-taxable","35":"purchasable","36":"product-type-variable"},"_links":{"self":[{"href":"https:\/\/selvfiks.net\/butikk\/wp-json\/wp\/v2\/product\/716","targetHints":{"allow":["GET"]}}],"collection":[{"href":"https:\/\/selvfiks.net\/butikk\/wp-json\/wp\/v2\/product"}],"about":[{"href":"https:\/\/selvfiks.net\/butikk\/wp-json\/wp\/v2\/types\/product"}],"replies":[{"embeddable":true,"href":"https:\/\/selvfiks.net\/butikk\/wp-json\/wp\/v2\/comments?post=716"}],"wp:featuredmedia":[{"embeddable":true,"href":"https:\/\/selvfiks.net\/butikk\/wp-json\/wp\/v2\/media\/720"}],"wp:attachment":[{"href":"https:\/\/selvfiks.net\/butikk\/wp-json\/wp\/v2\/media?parent=716"}],"wp:term":[{"taxonomy":"product_brand","embeddable":true,"href":"https:\/\/selvfiks.net\/butikk\/wp-json\/wp\/v2\/product_brand?post=716"},{"taxonomy":"product_cat","embeddable":true,"href":"https:\/\/selvfiks.net\/butikk\/wp-json\/wp\/v2\/product_cat?post=716"},{"taxonomy":"product_tag","embeddable":true,"href":"https:\/\/selvfiks.net\/butikk\/wp-json\/wp\/v2\/product_tag?post=716"}],"curies":[{"name":"wp","href":"https:\/\/api.w.org\/{rel}","templated":true}]}}