{"id":744,"date":"2018-01-30T23:46:35","date_gmt":"2018-01-30T22:46:35","guid":{"rendered":"https:\/\/selvfiks.net\/butikk\/?post_type=product&#038;p=744"},"modified":"2019-11-03T11:51:17","modified_gmt":"2019-11-03T10:51:17","slug":"tradlose-oretelefoner-bluetooth-trening","status":"publish","type":"product","link":"https:\/\/selvfiks.net\/butikk\/produkt\/tradlose-oretelefoner-bluetooth-trening\/","title":{"rendered":"Tr\u00e5dl\u00f8se \u00f8retelefoner med bluetooth til trening"},"content":{"rendered":"<h4><strong>Detaljer for \u00f8retelefoner:<\/strong><\/h4>\n<p>\u00b7 St\u00f8tte for flerepunktsforbindelse<br \/>\n\u00b7 Bluetooth-versjon: V4.1<br \/>\n\u00b7 Brukbar avstand: 10m (barrierefri plass)<br \/>\n\u00b7 Ladetid: 1,5 timer<br \/>\n\u00b7 Brukstid: 3 timer<br \/>\n\u00b7 Standby tid: 180 timer<br \/>\n\u00b7 Ladespenning: DC 5V<br \/>\n\u00b7 F\u00f8lsomhet: 22dB + \/ &#8211; 3dB<br \/>\n\u00b7 Frekvens: 20-24000Hz<br \/>\n\u00b7 Bruk: For iPhone, Android Mobiltelefoner, B\u00e6rbare Medieneheter ble blutetooth\/bl\u00e5tann funksjon.<br \/>\n\u00b7 CVC versjon: 6.0<\/p>\n<h4><strong>Innhold i pakken:<\/strong><\/h4>\n<p>1 x Bluetooth-\u00f8retelefoner<br \/>\n1 x brukerh\u00e5ndbok<br \/>\n1 x USB-ladekabel<br \/>\n4 x \u00f8replugger<\/p>\n<p>&nbsp;<\/p>\n<h4><strong>Bruksanvisning p\u00e5 Norsk:<\/strong><\/h4>\n<p>1. Sl\u00e5 p\u00e5 bl\u00e5tann p\u00e5 telefonen din;<br \/>\n2. Trykk p\u00e5 ON \/ OFF-knappen p\u00e5 \u00f8retelefonene og hold i ca. 5 sekunder, inntil det begynner \u00e5 blinke r\u00f8dt og bl\u00e5tt.<br \/>\n3. Vent p\u00e5 at telefonen finn \u00f8retelefonene.<br \/>\n4. N\u00e5r telefonen din finner \u00f8retelefonene, velger du \u00e5 koble telefonen til \u00f8retelefonene og parre enhetene, og telefonen kobler seg deretter automatisk til dem.<\/p>\n<p>OBS: Pass p\u00e5 at du har nok str\u00f8m p\u00e5 b\u00e5de telefon og \u00f8retelefonene, n\u00e5r du gj\u00f8r trinnene over.<\/p>\n<p>Se ogs\u00e5\u00a0<a href=\"https:\/\/selvfiks.net\/butikk\/produkt\/trenings-mobilholder-for-galaxy\/\">Trenings mobilholder for Galaxy<\/a><\/p>\n","protected":false},"excerpt":{"rendered":"<p>Er du ute etter tr\u00e5dl\u00f8se \u00f8retelefoner som t\u00e5ler svette og vannsprut, som gj\u00f8r at dem er egnet til\u00a0 utend\u00f8rsaktiviteter og trening? Kan du n\u00e5 slutte \u00e5 lete.<\/p>\n<p>Med disse bluetooth hodetelefonen kan du nyte musikk i h\u00f8y kvalitet, mens du trener. Dette p\u00e5 grunn av CVC intelligent st\u00f8yreduksjon.<\/p>\n<p>\u00d8retelefonene har ogs\u00e5 mikrofon og kan brukes som handsfree til telefonen din.<\/p>\n<p>Og er lett \u00e5 ha p\u00e5 seg n\u00e5r de ikke er i bruk med sin magnetiske festepunkter.<\/p>\n","protected":false},"featured_media":748,"comment_status":"open","ping_status":"closed","template":"","meta":{"_monsterinsights_skip_tracking":false,"_monsterinsights_sitenote_active":false,"_monsterinsights_sitenote_note":"","_monsterinsights_sitenote_category":0,"iawp_total_views":0},"product_brand":[],"product_cat":[39],"product_tag":[598,232,157,597,179,174],"class_list":{"0":"post-744","1":"product","2":"type-product","3":"status-publish","4":"has-post-thumbnail","6":"product_cat-mobil-og-nettbrett","7":"product_tag-android","8":"product_tag-galaxy","9":"product_tag-iphone","10":"product_tag-oretelefoner","11":"product_tag-sport","12":"product_tag-trening","13":"pa_farge-gull","14":"pa_farge-svart","16":"first","17":"outofstock","18":"taxable","19":"shipping-taxable","20":"purchasable","21":"product-type-variable"},"_links":{"self":[{"href":"https:\/\/selvfiks.net\/butikk\/wp-json\/wp\/v2\/product\/744","targetHints":{"allow":["GET"]}}],"collection":[{"href":"https:\/\/selvfiks.net\/butikk\/wp-json\/wp\/v2\/product"}],"about":[{"href":"https:\/\/selvfiks.net\/butikk\/wp-json\/wp\/v2\/types\/product"}],"replies":[{"embeddable":true,"href":"https:\/\/selvfiks.net\/butikk\/wp-json\/wp\/v2\/comments?post=744"}],"wp:featuredmedia":[{"embeddable":true,"href":"https:\/\/selvfiks.net\/butikk\/wp-json\/wp\/v2\/media\/748"}],"wp:attachment":[{"href":"https:\/\/selvfiks.net\/butikk\/wp-json\/wp\/v2\/media?parent=744"}],"wp:term":[{"taxonomy":"product_brand","embeddable":true,"href":"https:\/\/selvfiks.net\/butikk\/wp-json\/wp\/v2\/product_brand?post=744"},{"taxonomy":"product_cat","embeddable":true,"href":"https:\/\/selvfiks.net\/butikk\/wp-json\/wp\/v2\/product_cat?post=744"},{"taxonomy":"product_tag","embeddable":true,"href":"https:\/\/selvfiks.net\/butikk\/wp-json\/wp\/v2\/product_tag?post=744"}],"curies":[{"name":"wp","href":"https:\/\/api.w.org\/{rel}","templated":true}]}}