{"id":758,"date":"2018-02-11T13:52:53","date_gmt":"2018-02-11T12:52:53","guid":{"rendered":"https:\/\/selvfiks.net\/butikk\/?post_type=product&#038;p=758"},"modified":"2019-11-03T11:51:17","modified_gmt":"2019-11-03T10:51:17","slug":"sminkeborste-renser","status":"publish","type":"product","link":"https:\/\/selvfiks.net\/butikk\/produkt\/sminkeborste-renser\/","title":{"rendered":"Sminkeb\u00f8rste renser"},"content":{"rendered":"<h4><strong>Bruksanvisning for sminkeb\u00f8rste renser:<\/strong><\/h4>\n<div>\n<p>Steg 1: Begynn med \u00e5 fukte sminkeb\u00f8rstene og hell p\u00e5 litt rengj\u00f8ringsmiddel p\u00e5 sminkeb\u00f8rste renser matten.<\/p>\n<p>Steg 2: Begynn \u00e5 bevege busten p\u00e5 sminkeb\u00f8rsten forsiktige p\u00e5 renseren i sirkul\u00e6re bevegelser helt til du f\u00e5r ut sminkerestene ut av bustene.<\/p>\n<p>Steg 3: Skyll sminkeb\u00f8rsten for rengj\u00f8ringsmiddel og legg den flat for \u00e5 t\u00f8rke. Gjenta prosessen til alle b\u00f8rstene er renset.<\/p>\n<p>Trenger du \u00e5 rense huden ogs\u00e5?<\/p>\n<p>Vi har b\u00e5de elektrisk og manuell ansiktsb\u00f8rste:<\/p>\n<p><a href=\"https:\/\/selvfiks.net\/butikk\/produkt\/ansiktsborste\/\">Elektrisk Ansiktsb\u00f8rste<\/a><\/p>\n<p><a href=\"https:\/\/selvfiks.net\/butikk\/produkt\/ansiktsborste-i-silikon\/\">Ansiktsb\u00f8rste i silikon<\/a><\/p>\n<p>&nbsp;<\/p>\n<\/div>\n","protected":false},"excerpt":{"rendered":"<p>Med denne sminkeb\u00f8rste renseren kan du rengj\u00f8re alle dine sminkeb\u00f8rster. En rens med denne renseren gj\u00f8r dem nesten like gode som da de var nye.<\/p>\n<p>Sminkeb\u00f8rste renseren kommer i ulike farger og er laget av Silikon.<\/p>\n","protected":false},"featured_media":761,"comment_status":"open","ping_status":"closed","template":"","meta":{"_monsterinsights_skip_tracking":false,"_monsterinsights_sitenote_active":false,"_monsterinsights_sitenote_note":"","_monsterinsights_sitenote_category":0,"iawp_total_views":0},"product_brand":[],"product_cat":[532],"product_tag":[20,288,564,293,296,297,609,292,318,563],"class_list":{"0":"post-758","1":"product","2":"type-product","3":"status-publish","4":"has-post-thumbnail","6":"product_cat-helse-og-velvaere","7":"product_tag-fri-frakt","8":"product_tag-helse","9":"product_tag-hud","10":"product_tag-hudpleie","11":"product_tag-hudrenser","12":"product_tag-rense","13":"product_tag-renser","14":"product_tag-sminke","15":"product_tag-sminkeborste","16":"product_tag-velvaere","17":"pa_farge-bla","18":"pa_farge-knallrosa","19":"pa_farge-lilla","20":"pa_farge-rosa","21":"pa_farge-svart","23":"first","24":"outofstock","25":"taxable","26":"shipping-taxable","27":"purchasable","28":"product-type-variable"},"_links":{"self":[{"href":"https:\/\/selvfiks.net\/butikk\/wp-json\/wp\/v2\/product\/758","targetHints":{"allow":["GET"]}}],"collection":[{"href":"https:\/\/selvfiks.net\/butikk\/wp-json\/wp\/v2\/product"}],"about":[{"href":"https:\/\/selvfiks.net\/butikk\/wp-json\/wp\/v2\/types\/product"}],"replies":[{"embeddable":true,"href":"https:\/\/selvfiks.net\/butikk\/wp-json\/wp\/v2\/comments?post=758"}],"wp:featuredmedia":[{"embeddable":true,"href":"https:\/\/selvfiks.net\/butikk\/wp-json\/wp\/v2\/media\/761"}],"wp:attachment":[{"href":"https:\/\/selvfiks.net\/butikk\/wp-json\/wp\/v2\/media?parent=758"}],"wp:term":[{"taxonomy":"product_brand","embeddable":true,"href":"https:\/\/selvfiks.net\/butikk\/wp-json\/wp\/v2\/product_brand?post=758"},{"taxonomy":"product_cat","embeddable":true,"href":"https:\/\/selvfiks.net\/butikk\/wp-json\/wp\/v2\/product_cat?post=758"},{"taxonomy":"product_tag","embeddable":true,"href":"https:\/\/selvfiks.net\/butikk\/wp-json\/wp\/v2\/product_tag?post=758"}],"curies":[{"name":"wp","href":"https:\/\/api.w.org\/{rel}","templated":true}]}}