{"id":780,"date":"2018-02-12T20:06:55","date_gmt":"2018-02-12T19:06:55","guid":{"rendered":"https:\/\/selvfiks.net\/butikk\/?post_type=product&#038;p=780"},"modified":"2019-11-03T11:51:16","modified_gmt":"2019-11-03T10:51:16","slug":"tolv-9-setts-matkutter","status":"publish","type":"product","link":"https:\/\/selvfiks.net\/butikk\/produkt\/tolv-9-setts-matkutter\/","title":{"rendered":"9 Setts Matkutter"},"content":{"rendered":"<h4><strong>Spesifikasjoner ang\u00e5ende matkutter:<\/strong><\/h4>\n<p><strong>Matkutter boksens kapasitet:<\/strong> 15 <a href=\"https:\/\/no.wikipedia.org\/wiki\/Desiliter\" target=\"_blank\" rel=\"nofollow noopener noreferrer\">Desiliter<\/a><br \/>\n<strong>Materialer:<\/strong> Plast og Rustfritt st\u00e5l<br \/>\n<strong>St\u00f8rrelse:<\/strong>\u00a027 cm i lengde x 10.5 cm\u00a0 i bredde x 11 cm i h\u00f8yde<br \/>\n<strong>Farge:<\/strong> Gr\u00f8nn<\/p>\n<p>Noen brett tilh\u00f8rende matkutteren inneholder to sett, mens andre inneholder en. Se bilder av produktet.<\/p>\n<p>&nbsp;<\/p>\n<p>Har du pr\u00f8vd v\u00e5r eggknekker?<\/p>\n<p><a href=\"https:\/\/selvfiks.net\/butikk\/produkt\/eggknekker\/\">Eggknekker<\/a><\/p>\n","protected":false},"excerpt":{"rendered":"<p>Med denne matkutteren, gj\u00f8r du det \u00e5 lage mat til en lek p\u00e5 kj\u00f8kkenet. Du f\u00e5r nemlig ikke en, fem eller syv, men hele ni deler i rustfritt st\u00e5l, slik at alle dine behov for \u00e5 lage mat blir dekket med denne ene matkutteren.<\/p>\n<p>Du kan kutte alt fra poteter, gr\u00f8nnsaker, til frukt, samt raspe ost, m.m.<\/p>\n<p>Det som er enda mer genialt er at matkutteren kommer med et lokk til boksen som f\u00f8lger med, slik at du enkelt kan sette det du har kuttet med engang i kj\u00f8leskapet. Matkutteren kan ogs\u00e5 brukes til \u00e5 lagre alle ni settene som f\u00f8lger med.<\/p>\n<p>V\u00e5r ni setts matkutter kan uten problem vaskes i oppvaskmaskinen.<\/p>\n","protected":false},"featured_media":781,"comment_status":"closed","ping_status":"closed","template":"","meta":{"_monsterinsights_skip_tracking":false,"_monsterinsights_sitenote_active":false,"_monsterinsights_sitenote_note":"","_monsterinsights_sitenote_category":0,"iawp_total_views":0},"product_brand":[],"product_cat":[28],"product_tag":[605,107,20,606,607,79,602,601,80,600,608,604,603],"class_list":{"0":"post-780","1":"product","2":"type-product","3":"status-publish","4":"has-post-thumbnail","6":"product_cat-hjem-og-interior","7":"product_tag-beholder","8":"product_tag-boks","9":"product_tag-fri-frakt","10":"product_tag-frukt","11":"product_tag-gronnsaker","12":"product_tag-kjokken","13":"product_tag-knivblad","14":"product_tag-kniver","15":"product_tag-mat","16":"product_tag-matkutter","17":"product_tag-ost","18":"product_tag-plast","19":"product_tag-rustfritt-stal","21":"first","22":"outofstock","23":"taxable","24":"shipping-taxable","25":"purchasable","26":"product-type-simple"},"_links":{"self":[{"href":"https:\/\/selvfiks.net\/butikk\/wp-json\/wp\/v2\/product\/780","targetHints":{"allow":["GET"]}}],"collection":[{"href":"https:\/\/selvfiks.net\/butikk\/wp-json\/wp\/v2\/product"}],"about":[{"href":"https:\/\/selvfiks.net\/butikk\/wp-json\/wp\/v2\/types\/product"}],"replies":[{"embeddable":true,"href":"https:\/\/selvfiks.net\/butikk\/wp-json\/wp\/v2\/comments?post=780"}],"wp:featuredmedia":[{"embeddable":true,"href":"https:\/\/selvfiks.net\/butikk\/wp-json\/wp\/v2\/media\/781"}],"wp:attachment":[{"href":"https:\/\/selvfiks.net\/butikk\/wp-json\/wp\/v2\/media?parent=780"}],"wp:term":[{"taxonomy":"product_brand","embeddable":true,"href":"https:\/\/selvfiks.net\/butikk\/wp-json\/wp\/v2\/product_brand?post=780"},{"taxonomy":"product_cat","embeddable":true,"href":"https:\/\/selvfiks.net\/butikk\/wp-json\/wp\/v2\/product_cat?post=780"},{"taxonomy":"product_tag","embeddable":true,"href":"https:\/\/selvfiks.net\/butikk\/wp-json\/wp\/v2\/product_tag?post=780"}],"curies":[{"name":"wp","href":"https:\/\/api.w.org\/{rel}","templated":true}]}}