{"id":792,"date":"2018-02-15T20:16:50","date_gmt":"2018-02-15T19:16:50","guid":{"rendered":"https:\/\/selvfiks.net\/butikk\/?post_type=product&#038;p=792"},"modified":"2019-11-03T11:51:15","modified_gmt":"2019-11-03T10:51:15","slug":"dispenser-mat-vann-dyr","status":"publish","type":"product","link":"https:\/\/selvfiks.net\/butikk\/produkt\/dispenser-mat-vann-dyr\/","title":{"rendered":"Dispenser for mat og vann for dyr"},"content":{"rendered":"<h4><strong>Spesifikasjoner for dispenser<\/strong><\/h4>\n<p><strong>Kapasitet p\u00e5 dispenser:<\/strong> 3,5 liter.<\/p>\n<p><strong>Materiale:<\/strong> Plast.<\/p>\n<p><strong>Skal ikke brukes til oppbevaring av<\/strong>:\u00a0Varmt vann, iskaldt vann og <a href=\"https:\/\/no.wikipedia.org\/wiki\/Koking\" target=\"_blank\" rel=\"nofollow noopener noreferrer\">kokende vann<\/a><\/p>\n<p>Trenger du en mater til akvarium?<\/p>\n<p>Sjekk ut v\u00e5r Digitale automatiske akvarium mater:\u00a0<a href=\"https:\/\/selvfiks.net\/butikk\/produkt\/digital-akvarium-mater\/\">Digital Akvarium mater<\/a><\/p>\n","protected":false},"excerpt":{"rendered":"<p>Med denne mat og vann dispenseren kan kj\u00e6ledyret ditt ta \u00e5 forsyne seg etter behov, uten at du m\u00e5 hele tiden fylle p\u00e5 nytt. Dette produktet egner seg til dyr som m\u00e5 v\u00e6re hjemme alene, n\u00e5r man er p\u00e5 jobb, p\u00e5 bes\u00f8k, m.m.<\/p>\n<p>Vann og mat dispenseren rommer 3,5 liter med mat og kommer i ulike farger.<\/p>\n<p>Mat dispenser og vann dispenser er to separate produkter.<\/p>\n","protected":false},"featured_media":807,"comment_status":"closed","ping_status":"closed","template":"","meta":{"_monsterinsights_skip_tracking":false,"_monsterinsights_sitenote_active":false,"_monsterinsights_sitenote_note":"","_monsterinsights_sitenote_category":0,"iawp_total_views":0},"product_brand":[],"product_cat":[30],"product_tag":[610,352,20,190,191,575,80,246,258,611],"class_list":{"0":"post-792","1":"product","2":"type-product","3":"status-publish","4":"has-post-thumbnail","6":"product_cat-kjaeledyr","7":"product_tag-dispenser","8":"product_tag-dyr","9":"product_tag-fri-frakt","10":"product_tag-hund","11":"product_tag-katt","12":"product_tag-kjaeledyr","13":"product_tag-mat","14":"product_tag-mater","15":"product_tag-vann","16":"product_tag-vanner","17":"pa_farge-bla","18":"pa_farge-gronn","19":"pa_farge-oransje","20":"pa_farge-rosa","22":"first","23":"outofstock","24":"taxable","25":"shipping-taxable","26":"purchasable","27":"product-type-variable"},"_links":{"self":[{"href":"https:\/\/selvfiks.net\/butikk\/wp-json\/wp\/v2\/product\/792","targetHints":{"allow":["GET"]}}],"collection":[{"href":"https:\/\/selvfiks.net\/butikk\/wp-json\/wp\/v2\/product"}],"about":[{"href":"https:\/\/selvfiks.net\/butikk\/wp-json\/wp\/v2\/types\/product"}],"replies":[{"embeddable":true,"href":"https:\/\/selvfiks.net\/butikk\/wp-json\/wp\/v2\/comments?post=792"}],"wp:featuredmedia":[{"embeddable":true,"href":"https:\/\/selvfiks.net\/butikk\/wp-json\/wp\/v2\/media\/807"}],"wp:attachment":[{"href":"https:\/\/selvfiks.net\/butikk\/wp-json\/wp\/v2\/media?parent=792"}],"wp:term":[{"taxonomy":"product_brand","embeddable":true,"href":"https:\/\/selvfiks.net\/butikk\/wp-json\/wp\/v2\/product_brand?post=792"},{"taxonomy":"product_cat","embeddable":true,"href":"https:\/\/selvfiks.net\/butikk\/wp-json\/wp\/v2\/product_cat?post=792"},{"taxonomy":"product_tag","embeddable":true,"href":"https:\/\/selvfiks.net\/butikk\/wp-json\/wp\/v2\/product_tag?post=792"}],"curies":[{"name":"wp","href":"https:\/\/api.w.org\/{rel}","templated":true}]}}