{"id":87,"date":"2016-03-28T21:50:50","date_gmt":"2016-03-28T19:50:50","guid":{"rendered":"https:\/\/selvfiks.net\/butikk\/?post_type=product&#038;p=87"},"modified":"2019-11-03T13:08:38","modified_gmt":"2019-11-03T12:08:38","slug":"barnesikring-for-stikkontakt","status":"publish","type":"product","link":"https:\/\/selvfiks.net\/butikk\/produkt\/barnesikring-for-stikkontakt\/","title":{"rendered":"Barnesikring for stikkontakt"},"content":{"rendered":"<p>6 stk barnesikring for stikkontakter i plast. Nyttig \u00e5 ha for \u00e5 unng\u00e5 at noe som ikke skal i stikkontakten havner der. Kommer med en n\u00f8kkel for lettere \u00e5 kunne ta ut barnesikringen.<\/p>\n","protected":false},"excerpt":{"rendered":"<p>6 stk barnesikring for stikkontakter i plast. Nyttig \u00e5 ha for \u00e5 unng\u00e5 at noe som ikke skal i stikkontakten havner der. Kommer med en n\u00f8kkel for lettere \u00e5 kunne ta ut barnesikringen.<\/p>\n","protected":false},"featured_media":94,"comment_status":"closed","ping_status":"closed","template":"","meta":{"_monsterinsights_skip_tracking":false,"_monsterinsights_sitenote_active":false,"_monsterinsights_sitenote_note":"","_monsterinsights_sitenote_category":0,"iawp_total_views":0},"product_brand":[],"product_cat":[28],"product_tag":[40,47,41,51,45,49,48,14,46,52,43,42,26,44,50],"class_list":{"0":"post-87","1":"product","2":"type-product","3":"status-publish","4":"has-post-thumbnail","6":"product_cat-hjem-og-interior","7":"product_tag-40","8":"product_tag-barn","9":"product_tag-barnesikring","10":"product_tag-fare","11":"product_tag-nnyttig","12":"product_tag-nyttig","13":"product_tag-nytttig","14":"product_tag-selvfiks-store","15":"product_tag-sikker","16":"product_tag-spedbarn","17":"product_tag-stikk-kontakter","18":"product_tag-stikkontakter","19":"product_tag-stk","20":"product_tag-strom","21":"product_tag-unnga","23":"first","24":"outofstock","25":"taxable","26":"shipping-taxable","27":"purchasable","28":"product-type-simple"},"_links":{"self":[{"href":"https:\/\/selvfiks.net\/butikk\/wp-json\/wp\/v2\/product\/87","targetHints":{"allow":["GET"]}}],"collection":[{"href":"https:\/\/selvfiks.net\/butikk\/wp-json\/wp\/v2\/product"}],"about":[{"href":"https:\/\/selvfiks.net\/butikk\/wp-json\/wp\/v2\/types\/product"}],"replies":[{"embeddable":true,"href":"https:\/\/selvfiks.net\/butikk\/wp-json\/wp\/v2\/comments?post=87"}],"wp:featuredmedia":[{"embeddable":true,"href":"https:\/\/selvfiks.net\/butikk\/wp-json\/wp\/v2\/media\/94"}],"wp:attachment":[{"href":"https:\/\/selvfiks.net\/butikk\/wp-json\/wp\/v2\/media?parent=87"}],"wp:term":[{"taxonomy":"product_brand","embeddable":true,"href":"https:\/\/selvfiks.net\/butikk\/wp-json\/wp\/v2\/product_brand?post=87"},{"taxonomy":"product_cat","embeddable":true,"href":"https:\/\/selvfiks.net\/butikk\/wp-json\/wp\/v2\/product_cat?post=87"},{"taxonomy":"product_tag","embeddable":true,"href":"https:\/\/selvfiks.net\/butikk\/wp-json\/wp\/v2\/product_tag?post=87"}],"curies":[{"name":"wp","href":"https:\/\/api.w.org\/{rel}","templated":true}]}}