{"id":926,"date":"2018-04-08T20:03:21","date_gmt":"2018-04-08T18:03:21","guid":{"rendered":"https:\/\/selvfiks.net\/butikk\/?post_type=product&#038;p=926"},"modified":"2019-11-03T11:47:43","modified_gmt":"2019-11-03T10:47:43","slug":"spikermatte-og-spikerpute","status":"publish","type":"product","link":"https:\/\/selvfiks.net\/butikk\/produkt\/spikermatte-og-spikerpute\/","title":{"rendered":"Spikermatte og spikerpute"},"content":{"rendered":"<h4><strong>Spesifikasjon for spikermatte:<\/strong><\/h4>\n<p><strong>Lengde:<\/strong> 66,5 cm<\/p>\n<p><strong>Bredde:<\/strong> 40 cm<\/p>\n<p><strong>H\u00f8yde:<\/strong> 2,5 cm<\/p>\n<p><strong>Materiale:<\/strong> Bomull, <a href=\"https:\/\/no.wikipedia.org\/wiki\/Akrylnitril-butadien-styren\" target=\"_blank\" rel=\"noopener noreferrer\">ABS plast<\/a> og \u00d8ko Skum.<\/p>\n<h4>Spesifikasjon for spikerpute (Kan komme i en annen st\u00f8rrelse, avhengig av varelageret, da f\u00f8lger en bag):<\/h4>\n<p><strong>Lengde:<\/strong> 24 cm<\/p>\n<p><strong>Bredde:<\/strong> 23,5 cm<\/p>\n<p><strong>H\u00f8yde:<\/strong> 10 cm<\/p>\n<p><strong>Materiale:<\/strong> Bomull, ABS plast og \u00d8ko Skum.<\/p>\n<p>Med forbehold om at m\u00e5lene kan variere i noen grad.<\/p>\n<p><a href=\"https:\/\/selvfiks.net\/butikk\/produkt\/ansiktsborste\/\">Sjekk ut dette, hvis du \u00f8nsker \u00e5 gi ansiktet ditt en spa opplevelse.<\/a><\/p>\n<p>&nbsp;<\/p>\n","protected":false},"excerpt":{"rendered":"<p>Med spikermatte og spikerpute kan du \u00f8ke blodsirkulasjonen p\u00e5 de omr\u00e5dene man behandler gjennom massasje. Bruk dem p\u00e5 nakke, f\u00f8tter, rygg, rumpe og l\u00e5r. Gi deg selv en miks av massasje og akupunktur og la stresset i musklene dine svinne hen.<\/p>\n<p>Hemmeligheten til spikermatten og spikerputen er plastpiggene. De hjelper\u00a0mot muskelsmerter og st\u00f8lhet og er ypperlig til bruk etter trening.<\/p>\n<p><strong>OBS: Vi er dessverre utsolgt. Men dette produktet kommer inn p\u00e5 lager igjen i l\u00f8pet av 2020.<\/strong><\/p>\n","protected":false},"featured_media":940,"comment_status":"closed","ping_status":"closed","template":"","meta":{"_monsterinsights_skip_tracking":false,"_monsterinsights_sitenote_active":false,"_monsterinsights_sitenote_note":"","_monsterinsights_sitenote_category":0,"iawp_total_views":5},"product_brand":[],"product_cat":[532],"product_tag":[629,630,631,628,632],"class_list":{"0":"post-926","1":"product","2":"type-product","3":"status-publish","4":"has-post-thumbnail","6":"product_cat-helse-og-velvaere","7":"product_tag-akupunktur-matte","8":"product_tag-pigg","9":"product_tag-piggmatte","10":"product_tag-spikermatte","11":"product_tag-spikerpute","12":"pa_farge-bla","13":"pa_farge-gronn","14":"pa_farge-lilla","15":"pa_farge-svart","17":"first","18":"outofstock","19":"taxable","20":"shipping-taxable","21":"purchasable","22":"product-type-variable"},"_links":{"self":[{"href":"https:\/\/selvfiks.net\/butikk\/wp-json\/wp\/v2\/product\/926","targetHints":{"allow":["GET"]}}],"collection":[{"href":"https:\/\/selvfiks.net\/butikk\/wp-json\/wp\/v2\/product"}],"about":[{"href":"https:\/\/selvfiks.net\/butikk\/wp-json\/wp\/v2\/types\/product"}],"replies":[{"embeddable":true,"href":"https:\/\/selvfiks.net\/butikk\/wp-json\/wp\/v2\/comments?post=926"}],"wp:featuredmedia":[{"embeddable":true,"href":"https:\/\/selvfiks.net\/butikk\/wp-json\/wp\/v2\/media\/940"}],"wp:attachment":[{"href":"https:\/\/selvfiks.net\/butikk\/wp-json\/wp\/v2\/media?parent=926"}],"wp:term":[{"taxonomy":"product_brand","embeddable":true,"href":"https:\/\/selvfiks.net\/butikk\/wp-json\/wp\/v2\/product_brand?post=926"},{"taxonomy":"product_cat","embeddable":true,"href":"https:\/\/selvfiks.net\/butikk\/wp-json\/wp\/v2\/product_cat?post=926"},{"taxonomy":"product_tag","embeddable":true,"href":"https:\/\/selvfiks.net\/butikk\/wp-json\/wp\/v2\/product_tag?post=926"}],"curies":[{"name":"wp","href":"https:\/\/api.w.org\/{rel}","templated":true}]}}