{"id":978,"date":"2018-05-20T14:58:24","date_gmt":"2018-05-20T12:58:24","guid":{"rendered":"https:\/\/selvfiks.net\/butikk\/?post_type=product&#038;p=978"},"modified":"2019-11-03T11:51:14","modified_gmt":"2019-11-03T10:51:14","slug":"svommesett-oretelefoner-med-avspiller","status":"publish","type":"product","link":"https:\/\/selvfiks.net\/butikk\/produkt\/svommesett-oretelefoner-med-avspiller\/","title":{"rendered":"Sv\u00f8mmesett \u00f8retelefoner med avspiller"},"content":{"rendered":"<h4>Spesifikasjoner for Sv\u00f8mmesett \u00f8retelefoner med avspiller:<\/h4>\n<p><strong>USB versjon:<\/strong> 2.0<\/p>\n<p><strong>Vanntett:<\/strong>\u00a0Maks 2 meter<\/p>\n<p><strong>St\u00f8tte for FM:<\/strong> Ja<\/p>\n<p><strong>St\u00f8tte for bluetooth<\/strong>: Nei<\/p>\n<p><strong>Vanntett standard:<\/strong> IP68<\/p>\n<p><strong>St\u00f8ttede filtyper:<\/strong> WMA og MP3<\/p>\n<p><strong>Bithastighet:<\/strong> 32-320 Kbps<\/p>\n<p><strong>Fungerer i f\u00f8lgende temperaturer:<\/strong> 0-50 grader.<\/p>\n<p><strong>Ladetid:<\/strong> ca. 2 timer.<\/p>\n<p><strong>Avspillingstid: <\/strong>4-6 timer (Avhengig av temperatur)<\/p>\n<p><strong>Materiale:<\/strong> ABS plast og PP plast<\/p>\n<h4>Brukermanual for Sv\u00f8mmesett \u00f8retelefoner med avspiller:<\/h4>\n<p><strong>Slik sl\u00e5r du den p\u00e5:<\/strong><\/p>\n<p>Hold inne avspillingsknappen i fem sekunder for \u00e5 sl\u00e5 p\u00e5 enheten.<br \/>\nDu vil f\u00e5 bekreftelse p\u00e5 at enheten er sl\u00e5tt p\u00e5, n\u00e5r et lys begynner \u00e5 blinke og musikken vil automatisk begynne \u00e5 spille.<\/p>\n<p><strong>Slik sl\u00e5r du den av:<\/strong><\/p>\n<p>Hold inne\u00a0avspillingsknappen til den sl\u00e5r seg av. Musikken vil begynne \u00e5 spille av der du sist slo den av, n\u00e5r du sl\u00e5r enheten p\u00e5, p\u00e5 nytt.<\/p>\n<p><strong>\u00d8ke volum:<\/strong><\/p>\n<p>Bruk pluss og minus tegnet til \u00e5 \u00f8ke volumet.<\/p>\n<p><strong>Skifte l\u00e5t:<\/strong><\/p>\n<p>Bruk spoletegnene for \u00e5 velge l\u00e5t.<\/p>\n<p><strong>Pause eller starte en l\u00e5t:<\/strong><\/p>\n<p>Bruk avspillings symbolet som er med pause symbolet i midten av alle knappene til \u00e5 spille av eller ta pause.<\/p>\n<p><strong>Slik sl\u00e5r du m\u00e5 FM modus:<\/strong><\/p>\n<p>Hold inne\u00a0avspillingsknappen for \u00e5 sl\u00e5 p\u00e5 FM modus og gjenta prosessen for \u00e5 g\u00e5 tilbake til avspillingsmodus.<\/p>\n<p>Bruk spolesymbolene for \u00e5 lete etter radiostasjon.<\/p>\n<p><strong>Slik legger du inn musikk p\u00e5 avspilleren:<\/strong><\/p>\n<p>L\u00f8sne den fra \u00f8retelefonen og koble den til datamaskinen. Legg til WMA\/MP3 filene av dine favorittl\u00e5ter i enheten. Akkurat som du skulle lagret det p\u00e5 en vanlig USB\u00a0 minnepinne.<\/p>\n<p>N\u00e5r du har lagt til de \u00f8nskede l\u00e5tene, foretar du en sikker utkobling av avspilleren.<\/p>\n<p>Koble avspilleren s\u00e5 tilbake til \u00f8retelefonene.<\/p>\n<p>Fungerer p\u00e5 b\u00e5de Windows, Mac og Linux.<\/p>\n<h4>Innhold i pakke for Sv\u00f8mmesett \u00f8retelefoner med avspiller:<\/h4>\n<p>1 stk MP3 spiller.<\/p>\n<p>1 stk USB overgang.<\/p>\n<p>1 stk \u00f8retelefoner.<\/p>\n<p>1 stk brukermanual p\u00e5 engelsk.<\/p>\n","protected":false},"excerpt":{"rendered":"<p>Er du en av de som har \u00f8nsket \u00e5 h\u00f8re p\u00e5 musikk mens du sv\u00f8mmer, men ikke hatt den muligheten?<\/p>\n<p>Eller \u00f8nsket \u00e5 slippe \u00e5 bruke telefonen n\u00e5r du skal ta deg en trenings\u00f8kt?<\/p>\n<p>Fortvil ikke lenger, for med v\u00e5rt sv\u00f8mmesett \u00f8retelefoner, f\u00e5r du MP3 spiller og \u00f8retelefoner i et sett.<\/p>\n<p>S\u00e5 kan du ta ut deg helt ut med favorittmusikken din i sv\u00f8mmebassenget eller p\u00e5 trenings rommet uten \u00e5 ha med deg mobiltelefonen.<\/p>\n","protected":false},"featured_media":996,"comment_status":"closed","ping_status":"closed","template":"","meta":{"_monsterinsights_skip_tracking":false,"_monsterinsights_sitenote_active":false,"_monsterinsights_sitenote_note":"","_monsterinsights_sitenote_category":0,"iawp_total_views":6},"product_brand":[],"product_cat":[532],"product_tag":[642,641,644,639,638,643,179,640,174,637],"class_list":{"0":"post-978","1":"product","2":"type-product","3":"status-publish","4":"has-post-thumbnail","6":"product_cat-helse-og-velvaere","7":"product_tag-avspiller","8":"product_tag-mp3","9":"product_tag-musikk","10":"product_tag-oreplugg","11":"product_tag-oretelefon","12":"product_tag-spiller","13":"product_tag-sport","14":"product_tag-svomming","15":"product_tag-trening","16":"product_tag-vanntett","17":"pa_farge-bla","18":"pa_farge-bla-og-svart","19":"pa_farge-hvit-og-svart","20":"pa_farge-rod-og-svart","21":"pa_farge-safir-og-svart","22":"pa_farge-svart","24":"first","25":"outofstock","26":"taxable","27":"shipping-taxable","28":"purchasable","29":"product-type-variable"},"_links":{"self":[{"href":"https:\/\/selvfiks.net\/butikk\/wp-json\/wp\/v2\/product\/978","targetHints":{"allow":["GET"]}}],"collection":[{"href":"https:\/\/selvfiks.net\/butikk\/wp-json\/wp\/v2\/product"}],"about":[{"href":"https:\/\/selvfiks.net\/butikk\/wp-json\/wp\/v2\/types\/product"}],"replies":[{"embeddable":true,"href":"https:\/\/selvfiks.net\/butikk\/wp-json\/wp\/v2\/comments?post=978"}],"wp:featuredmedia":[{"embeddable":true,"href":"https:\/\/selvfiks.net\/butikk\/wp-json\/wp\/v2\/media\/996"}],"wp:attachment":[{"href":"https:\/\/selvfiks.net\/butikk\/wp-json\/wp\/v2\/media?parent=978"}],"wp:term":[{"taxonomy":"product_brand","embeddable":true,"href":"https:\/\/selvfiks.net\/butikk\/wp-json\/wp\/v2\/product_brand?post=978"},{"taxonomy":"product_cat","embeddable":true,"href":"https:\/\/selvfiks.net\/butikk\/wp-json\/wp\/v2\/product_cat?post=978"},{"taxonomy":"product_tag","embeddable":true,"href":"https:\/\/selvfiks.net\/butikk\/wp-json\/wp\/v2\/product_tag?post=978"}],"curies":[{"name":"wp","href":"https:\/\/api.w.org\/{rel}","templated":true}]}}