{"id":35,"date":"2018-01-13T19:54:29","date_gmt":"2018-01-13T18:54:29","guid":{"rendered":"https:\/\/selvfiks.net\/reise\/?page_id=35"},"modified":"2018-01-13T21:56:36","modified_gmt":"2018-01-13T20:56:36","slug":"om-oss","status":"publish","type":"page","link":"https:\/\/selvfiks.net\/reise\/om-oss\/","title":{"rendered":"Om oss"},"content":{"rendered":"<p><img decoding=\"async\" class=\"alignnone size-medium wp-image-7 aligncenter\" src=\"https:\/\/selvfiks.net\/reise\/wp-content\/uploads\/2018\/01\/selvvfiksreiselogo1-300x156.png\" alt=\"\" width=\"300\" height=\"156\" srcset=\"https:\/\/selvfiks.net\/reise\/wp-content\/uploads\/2018\/01\/selvvfiksreiselogo1-300x156.png 300w, https:\/\/selvfiks.net\/reise\/wp-content\/uploads\/2018\/01\/selvvfiksreiselogo1-768x399.png 768w, https:\/\/selvfiks.net\/reise\/wp-content\/uploads\/2018\/01\/selvvfiksreiselogo1-1024x532.png 1024w, https:\/\/selvfiks.net\/reise\/wp-content\/uploads\/2018\/01\/selvvfiksreiselogo1.png 1028w\" sizes=\"(max-width: 300px) 100vw, 300px\" \/><\/p>\n<p style=\"text-align: center;\">Selvfiks Reise er en tjeneste levert av Gartit Creative AS.<\/p>\n<p style=\"text-align: center;\"><img decoding=\"async\" class=\"alignnone size-medium wp-image-55\" src=\"https:\/\/selvfiks.net\/reise\/wp-content\/uploads\/2018\/01\/GClogo-300x133.jpg\" alt=\"\" width=\"300\" height=\"133\" srcset=\"https:\/\/selvfiks.net\/reise\/wp-content\/uploads\/2018\/01\/GClogo-300x133.jpg 300w, https:\/\/selvfiks.net\/reise\/wp-content\/uploads\/2018\/01\/GClogo.jpg 726w\" sizes=\"(max-width: 300px) 100vw, 300px\" \/><\/p>\n<h4 style=\"text-align: center;\">BESTILL DIN NESTE REISE MED OSS:<\/h4>\n<p style=\"text-align: center;\">Selvfiks Reise sitt m\u00e5l er \u00e5 finne\u00a0 de billigste flybillettene og hotellene, slik at du kan bruke mest mulig penger p\u00e5 noe du vil, fremfor reisen og hotellet.<\/p>\n<h4 style=\"text-align: center;\">Hvorfor velge oss?<\/h4>\n<p style=\"text-align: center;\">Vi mener det \u00e5 komme seg p\u00e5 ferie, b\u00f8r v\u00e6re enkelt, billig og raskt. Derfor tilbyr vi deg en tjeneste hvor du kan s\u00f8ke enkelt etter de billigste billettene til din ferie, raskest mulig.<\/p>\n<p style=\"text-align: center;\">For \u00e5 gj\u00f8re det enda enklere f\u00e5r du ogs\u00e5 mulighet til \u00e5 s\u00f8ke etter hoteller p\u00e5 samme m\u00e5te.<\/p>\n<h4 style=\"text-align: center;\">Andre tjenester som blir levert av Gartit Creative AS:<\/h4>\n<p style=\"text-align: center;\">Gj\u00f8r-Det-Selv tjenesten Selvfiks: <a href=\"http:\/\/www.Selvfiks.net\" target=\"_blank\" rel=\"noopener\">www.selvfiks.net<\/a><br \/>\nNettbutikken Selvfiks Store: <a href=\"http:\/\/www.selvfiks.net\/butikk\" target=\"_blank\" rel=\"noopener\">www.selvfiks.net\/butikk<\/a><\/p>\n<p>&nbsp;<\/p>\n<h4 style=\"text-align: center;\"><strong>Informasjon om brukervilk\u00e5r og personvern finner du her:<\/strong><\/h4>\n<p style=\"text-align: center;\"><a href=\"https:\/\/www.selvfiks.net\/vilkar-for-bruk\/\" target=\"_blank\" rel=\"noopener\">Brukervilk\u00e5r<\/a><br \/>\n<a href=\"https:\/\/www.selvfiks.net\/personvern\/\" target=\"_blank\" rel=\"noopener\">Personvern<\/a><\/p>\n<h4 style=\"text-align: center;\">Trenger du \u00e5 komme i kontakt med oss?<\/h4>\n<p style=\"text-align: center;\"><a href=\"https:\/\/selvfiks.net\/reise\/kontakt-oss\/\">Kontakt oss<\/a><\/p>\n<p style=\"text-align: center;\">\n","protected":false},"excerpt":{"rendered":"<p>Selvfiks Reise er en tjeneste levert av Gartit Creative AS. BESTILL DIN NESTE REISE MED OSS: Selvfiks Reise sitt m\u00e5l er \u00e5 finne\u00a0 de billigste flybillettene og hotellene, slik at du kan bruke mest mulig penger p\u00e5 noe du vil, fremfor reisen og hotellet. Hvorfor velge oss? Vi mener det \u00e5 komme seg p\u00e5 ferie, [&hellip;]<\/p>\n","protected":false},"author":1,"featured_media":0,"parent":0,"menu_order":0,"comment_status":"closed","ping_status":"closed","template":"","meta":{"site-sidebar-layout":"default","site-content-layout":"","ast-site-content-layout":"default","site-content-style":"default","site-sidebar-style":"default","ast-global-header-display":"","ast-banner-title-visibility":"","ast-main-header-display":"","ast-hfb-above-header-display":"","ast-hfb-below-header-display":"","ast-hfb-mobile-header-display":"","site-post-title":"","ast-breadcrumbs-content":"","ast-featured-img":"","footer-sml-layout":"","ast-disable-related-posts":"","theme-transparent-header-meta":"","adv-header-id-meta":"","stick-header-meta":"","header-above-stick-meta":"","header-main-stick-meta":"","header-below-stick-meta":"","astra-migrate-meta-layouts":"default","ast-page-background-enabled":"default","ast-page-background-meta":{"desktop":{"background-color":"","background-image":"","background-repeat":"repeat","background-position":"center center","background-size":"auto","background-attachment":"scroll","background-type":"","background-media":"","overlay-type":"","overlay-color":"","overlay-opacity":"","overlay-gradient":""},"tablet":{"background-color":"","background-image":"","background-repeat":"repeat","background-position":"center center","background-size":"auto","background-attachment":"scroll","background-type":"","background-media":"","overlay-type":"","overlay-color":"","overlay-opacity":"","overlay-gradient":""},"mobile":{"background-color":"","background-image":"","background-repeat":"repeat","background-position":"center center","background-size":"auto","background-attachment":"scroll","background-type":"","background-media":"","overlay-type":"","overlay-color":"","overlay-opacity":"","overlay-gradient":""}},"ast-content-background-meta":{"desktop":{"background-color":"var(--ast-global-color-5)","background-image":"","background-repeat":"repeat","background-position":"center center","background-size":"auto","background-attachment":"scroll","background-type":"","background-media":"","overlay-type":"","overlay-color":"","overlay-opacity":"","overlay-gradient":""},"tablet":{"background-color":"var(--ast-global-color-5)","background-image":"","background-repeat":"repeat","background-position":"center center","background-size":"auto","background-attachment":"scroll","background-type":"","background-media":"","overlay-type":"","overlay-color":"","overlay-opacity":"","overlay-gradient":""},"mobile":{"background-color":"var(--ast-global-color-5)","background-image":"","background-repeat":"repeat","background-position":"center center","background-size":"auto","background-attachment":"scroll","background-type":"","background-media":"","overlay-type":"","overlay-color":"","overlay-opacity":"","overlay-gradient":""}},"iawp_total_views":0,"footnotes":""},"class_list":["post-35","page","type-page","status-publish","hentry"],"yoast_head":"<!-- This site is optimized with the Yoast SEO plugin v27.3 - https:\/\/yoast.com\/product\/yoast-seo-wordpress\/ -->\n<title>Om oss - Selvfiks Reise<\/title>\n<meta name=\"description\" content=\"Selvfiks Reise sitt m\u00e5l er \u00e5 finne\u00a0 de billigste flybillettene og hotellene, slik at du kan bruke pengene p\u00e5 noe annet enn reisen og oppholdet.\" \/>\n<meta name=\"robots\" content=\"index, follow, max-snippet:-1, max-image-preview:large, max-video-preview:-1\" \/>\n<link rel=\"canonical\" href=\"https:\/\/selvfiks.net\/reise\/om-oss\/\" \/>\n<meta property=\"og:locale\" content=\"nb_NO\" \/>\n<meta property=\"og:type\" content=\"article\" \/>\n<meta property=\"og:title\" content=\"Om oss - Selvfiks Reise\" \/>\n<meta property=\"og:description\" content=\"Selvfiks Reise sitt m\u00e5l er \u00e5 finne\u00a0 de billigste flybillettene og hotellene, slik at du kan bruke pengene p\u00e5 noe annet enn reisen og oppholdet.\" \/>\n<meta property=\"og:url\" content=\"https:\/\/selvfiks.net\/reise\/om-oss\/\" \/>\n<meta property=\"og:site_name\" content=\"Selvfiks Reise\" \/>\n<meta property=\"article:modified_time\" content=\"2018-01-13T20:56:36+00:00\" \/>\n<meta property=\"og:image\" content=\"https:\/\/selvfiks.net\/reise\/wp-content\/uploads\/2018\/01\/selvvfiksreiselogo1-300x156.png\" \/>\n<meta name=\"twitter:card\" content=\"summary_large_image\" \/>\n<meta name=\"twitter:label1\" content=\"Ansl. lesetid\" \/>\n\t<meta name=\"twitter:data1\" content=\"1 minutt\" \/>\n<script type=\"application\/ld+json\" class=\"yoast-schema-graph\">{\"@context\":\"https:\\\/\\\/schema.org\",\"@graph\":[{\"@type\":\"WebPage\",\"@id\":\"https:\\\/\\\/selvfiks.net\\\/reise\\\/om-oss\\\/\",\"url\":\"https:\\\/\\\/selvfiks.net\\\/reise\\\/om-oss\\\/\",\"name\":\"Om oss - Selvfiks Reise\",\"isPartOf\":{\"@id\":\"https:\\\/\\\/selvfiks.net\\\/reise\\\/#website\"},\"primaryImageOfPage\":{\"@id\":\"https:\\\/\\\/selvfiks.net\\\/reise\\\/om-oss\\\/#primaryimage\"},\"image\":{\"@id\":\"https:\\\/\\\/selvfiks.net\\\/reise\\\/om-oss\\\/#primaryimage\"},\"thumbnailUrl\":\"https:\\\/\\\/selvfiks.net\\\/reise\\\/wp-content\\\/uploads\\\/2018\\\/01\\\/selvvfiksreiselogo1-300x156.png\",\"datePublished\":\"2018-01-13T18:54:29+00:00\",\"dateModified\":\"2018-01-13T20:56:36+00:00\",\"description\":\"Selvfiks Reise sitt m\u00e5l er \u00e5 finne\u00a0 de billigste flybillettene og hotellene, slik at du kan bruke pengene p\u00e5 noe annet enn reisen og oppholdet.\",\"breadcrumb\":{\"@id\":\"https:\\\/\\\/selvfiks.net\\\/reise\\\/om-oss\\\/#breadcrumb\"},\"inLanguage\":\"nb-NO\",\"potentialAction\":[{\"@type\":\"ReadAction\",\"target\":[\"https:\\\/\\\/selvfiks.net\\\/reise\\\/om-oss\\\/\"]}]},{\"@type\":\"ImageObject\",\"inLanguage\":\"nb-NO\",\"@id\":\"https:\\\/\\\/selvfiks.net\\\/reise\\\/om-oss\\\/#primaryimage\",\"url\":\"https:\\\/\\\/selvfiks.net\\\/reise\\\/wp-content\\\/uploads\\\/2018\\\/01\\\/selvvfiksreiselogo1.png\",\"contentUrl\":\"https:\\\/\\\/selvfiks.net\\\/reise\\\/wp-content\\\/uploads\\\/2018\\\/01\\\/selvvfiksreiselogo1.png\",\"width\":1028,\"height\":534},{\"@type\":\"BreadcrumbList\",\"@id\":\"https:\\\/\\\/selvfiks.net\\\/reise\\\/om-oss\\\/#breadcrumb\",\"itemListElement\":[{\"@type\":\"ListItem\",\"position\":1,\"name\":\"Hjem\",\"item\":\"https:\\\/\\\/selvfiks.net\\\/reise\\\/\"},{\"@type\":\"ListItem\",\"position\":2,\"name\":\"Om oss\"}]},{\"@type\":\"WebSite\",\"@id\":\"https:\\\/\\\/selvfiks.net\\\/reise\\\/#website\",\"url\":\"https:\\\/\\\/selvfiks.net\\\/reise\\\/\",\"name\":\"Selvfiks Reise\",\"description\":\"Enkelt, Billig Og Raskt\",\"publisher\":{\"@id\":\"https:\\\/\\\/selvfiks.net\\\/reise\\\/#organization\"},\"potentialAction\":[{\"@type\":\"SearchAction\",\"target\":{\"@type\":\"EntryPoint\",\"urlTemplate\":\"https:\\\/\\\/selvfiks.net\\\/reise\\\/?s={search_term_string}\"},\"query-input\":{\"@type\":\"PropertyValueSpecification\",\"valueRequired\":true,\"valueName\":\"search_term_string\"}}],\"inLanguage\":\"nb-NO\"},{\"@type\":\"Organization\",\"@id\":\"https:\\\/\\\/selvfiks.net\\\/reise\\\/#organization\",\"name\":\"Selvfiks Reise\",\"url\":\"https:\\\/\\\/selvfiks.net\\\/reise\\\/\",\"logo\":{\"@type\":\"ImageObject\",\"inLanguage\":\"nb-NO\",\"@id\":\"https:\\\/\\\/selvfiks.net\\\/reise\\\/#\\\/schema\\\/logo\\\/image\\\/\",\"url\":\"https:\\\/\\\/selvfiks.net\\\/reise\\\/wp-content\\\/uploads\\\/2018\\\/01\\\/selvvfiksreiselogo1.png\",\"contentUrl\":\"https:\\\/\\\/selvfiks.net\\\/reise\\\/wp-content\\\/uploads\\\/2018\\\/01\\\/selvvfiksreiselogo1.png\",\"width\":1028,\"height\":534,\"caption\":\"Selvfiks Reise\"},\"image\":{\"@id\":\"https:\\\/\\\/selvfiks.net\\\/reise\\\/#\\\/schema\\\/logo\\\/image\\\/\"}}]}<\/script>\n<!-- \/ Yoast SEO plugin. -->","yoast_head_json":{"title":"Om oss - Selvfiks Reise","description":"Selvfiks Reise sitt m\u00e5l er \u00e5 finne\u00a0 de billigste flybillettene og hotellene, slik at du kan bruke pengene p\u00e5 noe annet enn reisen og oppholdet.","robots":{"index":"index","follow":"follow","max-snippet":"max-snippet:-1","max-image-preview":"max-image-preview:large","max-video-preview":"max-video-preview:-1"},"canonical":"https:\/\/selvfiks.net\/reise\/om-oss\/","og_locale":"nb_NO","og_type":"article","og_title":"Om oss - Selvfiks Reise","og_description":"Selvfiks Reise sitt m\u00e5l er \u00e5 finne\u00a0 de billigste flybillettene og hotellene, slik at du kan bruke pengene p\u00e5 noe annet enn reisen og oppholdet.","og_url":"https:\/\/selvfiks.net\/reise\/om-oss\/","og_site_name":"Selvfiks Reise","article_modified_time":"2018-01-13T20:56:36+00:00","og_image":[{"url":"https:\/\/selvfiks.net\/reise\/wp-content\/uploads\/2018\/01\/selvvfiksreiselogo1-300x156.png","type":"","width":"","height":""}],"twitter_card":"summary_large_image","twitter_misc":{"Ansl. lesetid":"1 minutt"},"schema":{"@context":"https:\/\/schema.org","@graph":[{"@type":"WebPage","@id":"https:\/\/selvfiks.net\/reise\/om-oss\/","url":"https:\/\/selvfiks.net\/reise\/om-oss\/","name":"Om oss - Selvfiks Reise","isPartOf":{"@id":"https:\/\/selvfiks.net\/reise\/#website"},"primaryImageOfPage":{"@id":"https:\/\/selvfiks.net\/reise\/om-oss\/#primaryimage"},"image":{"@id":"https:\/\/selvfiks.net\/reise\/om-oss\/#primaryimage"},"thumbnailUrl":"https:\/\/selvfiks.net\/reise\/wp-content\/uploads\/2018\/01\/selvvfiksreiselogo1-300x156.png","datePublished":"2018-01-13T18:54:29+00:00","dateModified":"2018-01-13T20:56:36+00:00","description":"Selvfiks Reise sitt m\u00e5l er \u00e5 finne\u00a0 de billigste flybillettene og hotellene, slik at du kan bruke pengene p\u00e5 noe annet enn reisen og oppholdet.","breadcrumb":{"@id":"https:\/\/selvfiks.net\/reise\/om-oss\/#breadcrumb"},"inLanguage":"nb-NO","potentialAction":[{"@type":"ReadAction","target":["https:\/\/selvfiks.net\/reise\/om-oss\/"]}]},{"@type":"ImageObject","inLanguage":"nb-NO","@id":"https:\/\/selvfiks.net\/reise\/om-oss\/#primaryimage","url":"https:\/\/selvfiks.net\/reise\/wp-content\/uploads\/2018\/01\/selvvfiksreiselogo1.png","contentUrl":"https:\/\/selvfiks.net\/reise\/wp-content\/uploads\/2018\/01\/selvvfiksreiselogo1.png","width":1028,"height":534},{"@type":"BreadcrumbList","@id":"https:\/\/selvfiks.net\/reise\/om-oss\/#breadcrumb","itemListElement":[{"@type":"ListItem","position":1,"name":"Hjem","item":"https:\/\/selvfiks.net\/reise\/"},{"@type":"ListItem","position":2,"name":"Om oss"}]},{"@type":"WebSite","@id":"https:\/\/selvfiks.net\/reise\/#website","url":"https:\/\/selvfiks.net\/reise\/","name":"Selvfiks Reise","description":"Enkelt, Billig Og Raskt","publisher":{"@id":"https:\/\/selvfiks.net\/reise\/#organization"},"potentialAction":[{"@type":"SearchAction","target":{"@type":"EntryPoint","urlTemplate":"https:\/\/selvfiks.net\/reise\/?s={search_term_string}"},"query-input":{"@type":"PropertyValueSpecification","valueRequired":true,"valueName":"search_term_string"}}],"inLanguage":"nb-NO"},{"@type":"Organization","@id":"https:\/\/selvfiks.net\/reise\/#organization","name":"Selvfiks Reise","url":"https:\/\/selvfiks.net\/reise\/","logo":{"@type":"ImageObject","inLanguage":"nb-NO","@id":"https:\/\/selvfiks.net\/reise\/#\/schema\/logo\/image\/","url":"https:\/\/selvfiks.net\/reise\/wp-content\/uploads\/2018\/01\/selvvfiksreiselogo1.png","contentUrl":"https:\/\/selvfiks.net\/reise\/wp-content\/uploads\/2018\/01\/selvvfiksreiselogo1.png","width":1028,"height":534,"caption":"Selvfiks Reise"},"image":{"@id":"https:\/\/selvfiks.net\/reise\/#\/schema\/logo\/image\/"}}]}},"rttpg_featured_image_url":null,"rttpg_author":{"display_name":"selger","author_link":"https:\/\/selvfiks.net\/reise\/author\/selger\/"},"rttpg_comment":0,"rttpg_category":null,"rttpg_excerpt":"Selvfiks Reise er en tjeneste levert av Gartit Creative AS. BESTILL DIN NESTE REISE MED OSS: Selvfiks Reise sitt m\u00e5l er \u00e5 finne\u00a0 de billigste flybillettene og hotellene, slik at du kan bruke mest mulig penger p\u00e5 noe du vil, fremfor reisen og hotellet. Hvorfor velge oss? Vi mener det \u00e5 komme seg p\u00e5 ferie,&hellip;","_links":{"self":[{"href":"https:\/\/selvfiks.net\/reise\/wp-json\/wp\/v2\/pages\/35","targetHints":{"allow":["GET"]}}],"collection":[{"href":"https:\/\/selvfiks.net\/reise\/wp-json\/wp\/v2\/pages"}],"about":[{"href":"https:\/\/selvfiks.net\/reise\/wp-json\/wp\/v2\/types\/page"}],"author":[{"embeddable":true,"href":"https:\/\/selvfiks.net\/reise\/wp-json\/wp\/v2\/users\/1"}],"replies":[{"embeddable":true,"href":"https:\/\/selvfiks.net\/reise\/wp-json\/wp\/v2\/comments?post=35"}],"version-history":[{"count":5,"href":"https:\/\/selvfiks.net\/reise\/wp-json\/wp\/v2\/pages\/35\/revisions"}],"predecessor-version":[{"id":73,"href":"https:\/\/selvfiks.net\/reise\/wp-json\/wp\/v2\/pages\/35\/revisions\/73"}],"wp:attachment":[{"href":"https:\/\/selvfiks.net\/reise\/wp-json\/wp\/v2\/media?parent=35"}],"curies":[{"name":"wp","href":"https:\/\/api.w.org\/{rel}","templated":true}]}}