{"id":36,"date":"2018-01-13T19:54:29","date_gmt":"2018-01-13T18:54:29","guid":{"rendered":"https:\/\/selvfiks.net\/reise\/?page_id=36"},"modified":"2019-02-24T13:41:06","modified_gmt":"2019-02-24T12:41:06","slug":"kontakt-oss","status":"publish","type":"page","link":"https:\/\/selvfiks.net\/reise\/kontakt-oss\/","title":{"rendered":"Kontakt oss"},"content":{"rendered":"<h4><strong>\u00d8nsker du komme i kontakt med Selvfiks Reise?<\/strong><\/h4>\n<p>V\u00e6r vennlig \u00e5 fyll ut skjemaet under.<\/p>\n\n<div class=\"wpcf7 no-js\" id=\"wpcf7-f125-o1\" lang=\"nb-NO\" dir=\"ltr\" data-wpcf7-id=\"125\">\n<div class=\"screen-reader-response\"><p role=\"status\" aria-live=\"polite\" aria-atomic=\"true\"><\/p> <ul><\/ul><\/div>\n<form action=\"\/reise\/wp-json\/wp\/v2\/pages\/36#wpcf7-f125-o1\" method=\"post\" class=\"wpcf7-form init\" aria-label=\"Kontaktskjema\" novalidate=\"novalidate\" data-status=\"init\">\n<fieldset class=\"hidden-fields-container\"><input type=\"hidden\" name=\"_wpcf7\" value=\"125\" \/><input type=\"hidden\" name=\"_wpcf7_version\" value=\"6.1.5\" \/><input type=\"hidden\" name=\"_wpcf7_locale\" value=\"nb_NO\" \/><input type=\"hidden\" name=\"_wpcf7_unit_tag\" value=\"wpcf7-f125-o1\" \/><input type=\"hidden\" name=\"_wpcf7_container_post\" value=\"0\" \/><input type=\"hidden\" name=\"_wpcf7_posted_data_hash\" value=\"\" \/><input type=\"hidden\" name=\"_wpcf7_recaptcha_response\" value=\"\" \/>\n<\/fieldset>\n<p><label> Ditt navn (obligatorisk)<br \/>\n<span class=\"wpcf7-form-control-wrap\" data-name=\"your-name\"><input size=\"40\" maxlength=\"400\" class=\"wpcf7-form-control wpcf7-text wpcf7-validates-as-required\" aria-required=\"true\" aria-invalid=\"false\" value=\"\" type=\"text\" name=\"your-name\" \/><\/span> <\/label>\n<\/p>\n<p><label> E-post (obligatorisk)<br \/>\n<span class=\"wpcf7-form-control-wrap\" data-name=\"your-email\"><input size=\"40\" maxlength=\"400\" class=\"wpcf7-form-control wpcf7-email wpcf7-validates-as-required wpcf7-text wpcf7-validates-as-email\" aria-required=\"true\" aria-invalid=\"false\" value=\"\" type=\"email\" name=\"your-email\" \/><\/span> <\/label>\n<\/p>\n<p><label> Emne<br \/>\n<span class=\"wpcf7-form-control-wrap\" data-name=\"your-subject\"><input size=\"40\" maxlength=\"400\" class=\"wpcf7-form-control wpcf7-text\" aria-invalid=\"false\" value=\"\" type=\"text\" name=\"your-subject\" \/><\/span> <\/label>\n<\/p>\n<p><label> Melding<br \/>\n<span class=\"wpcf7-form-control-wrap\" data-name=\"your-message\"><textarea cols=\"40\" rows=\"10\" maxlength=\"2000\" class=\"wpcf7-form-control wpcf7-textarea\" aria-invalid=\"false\" name=\"your-message\"><\/textarea><\/span> <\/label>\n<\/p>\n<p><input class=\"wpcf7-form-control wpcf7-submit has-spinner\" type=\"submit\" value=\"Send\" \/>\n<\/p><div class=\"wpcf7-response-output\" aria-hidden=\"true\"><\/div>\n<\/form>\n<\/div>\n\n","protected":false},"excerpt":{"rendered":"<p>\u00d8nsker du komme i kontakt med Selvfiks Reise? V\u00e6r vennlig \u00e5 fyll ut skjemaet under.<\/p>\n","protected":false},"author":1,"featured_media":0,"parent":0,"menu_order":0,"comment_status":"closed","ping_status":"closed","template":"","meta":{"site-sidebar-layout":"default","site-content-layout":"","ast-site-content-layout":"default","site-content-style":"default","site-sidebar-style":"default","ast-global-header-display":"","ast-banner-title-visibility":"","ast-main-header-display":"","ast-hfb-above-header-display":"","ast-hfb-below-header-display":"","ast-hfb-mobile-header-display":"","site-post-title":"","ast-breadcrumbs-content":"","ast-featured-img":"","footer-sml-layout":"","ast-disable-related-posts":"","theme-transparent-header-meta":"","adv-header-id-meta":"","stick-header-meta":"","header-above-stick-meta":"","header-main-stick-meta":"","header-below-stick-meta":"","astra-migrate-meta-layouts":"default","ast-page-background-enabled":"default","ast-page-background-meta":{"desktop":{"background-color":"","background-image":"","background-repeat":"repeat","background-position":"center center","background-size":"auto","background-attachment":"scroll","background-type":"","background-media":"","overlay-type":"","overlay-color":"","overlay-opacity":"","overlay-gradient":""},"tablet":{"background-color":"","background-image":"","background-repeat":"repeat","background-position":"center center","background-size":"auto","background-attachment":"scroll","background-type":"","background-media":"","overlay-type":"","overlay-color":"","overlay-opacity":"","overlay-gradient":""},"mobile":{"background-color":"","background-image":"","background-repeat":"repeat","background-position":"center center","background-size":"auto","background-attachment":"scroll","background-type":"","background-media":"","overlay-type":"","overlay-color":"","overlay-opacity":"","overlay-gradient":""}},"ast-content-background-meta":{"desktop":{"background-color":"var(--ast-global-color-5)","background-image":"","background-repeat":"repeat","background-position":"center center","background-size":"auto","background-attachment":"scroll","background-type":"","background-media":"","overlay-type":"","overlay-color":"","overlay-opacity":"","overlay-gradient":""},"tablet":{"background-color":"var(--ast-global-color-5)","background-image":"","background-repeat":"repeat","background-position":"center center","background-size":"auto","background-attachment":"scroll","background-type":"","background-media":"","overlay-type":"","overlay-color":"","overlay-opacity":"","overlay-gradient":""},"mobile":{"background-color":"var(--ast-global-color-5)","background-image":"","background-repeat":"repeat","background-position":"center center","background-size":"auto","background-attachment":"scroll","background-type":"","background-media":"","overlay-type":"","overlay-color":"","overlay-opacity":"","overlay-gradient":""}},"iawp_total_views":3,"footnotes":""},"class_list":["post-36","page","type-page","status-publish","hentry"],"yoast_head":"<!-- This site is optimized with the Yoast SEO plugin v27.3 - https:\/\/yoast.com\/product\/yoast-seo-wordpress\/ -->\n<title>Kontakt oss - Selvfiks Reise<\/title>\n<meta name=\"description\" content=\"\u00d8nsker du komme i kontakt med Selvfiks Reise? V\u00e6r vennlig \u00e5 fyll ut skjemaet under.\" \/>\n<meta name=\"robots\" content=\"index, follow, max-snippet:-1, max-image-preview:large, max-video-preview:-1\" \/>\n<link rel=\"canonical\" href=\"https:\/\/selvfiks.net\/reise\/kontakt-oss\/\" \/>\n<meta property=\"og:locale\" content=\"nb_NO\" \/>\n<meta property=\"og:type\" content=\"article\" \/>\n<meta property=\"og:title\" content=\"Kontakt oss - Selvfiks Reise\" \/>\n<meta property=\"og:description\" content=\"\u00d8nsker du komme i kontakt med Selvfiks Reise? V\u00e6r vennlig \u00e5 fyll ut skjemaet under.\" \/>\n<meta property=\"og:url\" content=\"https:\/\/selvfiks.net\/reise\/kontakt-oss\/\" \/>\n<meta property=\"og:site_name\" content=\"Selvfiks Reise\" \/>\n<meta property=\"article:modified_time\" content=\"2019-02-24T12:41:06+00:00\" \/>\n<meta name=\"twitter:card\" content=\"summary_large_image\" \/>\n<script type=\"application\/ld+json\" class=\"yoast-schema-graph\">{\"@context\":\"https:\\\/\\\/schema.org\",\"@graph\":[{\"@type\":\"WebPage\",\"@id\":\"https:\\\/\\\/selvfiks.net\\\/reise\\\/kontakt-oss\\\/\",\"url\":\"https:\\\/\\\/selvfiks.net\\\/reise\\\/kontakt-oss\\\/\",\"name\":\"Kontakt oss - Selvfiks Reise\",\"isPartOf\":{\"@id\":\"https:\\\/\\\/selvfiks.net\\\/reise\\\/#website\"},\"datePublished\":\"2018-01-13T18:54:29+00:00\",\"dateModified\":\"2019-02-24T12:41:06+00:00\",\"description\":\"\u00d8nsker du komme i kontakt med Selvfiks Reise? V\u00e6r vennlig \u00e5 fyll ut skjemaet under.\",\"breadcrumb\":{\"@id\":\"https:\\\/\\\/selvfiks.net\\\/reise\\\/kontakt-oss\\\/#breadcrumb\"},\"inLanguage\":\"nb-NO\",\"potentialAction\":[{\"@type\":\"ReadAction\",\"target\":[\"https:\\\/\\\/selvfiks.net\\\/reise\\\/kontakt-oss\\\/\"]}]},{\"@type\":\"BreadcrumbList\",\"@id\":\"https:\\\/\\\/selvfiks.net\\\/reise\\\/kontakt-oss\\\/#breadcrumb\",\"itemListElement\":[{\"@type\":\"ListItem\",\"position\":1,\"name\":\"Hjem\",\"item\":\"https:\\\/\\\/selvfiks.net\\\/reise\\\/\"},{\"@type\":\"ListItem\",\"position\":2,\"name\":\"Kontakt oss\"}]},{\"@type\":\"WebSite\",\"@id\":\"https:\\\/\\\/selvfiks.net\\\/reise\\\/#website\",\"url\":\"https:\\\/\\\/selvfiks.net\\\/reise\\\/\",\"name\":\"Selvfiks Reise\",\"description\":\"Enkelt, Billig Og Raskt\",\"publisher\":{\"@id\":\"https:\\\/\\\/selvfiks.net\\\/reise\\\/#organization\"},\"potentialAction\":[{\"@type\":\"SearchAction\",\"target\":{\"@type\":\"EntryPoint\",\"urlTemplate\":\"https:\\\/\\\/selvfiks.net\\\/reise\\\/?s={search_term_string}\"},\"query-input\":{\"@type\":\"PropertyValueSpecification\",\"valueRequired\":true,\"valueName\":\"search_term_string\"}}],\"inLanguage\":\"nb-NO\"},{\"@type\":\"Organization\",\"@id\":\"https:\\\/\\\/selvfiks.net\\\/reise\\\/#organization\",\"name\":\"Selvfiks Reise\",\"url\":\"https:\\\/\\\/selvfiks.net\\\/reise\\\/\",\"logo\":{\"@type\":\"ImageObject\",\"inLanguage\":\"nb-NO\",\"@id\":\"https:\\\/\\\/selvfiks.net\\\/reise\\\/#\\\/schema\\\/logo\\\/image\\\/\",\"url\":\"https:\\\/\\\/selvfiks.net\\\/reise\\\/wp-content\\\/uploads\\\/2018\\\/01\\\/selvvfiksreiselogo1.png\",\"contentUrl\":\"https:\\\/\\\/selvfiks.net\\\/reise\\\/wp-content\\\/uploads\\\/2018\\\/01\\\/selvvfiksreiselogo1.png\",\"width\":1028,\"height\":534,\"caption\":\"Selvfiks Reise\"},\"image\":{\"@id\":\"https:\\\/\\\/selvfiks.net\\\/reise\\\/#\\\/schema\\\/logo\\\/image\\\/\"}}]}<\/script>\n<!-- \/ Yoast SEO plugin. -->","yoast_head_json":{"title":"Kontakt oss - Selvfiks Reise","description":"\u00d8nsker du komme i kontakt med Selvfiks Reise? V\u00e6r vennlig \u00e5 fyll ut skjemaet under.","robots":{"index":"index","follow":"follow","max-snippet":"max-snippet:-1","max-image-preview":"max-image-preview:large","max-video-preview":"max-video-preview:-1"},"canonical":"https:\/\/selvfiks.net\/reise\/kontakt-oss\/","og_locale":"nb_NO","og_type":"article","og_title":"Kontakt oss - Selvfiks Reise","og_description":"\u00d8nsker du komme i kontakt med Selvfiks Reise? V\u00e6r vennlig \u00e5 fyll ut skjemaet under.","og_url":"https:\/\/selvfiks.net\/reise\/kontakt-oss\/","og_site_name":"Selvfiks Reise","article_modified_time":"2019-02-24T12:41:06+00:00","twitter_card":"summary_large_image","schema":{"@context":"https:\/\/schema.org","@graph":[{"@type":"WebPage","@id":"https:\/\/selvfiks.net\/reise\/kontakt-oss\/","url":"https:\/\/selvfiks.net\/reise\/kontakt-oss\/","name":"Kontakt oss - Selvfiks Reise","isPartOf":{"@id":"https:\/\/selvfiks.net\/reise\/#website"},"datePublished":"2018-01-13T18:54:29+00:00","dateModified":"2019-02-24T12:41:06+00:00","description":"\u00d8nsker du komme i kontakt med Selvfiks Reise? V\u00e6r vennlig \u00e5 fyll ut skjemaet under.","breadcrumb":{"@id":"https:\/\/selvfiks.net\/reise\/kontakt-oss\/#breadcrumb"},"inLanguage":"nb-NO","potentialAction":[{"@type":"ReadAction","target":["https:\/\/selvfiks.net\/reise\/kontakt-oss\/"]}]},{"@type":"BreadcrumbList","@id":"https:\/\/selvfiks.net\/reise\/kontakt-oss\/#breadcrumb","itemListElement":[{"@type":"ListItem","position":1,"name":"Hjem","item":"https:\/\/selvfiks.net\/reise\/"},{"@type":"ListItem","position":2,"name":"Kontakt oss"}]},{"@type":"WebSite","@id":"https:\/\/selvfiks.net\/reise\/#website","url":"https:\/\/selvfiks.net\/reise\/","name":"Selvfiks Reise","description":"Enkelt, Billig Og Raskt","publisher":{"@id":"https:\/\/selvfiks.net\/reise\/#organization"},"potentialAction":[{"@type":"SearchAction","target":{"@type":"EntryPoint","urlTemplate":"https:\/\/selvfiks.net\/reise\/?s={search_term_string}"},"query-input":{"@type":"PropertyValueSpecification","valueRequired":true,"valueName":"search_term_string"}}],"inLanguage":"nb-NO"},{"@type":"Organization","@id":"https:\/\/selvfiks.net\/reise\/#organization","name":"Selvfiks Reise","url":"https:\/\/selvfiks.net\/reise\/","logo":{"@type":"ImageObject","inLanguage":"nb-NO","@id":"https:\/\/selvfiks.net\/reise\/#\/schema\/logo\/image\/","url":"https:\/\/selvfiks.net\/reise\/wp-content\/uploads\/2018\/01\/selvvfiksreiselogo1.png","contentUrl":"https:\/\/selvfiks.net\/reise\/wp-content\/uploads\/2018\/01\/selvvfiksreiselogo1.png","width":1028,"height":534,"caption":"Selvfiks Reise"},"image":{"@id":"https:\/\/selvfiks.net\/reise\/#\/schema\/logo\/image\/"}}]}},"rttpg_featured_image_url":null,"rttpg_author":{"display_name":"selger","author_link":"https:\/\/selvfiks.net\/reise\/author\/selger\/"},"rttpg_comment":0,"rttpg_category":null,"rttpg_excerpt":"\u00d8nsker du komme i kontakt med Selvfiks Reise? V\u00e6r vennlig \u00e5 fyll ut skjemaet under.","_links":{"self":[{"href":"https:\/\/selvfiks.net\/reise\/wp-json\/wp\/v2\/pages\/36","targetHints":{"allow":["GET"]}}],"collection":[{"href":"https:\/\/selvfiks.net\/reise\/wp-json\/wp\/v2\/pages"}],"about":[{"href":"https:\/\/selvfiks.net\/reise\/wp-json\/wp\/v2\/types\/page"}],"author":[{"embeddable":true,"href":"https:\/\/selvfiks.net\/reise\/wp-json\/wp\/v2\/users\/1"}],"replies":[{"embeddable":true,"href":"https:\/\/selvfiks.net\/reise\/wp-json\/wp\/v2\/comments?post=36"}],"version-history":[{"count":4,"href":"https:\/\/selvfiks.net\/reise\/wp-json\/wp\/v2\/pages\/36\/revisions"}],"predecessor-version":[{"id":126,"href":"https:\/\/selvfiks.net\/reise\/wp-json\/wp\/v2\/pages\/36\/revisions\/126"}],"wp:attachment":[{"href":"https:\/\/selvfiks.net\/reise\/wp-json\/wp\/v2\/media?parent=36"}],"curies":[{"name":"wp","href":"https:\/\/api.w.org\/{rel}","templated":true}]}}