{"id":75,"date":"2018-01-14T18:33:38","date_gmt":"2018-01-14T17:33:38","guid":{"rendered":"https:\/\/selvfiks.net\/reise\/?page_id=75"},"modified":"2018-01-14T18:35:44","modified_gmt":"2018-01-14T17:35:44","slug":"selvfiks-reiseapp","status":"publish","type":"page","link":"https:\/\/selvfiks.net\/reise\/selvfiks-reiseapp\/","title":{"rendered":"Selvfiks ReiseApp"},"content":{"rendered":"<p style=\"text-align: center;\">Selvfiks Reise sitt slagord er Enkelt, Billig og Raskt. Dette pr\u00f8ver vi \u00e5 etterleve s\u00e5 godt vi kan.<\/p>\n<p style=\"text-align: center;\">Og hva er enklere og raskere \u00e5 finne billige billetter p\u00e5 enn en <a href=\"https:\/\/nn.wikipedia.org\/wiki\/App\" target=\"_blank\" rel=\"noopener\">ReiseApp<\/a> p\u00e5 din telefon?!<\/p>\n<p style=\"text-align: center;\">Vi st\u00f8tter forel\u00f8pig kun IOS systemer. ReiseApp kan lastes ned gjennom App Store.<br \/>\nHar du ikke IOS, kan du fortsatt bruke Selvfiks Reise p\u00e5 din mobiltelefon. V\u00e5r nettside er tilpasser seg din enhet.<br \/>\n<a href=\"https:\/\/selvfiks.net\/reise\/book-din-reise\/\">Book din neste reise her<\/a><\/p>\n<h4 style=\"text-align: center;\"><strong>Du kan laste ned Selvfiks ReiseApp p\u00e5 din Iphone eller Ipad ved \u00e5 trykke p\u00e5 ikonet under:<\/strong><\/h4>\n<p><a href=\"http:\/\/booking.selvfiks.net\/app\/ios\/\" target=\"_blank\" rel=\"noopener\"><img decoding=\"async\" class=\"size-medium wp-image-77 aligncenter\" src=\"https:\/\/selvfiks.net\/reise\/wp-content\/uploads\/2018\/01\/app-store-black-300x99.png\" alt=\"\" width=\"300\" height=\"99\" srcset=\"https:\/\/selvfiks.net\/reise\/wp-content\/uploads\/2018\/01\/app-store-black-300x99.png 300w, https:\/\/selvfiks.net\/reise\/wp-content\/uploads\/2018\/01\/app-store-black-768x253.png 768w, https:\/\/selvfiks.net\/reise\/wp-content\/uploads\/2018\/01\/app-store-black.png 808w\" sizes=\"(max-width: 300px) 100vw, 300px\" \/><\/a><\/p>\n","protected":false},"excerpt":{"rendered":"<p>Selvfiks Reise sitt slagord er Enkelt, Billig og Raskt. Dette pr\u00f8ver vi \u00e5 etterleve s\u00e5 godt vi kan. Og hva er enklere og raskere \u00e5 finne billige billetter p\u00e5 enn en ReiseApp p\u00e5 din telefon?! Vi st\u00f8tter forel\u00f8pig kun IOS systemer. ReiseApp kan lastes ned gjennom App Store. Har du ikke IOS, kan du fortsatt [&hellip;]<\/p>\n","protected":false},"author":1,"featured_media":0,"parent":0,"menu_order":0,"comment_status":"closed","ping_status":"closed","template":"","meta":{"site-sidebar-layout":"default","site-content-layout":"","ast-site-content-layout":"default","site-content-style":"default","site-sidebar-style":"default","ast-global-header-display":"","ast-banner-title-visibility":"","ast-main-header-display":"","ast-hfb-above-header-display":"","ast-hfb-below-header-display":"","ast-hfb-mobile-header-display":"","site-post-title":"","ast-breadcrumbs-content":"","ast-featured-img":"","footer-sml-layout":"","ast-disable-related-posts":"","theme-transparent-header-meta":"","adv-header-id-meta":"","stick-header-meta":"","header-above-stick-meta":"","header-main-stick-meta":"","header-below-stick-meta":"","astra-migrate-meta-layouts":"default","ast-page-background-enabled":"default","ast-page-background-meta":{"desktop":{"background-color":"","background-image":"","background-repeat":"repeat","background-position":"center center","background-size":"auto","background-attachment":"scroll","background-type":"","background-media":"","overlay-type":"","overlay-color":"","overlay-opacity":"","overlay-gradient":""},"tablet":{"background-color":"","background-image":"","background-repeat":"repeat","background-position":"center center","background-size":"auto","background-attachment":"scroll","background-type":"","background-media":"","overlay-type":"","overlay-color":"","overlay-opacity":"","overlay-gradient":""},"mobile":{"background-color":"","background-image":"","background-repeat":"repeat","background-position":"center center","background-size":"auto","background-attachment":"scroll","background-type":"","background-media":"","overlay-type":"","overlay-color":"","overlay-opacity":"","overlay-gradient":""}},"ast-content-background-meta":{"desktop":{"background-color":"var(--ast-global-color-5)","background-image":"","background-repeat":"repeat","background-position":"center center","background-size":"auto","background-attachment":"scroll","background-type":"","background-media":"","overlay-type":"","overlay-color":"","overlay-opacity":"","overlay-gradient":""},"tablet":{"background-color":"var(--ast-global-color-5)","background-image":"","background-repeat":"repeat","background-position":"center center","background-size":"auto","background-attachment":"scroll","background-type":"","background-media":"","overlay-type":"","overlay-color":"","overlay-opacity":"","overlay-gradient":""},"mobile":{"background-color":"var(--ast-global-color-5)","background-image":"","background-repeat":"repeat","background-position":"center center","background-size":"auto","background-attachment":"scroll","background-type":"","background-media":"","overlay-type":"","overlay-color":"","overlay-opacity":"","overlay-gradient":""}},"iawp_total_views":1,"footnotes":""},"class_list":["post-75","page","type-page","status-publish","hentry"],"yoast_head":"<!-- This site is optimized with the Yoast SEO plugin v27.3 - https:\/\/yoast.com\/product\/yoast-seo-wordpress\/ -->\n<title>Selvfiks ReiseApp - Selvfiks Reise<\/title>\n<meta name=\"description\" content=\"Selvfiks Reise sitt slagord er Enkelt, Billig og Raskt. Dette pr\u00f8ver vi \u00e5 etterleve s\u00e5 godt vi kan. Og hva er enklere og raskere \u00e5 finne billige billetter p\u00e5 enn en ReiseApp p\u00e5 din telefon?!\" \/>\n<meta name=\"robots\" content=\"index, follow, max-snippet:-1, max-image-preview:large, max-video-preview:-1\" \/>\n<link rel=\"canonical\" href=\"https:\/\/selvfiks.net\/reise\/selvfiks-reiseapp\/\" \/>\n<meta property=\"og:locale\" content=\"nb_NO\" \/>\n<meta property=\"og:type\" content=\"article\" \/>\n<meta property=\"og:title\" content=\"Selvfiks ReiseApp - Selvfiks Reise\" \/>\n<meta property=\"og:description\" content=\"Selvfiks Reise sitt slagord er Enkelt, Billig og Raskt. Dette pr\u00f8ver vi \u00e5 etterleve s\u00e5 godt vi kan. Og hva er enklere og raskere \u00e5 finne billige billetter p\u00e5 enn en ReiseApp p\u00e5 din telefon?!\" \/>\n<meta property=\"og:url\" content=\"https:\/\/selvfiks.net\/reise\/selvfiks-reiseapp\/\" \/>\n<meta property=\"og:site_name\" content=\"Selvfiks Reise\" \/>\n<meta property=\"article:modified_time\" content=\"2018-01-14T17:35:44+00:00\" \/>\n<meta property=\"og:image\" content=\"https:\/\/selvfiks.net\/reise\/wp-content\/uploads\/2018\/01\/app-store-black-300x99.png\" \/>\n<meta name=\"twitter:card\" content=\"summary_large_image\" \/>\n<script type=\"application\/ld+json\" class=\"yoast-schema-graph\">{\"@context\":\"https:\\\/\\\/schema.org\",\"@graph\":[{\"@type\":\"WebPage\",\"@id\":\"https:\\\/\\\/selvfiks.net\\\/reise\\\/selvfiks-reiseapp\\\/\",\"url\":\"https:\\\/\\\/selvfiks.net\\\/reise\\\/selvfiks-reiseapp\\\/\",\"name\":\"Selvfiks ReiseApp - Selvfiks Reise\",\"isPartOf\":{\"@id\":\"https:\\\/\\\/selvfiks.net\\\/reise\\\/#website\"},\"primaryImageOfPage\":{\"@id\":\"https:\\\/\\\/selvfiks.net\\\/reise\\\/selvfiks-reiseapp\\\/#primaryimage\"},\"image\":{\"@id\":\"https:\\\/\\\/selvfiks.net\\\/reise\\\/selvfiks-reiseapp\\\/#primaryimage\"},\"thumbnailUrl\":\"https:\\\/\\\/selvfiks.net\\\/reise\\\/wp-content\\\/uploads\\\/2018\\\/01\\\/app-store-black-300x99.png\",\"datePublished\":\"2018-01-14T17:33:38+00:00\",\"dateModified\":\"2018-01-14T17:35:44+00:00\",\"description\":\"Selvfiks Reise sitt slagord er Enkelt, Billig og Raskt. Dette pr\u00f8ver vi \u00e5 etterleve s\u00e5 godt vi kan. Og hva er enklere og raskere \u00e5 finne billige billetter p\u00e5 enn en ReiseApp p\u00e5 din telefon?!\",\"breadcrumb\":{\"@id\":\"https:\\\/\\\/selvfiks.net\\\/reise\\\/selvfiks-reiseapp\\\/#breadcrumb\"},\"inLanguage\":\"nb-NO\",\"potentialAction\":[{\"@type\":\"ReadAction\",\"target\":[\"https:\\\/\\\/selvfiks.net\\\/reise\\\/selvfiks-reiseapp\\\/\"]}]},{\"@type\":\"ImageObject\",\"inLanguage\":\"nb-NO\",\"@id\":\"https:\\\/\\\/selvfiks.net\\\/reise\\\/selvfiks-reiseapp\\\/#primaryimage\",\"url\":\"https:\\\/\\\/selvfiks.net\\\/reise\\\/wp-content\\\/uploads\\\/2018\\\/01\\\/app-store-black.png\",\"contentUrl\":\"https:\\\/\\\/selvfiks.net\\\/reise\\\/wp-content\\\/uploads\\\/2018\\\/01\\\/app-store-black.png\",\"width\":808,\"height\":266},{\"@type\":\"BreadcrumbList\",\"@id\":\"https:\\\/\\\/selvfiks.net\\\/reise\\\/selvfiks-reiseapp\\\/#breadcrumb\",\"itemListElement\":[{\"@type\":\"ListItem\",\"position\":1,\"name\":\"Hjem\",\"item\":\"https:\\\/\\\/selvfiks.net\\\/reise\\\/\"},{\"@type\":\"ListItem\",\"position\":2,\"name\":\"Selvfiks ReiseApp\"}]},{\"@type\":\"WebSite\",\"@id\":\"https:\\\/\\\/selvfiks.net\\\/reise\\\/#website\",\"url\":\"https:\\\/\\\/selvfiks.net\\\/reise\\\/\",\"name\":\"Selvfiks Reise\",\"description\":\"Enkelt, Billig Og Raskt\",\"publisher\":{\"@id\":\"https:\\\/\\\/selvfiks.net\\\/reise\\\/#organization\"},\"potentialAction\":[{\"@type\":\"SearchAction\",\"target\":{\"@type\":\"EntryPoint\",\"urlTemplate\":\"https:\\\/\\\/selvfiks.net\\\/reise\\\/?s={search_term_string}\"},\"query-input\":{\"@type\":\"PropertyValueSpecification\",\"valueRequired\":true,\"valueName\":\"search_term_string\"}}],\"inLanguage\":\"nb-NO\"},{\"@type\":\"Organization\",\"@id\":\"https:\\\/\\\/selvfiks.net\\\/reise\\\/#organization\",\"name\":\"Selvfiks Reise\",\"url\":\"https:\\\/\\\/selvfiks.net\\\/reise\\\/\",\"logo\":{\"@type\":\"ImageObject\",\"inLanguage\":\"nb-NO\",\"@id\":\"https:\\\/\\\/selvfiks.net\\\/reise\\\/#\\\/schema\\\/logo\\\/image\\\/\",\"url\":\"https:\\\/\\\/selvfiks.net\\\/reise\\\/wp-content\\\/uploads\\\/2018\\\/01\\\/selvvfiksreiselogo1.png\",\"contentUrl\":\"https:\\\/\\\/selvfiks.net\\\/reise\\\/wp-content\\\/uploads\\\/2018\\\/01\\\/selvvfiksreiselogo1.png\",\"width\":1028,\"height\":534,\"caption\":\"Selvfiks Reise\"},\"image\":{\"@id\":\"https:\\\/\\\/selvfiks.net\\\/reise\\\/#\\\/schema\\\/logo\\\/image\\\/\"}}]}<\/script>\n<!-- \/ Yoast SEO plugin. -->","yoast_head_json":{"title":"Selvfiks ReiseApp - Selvfiks Reise","description":"Selvfiks Reise sitt slagord er Enkelt, Billig og Raskt. Dette pr\u00f8ver vi \u00e5 etterleve s\u00e5 godt vi kan. Og hva er enklere og raskere \u00e5 finne billige billetter p\u00e5 enn en ReiseApp p\u00e5 din telefon?!","robots":{"index":"index","follow":"follow","max-snippet":"max-snippet:-1","max-image-preview":"max-image-preview:large","max-video-preview":"max-video-preview:-1"},"canonical":"https:\/\/selvfiks.net\/reise\/selvfiks-reiseapp\/","og_locale":"nb_NO","og_type":"article","og_title":"Selvfiks ReiseApp - Selvfiks Reise","og_description":"Selvfiks Reise sitt slagord er Enkelt, Billig og Raskt. Dette pr\u00f8ver vi \u00e5 etterleve s\u00e5 godt vi kan. Og hva er enklere og raskere \u00e5 finne billige billetter p\u00e5 enn en ReiseApp p\u00e5 din telefon?!","og_url":"https:\/\/selvfiks.net\/reise\/selvfiks-reiseapp\/","og_site_name":"Selvfiks Reise","article_modified_time":"2018-01-14T17:35:44+00:00","og_image":[{"url":"https:\/\/selvfiks.net\/reise\/wp-content\/uploads\/2018\/01\/app-store-black-300x99.png","type":"","width":"","height":""}],"twitter_card":"summary_large_image","schema":{"@context":"https:\/\/schema.org","@graph":[{"@type":"WebPage","@id":"https:\/\/selvfiks.net\/reise\/selvfiks-reiseapp\/","url":"https:\/\/selvfiks.net\/reise\/selvfiks-reiseapp\/","name":"Selvfiks ReiseApp - Selvfiks Reise","isPartOf":{"@id":"https:\/\/selvfiks.net\/reise\/#website"},"primaryImageOfPage":{"@id":"https:\/\/selvfiks.net\/reise\/selvfiks-reiseapp\/#primaryimage"},"image":{"@id":"https:\/\/selvfiks.net\/reise\/selvfiks-reiseapp\/#primaryimage"},"thumbnailUrl":"https:\/\/selvfiks.net\/reise\/wp-content\/uploads\/2018\/01\/app-store-black-300x99.png","datePublished":"2018-01-14T17:33:38+00:00","dateModified":"2018-01-14T17:35:44+00:00","description":"Selvfiks Reise sitt slagord er Enkelt, Billig og Raskt. Dette pr\u00f8ver vi \u00e5 etterleve s\u00e5 godt vi kan. Og hva er enklere og raskere \u00e5 finne billige billetter p\u00e5 enn en ReiseApp p\u00e5 din telefon?!","breadcrumb":{"@id":"https:\/\/selvfiks.net\/reise\/selvfiks-reiseapp\/#breadcrumb"},"inLanguage":"nb-NO","potentialAction":[{"@type":"ReadAction","target":["https:\/\/selvfiks.net\/reise\/selvfiks-reiseapp\/"]}]},{"@type":"ImageObject","inLanguage":"nb-NO","@id":"https:\/\/selvfiks.net\/reise\/selvfiks-reiseapp\/#primaryimage","url":"https:\/\/selvfiks.net\/reise\/wp-content\/uploads\/2018\/01\/app-store-black.png","contentUrl":"https:\/\/selvfiks.net\/reise\/wp-content\/uploads\/2018\/01\/app-store-black.png","width":808,"height":266},{"@type":"BreadcrumbList","@id":"https:\/\/selvfiks.net\/reise\/selvfiks-reiseapp\/#breadcrumb","itemListElement":[{"@type":"ListItem","position":1,"name":"Hjem","item":"https:\/\/selvfiks.net\/reise\/"},{"@type":"ListItem","position":2,"name":"Selvfiks ReiseApp"}]},{"@type":"WebSite","@id":"https:\/\/selvfiks.net\/reise\/#website","url":"https:\/\/selvfiks.net\/reise\/","name":"Selvfiks Reise","description":"Enkelt, Billig Og Raskt","publisher":{"@id":"https:\/\/selvfiks.net\/reise\/#organization"},"potentialAction":[{"@type":"SearchAction","target":{"@type":"EntryPoint","urlTemplate":"https:\/\/selvfiks.net\/reise\/?s={search_term_string}"},"query-input":{"@type":"PropertyValueSpecification","valueRequired":true,"valueName":"search_term_string"}}],"inLanguage":"nb-NO"},{"@type":"Organization","@id":"https:\/\/selvfiks.net\/reise\/#organization","name":"Selvfiks Reise","url":"https:\/\/selvfiks.net\/reise\/","logo":{"@type":"ImageObject","inLanguage":"nb-NO","@id":"https:\/\/selvfiks.net\/reise\/#\/schema\/logo\/image\/","url":"https:\/\/selvfiks.net\/reise\/wp-content\/uploads\/2018\/01\/selvvfiksreiselogo1.png","contentUrl":"https:\/\/selvfiks.net\/reise\/wp-content\/uploads\/2018\/01\/selvvfiksreiselogo1.png","width":1028,"height":534,"caption":"Selvfiks Reise"},"image":{"@id":"https:\/\/selvfiks.net\/reise\/#\/schema\/logo\/image\/"}}]}},"rttpg_featured_image_url":null,"rttpg_author":{"display_name":"selger","author_link":"https:\/\/selvfiks.net\/reise\/author\/selger\/"},"rttpg_comment":0,"rttpg_category":null,"rttpg_excerpt":"Selvfiks Reise sitt slagord er Enkelt, Billig og Raskt. Dette pr\u00f8ver vi \u00e5 etterleve s\u00e5 godt vi kan. Og hva er enklere og raskere \u00e5 finne billige billetter p\u00e5 enn en ReiseApp p\u00e5 din telefon?! Vi st\u00f8tter forel\u00f8pig kun IOS systemer. ReiseApp kan lastes ned gjennom App Store. Har du ikke IOS, kan du fortsatt&hellip;","_links":{"self":[{"href":"https:\/\/selvfiks.net\/reise\/wp-json\/wp\/v2\/pages\/75","targetHints":{"allow":["GET"]}}],"collection":[{"href":"https:\/\/selvfiks.net\/reise\/wp-json\/wp\/v2\/pages"}],"about":[{"href":"https:\/\/selvfiks.net\/reise\/wp-json\/wp\/v2\/types\/page"}],"author":[{"embeddable":true,"href":"https:\/\/selvfiks.net\/reise\/wp-json\/wp\/v2\/users\/1"}],"replies":[{"embeddable":true,"href":"https:\/\/selvfiks.net\/reise\/wp-json\/wp\/v2\/comments?post=75"}],"version-history":[{"count":2,"href":"https:\/\/selvfiks.net\/reise\/wp-json\/wp\/v2\/pages\/75\/revisions"}],"predecessor-version":[{"id":79,"href":"https:\/\/selvfiks.net\/reise\/wp-json\/wp\/v2\/pages\/75\/revisions\/79"}],"wp:attachment":[{"href":"https:\/\/selvfiks.net\/reise\/wp-json\/wp\/v2\/media?parent=75"}],"curies":[{"name":"wp","href":"https:\/\/api.w.org\/{rel}","templated":true}]}}